{"id":37184,"date":"2021-09-28T10:00:30","date_gmt":"2021-09-28T10:00:30","guid":{"rendered":"https:\/\/www.headshop.nl\/?post_type=product&#038;p=37184"},"modified":"2022-06-27T08:06:36","modified_gmt":"2022-06-27T08:06:36","slug":"venicon-for-women","status":"publish","type":"product","link":"https:\/\/www.headshop.nl\/pt\/venicon-for-women\/","title":{"rendered":"Venicon para mulheres"},"content":{"rendered":"<h2 class=\"product_title entry-title\">Venicon Comprimidos sexuais para mulheres<\/h2>\n<p>Durante d\u00e9cadas, o prazer sexual feminino foi negligenciado pela maioria das pessoas. Porqu\u00ea? Ningu\u00e9m parece realmente saber! Com os brinquedos sexuais para casais a tomar conta do quarto e uma nova gera\u00e7\u00e3o focada em explorar a sua sexualidade sem vergonha, isto j\u00e1 n\u00e3o \u00e9 um problema. De facto, est\u00e1 na altura de as mulheres tomarem o assunto nas suas pr\u00f3prias m\u00e3os com Venicon for Women. Esta poderosa p\u00edlula dar-lhe-\u00e1 confian\u00e7a no seu corpo e na sua vida sexual - para n\u00e3o falar do aumento do fluxo sangu\u00edneo, da satisfa\u00e7\u00e3o e do prazer de cada experi\u00eancia!<\/p>\n<p>Este \u00e9 um produto fant\u00e1stico que pode servir como a sua pr\u00f3xima grande emo\u00e7\u00e3o. Saiba que todos estes ingredientes foram concebidos para estimular o prazer sexual em todos os pontos poss\u00edveis. Picante e doce com muito licor - esta po\u00e7\u00e3o m\u00e1gica pode ajudar a libertar mais do que apenas o seu lado selvagem!<\/p>","protected":false},"excerpt":{"rendered":"<p>A sa\u00fade e a felicidade da sua vida sexual s\u00e3o importantes, e \u00e9 por isso que oferecemos um novo produto no mercado. O Venicon para mulheres utiliza ingredientes totalmente naturais de todo o mundo para ajudar a criar o ambiente, assegurando ao mesmo tempo que se sente confort\u00e1vel fisicamente. Desfrute da explos\u00e3o de lux\u00faria que \u00e9 o Venicon!<\/p>","protected":false},"featured_media":37153,"template":"","meta":[],"product_brand":[],"product_cat":[395,297,705,384],"product_tag":[],"class_list":{"0":"post-37184","1":"product","2":"type-product","3":"status-publish","4":"has-post-thumbnail","6":"product_cat-aphrodisiacs","7":"product_cat-all-products","8":"product_cat-sex-shop","9":"product_cat-smartshop","11":"first","12":"instock","13":"taxable","14":"shipping-taxable","15":"purchasable","16":"product-type-simple"},"_links":{"self":[{"href":"https:\/\/www.headshop.nl\/pt\/wp-json\/wp\/v2\/product\/37184","targetHints":{"allow":["GET"]}}],"collection":[{"href":"https:\/\/www.headshop.nl\/pt\/wp-json\/wp\/v2\/product"}],"about":[{"href":"https:\/\/www.headshop.nl\/pt\/wp-json\/wp\/v2\/types\/product"}],"wp:featuredmedia":[{"embeddable":true,"href":"https:\/\/www.headshop.nl\/pt\/wp-json\/wp\/v2\/media\/37153"}],"wp:attachment":[{"href":"https:\/\/www.headshop.nl\/pt\/wp-json\/wp\/v2\/media?parent=37184"}],"wp:term":[{"taxonomy":"product_brand","embeddable":true,"href":"https:\/\/www.headshop.nl\/pt\/wp-json\/wp\/v2\/product_brand?post=37184"},{"taxonomy":"product_cat","embeddable":true,"href":"https:\/\/www.headshop.nl\/pt\/wp-json\/wp\/v2\/product_cat?post=37184"},{"taxonomy":"product_tag","embeddable":true,"href":"https:\/\/www.headshop.nl\/pt\/wp-json\/wp\/v2\/product_tag?post=37184"}],"curies":[{"name":"wp","href":"https:\/\/api.w.org\/{rel}","templated":true}]}}