{"id":37182,"date":"2021-09-28T09:55:38","date_gmt":"2021-09-28T09:55:38","guid":{"rendered":"https:\/\/www.headshop.nl\/?post_type=product&#038;p=37182"},"modified":"2023-12-04T07:26:30","modified_gmt":"2023-12-04T07:26:30","slug":"camagra-for-women","status":"publish","type":"product","link":"https:\/\/www.headshop.nl\/pt\/camagra-for-women\/","title":{"rendered":"Camagra para mulheres"},"content":{"rendered":"<h2 class=\"product_title entry-title\">Camagra Comprimidos sexuais para mulheres<\/h2>\n<p>Agora \u00e9s a estrela do espet\u00e1culo com o Camagra para mulher! Prepare-se para gritar o nome dele, porque agora o seu corpo est\u00e1 pronto para aproveitar cada cent\u00edmetro! Com cada toque, o seu prazer \u00e9 amplificado e intensificado. N\u00e3o \u00e9 isso que quer?<\/p>\n<p>Camagra for Women \u00e9 um estimulante sexual \u00e0 base de plantas super eficaz que ajuda a aumentar a probabilidade de um orgasmo intenso durante o sexo! A f\u00f3rmula org\u00e2nica estimula naturalmente o fluxo sangu\u00edneo er\u00f3geno, tornando-a sens\u00edvel e excitada. Suavemente, mas muito profundamente, estar\u00e1 a gemer de prazer \u00e0 medida que a sua excita\u00e7\u00e3o se acumula dentro de si.<\/p>","protected":false},"excerpt":{"rendered":"<p>Desde o in\u00edcio do Camagra for Women, tem sido um dos estimulantes sexuais naturais mais populares para mulheres. A f\u00f3rmula \u00e0 base de plantas \u00e9 uma forma inteligente e inovadora de obter mais prazer do que nunca no sexo com o seu parceiro ou apenas no seu tempo livre!<\/p>","protected":false},"featured_media":37149,"template":"","meta":[],"product_brand":[],"product_cat":[395,297,705,384],"product_tag":[],"class_list":{"0":"post-37182","1":"product","2":"type-product","3":"status-publish","4":"has-post-thumbnail","6":"product_cat-aphrodisiacs","7":"product_cat-all-products","8":"product_cat-sex-shop","9":"product_cat-smartshop","11":"first","12":"instock","13":"taxable","14":"shipping-taxable","15":"purchasable","16":"product-type-simple"},"_links":{"self":[{"href":"https:\/\/www.headshop.nl\/pt\/wp-json\/wp\/v2\/product\/37182","targetHints":{"allow":["GET"]}}],"collection":[{"href":"https:\/\/www.headshop.nl\/pt\/wp-json\/wp\/v2\/product"}],"about":[{"href":"https:\/\/www.headshop.nl\/pt\/wp-json\/wp\/v2\/types\/product"}],"wp:featuredmedia":[{"embeddable":true,"href":"https:\/\/www.headshop.nl\/pt\/wp-json\/wp\/v2\/media\/37149"}],"wp:attachment":[{"href":"https:\/\/www.headshop.nl\/pt\/wp-json\/wp\/v2\/media?parent=37182"}],"wp:term":[{"taxonomy":"product_brand","embeddable":true,"href":"https:\/\/www.headshop.nl\/pt\/wp-json\/wp\/v2\/product_brand?post=37182"},{"taxonomy":"product_cat","embeddable":true,"href":"https:\/\/www.headshop.nl\/pt\/wp-json\/wp\/v2\/product_cat?post=37182"},{"taxonomy":"product_tag","embeddable":true,"href":"https:\/\/www.headshop.nl\/pt\/wp-json\/wp\/v2\/product_tag?post=37182"}],"curies":[{"name":"wp","href":"https:\/\/api.w.org\/{rel}","templated":true}]}}