{"id":37180,"date":"2021-09-28T09:52:14","date_gmt":"2021-09-28T09:52:14","guid":{"rendered":"https:\/\/www.headshop.nl\/?post_type=product&#038;p=37180"},"modified":"2023-12-04T07:26:41","modified_gmt":"2023-12-04T07:26:41","slug":"camagra-for-men","status":"publish","type":"product","link":"https:\/\/www.headshop.nl\/pt\/camagra-for-men\/","title":{"rendered":"Camagra para Men"},"content":{"rendered":"<h2 class=\"product_title entry-title\">Camagra Comprimidos sexuais para Men<\/h2>\n<p>Quer levar a sua vida amorosa para o pr\u00f3ximo n\u00edvel? Talvez esteja a sentir que h\u00e1 algo que n\u00e3o est\u00e1 bem, mas que lhe escapa. O que \u00e9 que pode estar a faltar? Bem, os estudos mostram que um desejo sexual saud\u00e1vel \u00e9 essencial tanto para os homens como para as mulheres - quem \u00e9 que quer uma sess\u00e3o de quarto insatisfat\u00f3ria? A nossa recomenda\u00e7\u00e3o pessoal: Camagra para Men!<\/p>\n<p>Pode ajudar a evitar a disfun\u00e7\u00e3o er\u00e9til e ir\u00e1 aumentar a sua libido para que desfrute da experi\u00eancia mais do que nunca. Com a ingest\u00e3o cuidadosa destes ingredientes simples, o fluxo sangu\u00edneo em todo o corpo aumentar\u00e1, bem como o relaxamento mental. O resultado: melhor desempenho e satisfa\u00e7\u00e3o sexual, finalmente!<\/p>\n<p>Se o que procura \u00e9 uma maior intimidade, fa\u00e7a um favor a si pr\u00f3prio e comece a utilizar o Camagra.<\/p>","protected":false},"excerpt":{"rendered":"<p>Chegou a altura de tomar o assunto nas suas pr\u00f3prias m\u00e3os. Saber o que fazer para obter o melhor nunca foi t\u00e3o f\u00e1cil! Este produto ajudar\u00e1 o seu corpo, a sua mente e a sua libido a trabalharem em conjunto de forma mais eficiente para que possa ter uma experi\u00eancia fant\u00e1stica sem quaisquer problemas!<\/p>","protected":false},"featured_media":37155,"template":"","meta":[],"product_brand":[],"product_cat":[395,297,705,384],"product_tag":[],"class_list":{"0":"post-37180","1":"product","2":"type-product","3":"status-publish","4":"has-post-thumbnail","6":"product_cat-aphrodisiacs","7":"product_cat-all-products","8":"product_cat-sex-shop","9":"product_cat-smartshop","11":"first","12":"instock","13":"taxable","14":"shipping-taxable","15":"purchasable","16":"product-type-simple"},"_links":{"self":[{"href":"https:\/\/www.headshop.nl\/pt\/wp-json\/wp\/v2\/product\/37180","targetHints":{"allow":["GET"]}}],"collection":[{"href":"https:\/\/www.headshop.nl\/pt\/wp-json\/wp\/v2\/product"}],"about":[{"href":"https:\/\/www.headshop.nl\/pt\/wp-json\/wp\/v2\/types\/product"}],"wp:featuredmedia":[{"embeddable":true,"href":"https:\/\/www.headshop.nl\/pt\/wp-json\/wp\/v2\/media\/37155"}],"wp:attachment":[{"href":"https:\/\/www.headshop.nl\/pt\/wp-json\/wp\/v2\/media?parent=37180"}],"wp:term":[{"taxonomy":"product_brand","embeddable":true,"href":"https:\/\/www.headshop.nl\/pt\/wp-json\/wp\/v2\/product_brand?post=37180"},{"taxonomy":"product_cat","embeddable":true,"href":"https:\/\/www.headshop.nl\/pt\/wp-json\/wp\/v2\/product_cat?post=37180"},{"taxonomy":"product_tag","embeddable":true,"href":"https:\/\/www.headshop.nl\/pt\/wp-json\/wp\/v2\/product_tag?post=37180"}],"curies":[{"name":"wp","href":"https:\/\/api.w.org\/{rel}","templated":true}]}}