{"id":37178,"date":"2021-09-28T09:23:59","date_gmt":"2021-09-28T09:23:59","guid":{"rendered":"https:\/\/www.headshop.nl\/?post_type=product&#038;p=37178"},"modified":"2022-06-27T08:07:38","modified_gmt":"2022-06-27T08:07:38","slug":"black-stone-spray","status":"publish","type":"product","link":"https:\/\/www.headshop.nl\/pt\/black-stone-spray\/","title":{"rendered":"Black Stone Spray"},"content":{"rendered":"<h2 class=\"product_title entry-title\">Black Stone Spray<\/h2>\n<p>Quer seja um jovem que quer ter a certeza de que pode durar mais tempo, um cavalheiro mais velho que procura recuperar a juventude da sua proeza sexual, ou mesmo algu\u00e9m com disfun\u00e7\u00e3o er\u00e9til - este spray pode ser exatamente o que tem procurado. Black Stone Spray \u00e9 perfeito para homens que querem us\u00e1-lo apenas quando precisam e maximizar cada minuto, aumentando o seu n\u00edvel de sensibilidade durante esses minutos.<\/p>\n<p>Os criadores do Black Stone Spray t\u00eam tudo o que precisa, independentemente do tempo que queira passar a fazer o trabalho. As pessoas adoram ter rela\u00e7\u00f5es sexuais duradouras e este spray permite-lhes fazer isso mesmo, pois ajuda-as a retardar o orgasmo. O spray \u00e9 100% natural e seguro para utiliza\u00e7\u00e3o nas zonas \u00edntimas, por isso, de que est\u00e1 \u00e0 espera? Experimente este produto hoje mesmo!<\/p>","protected":false},"excerpt":{"rendered":"<p>\u00c9 como ter uma chave de reserva para durar o tempo que quiser. Com esta solu\u00e7\u00e3o altamente eficaz e totalmente natural, pode abrandar as coisas, seja qual for a situa\u00e7\u00e3o! Basta aplic\u00e1-lo no seu eixo ou no seu monte antes de as coisas aquecerem para que tenha um cl\u00edmax ainda mais forte no momento certo!<\/p>","protected":false},"featured_media":37159,"template":"","meta":[],"product_brand":[],"product_cat":[395,297,705,384],"product_tag":[],"class_list":{"0":"post-37178","1":"product","2":"type-product","3":"status-publish","4":"has-post-thumbnail","6":"product_cat-aphrodisiacs","7":"product_cat-all-products","8":"product_cat-sex-shop","9":"product_cat-smartshop","11":"first","12":"instock","13":"taxable","14":"shipping-taxable","15":"purchasable","16":"product-type-simple"},"_links":{"self":[{"href":"https:\/\/www.headshop.nl\/pt\/wp-json\/wp\/v2\/product\/37178","targetHints":{"allow":["GET"]}}],"collection":[{"href":"https:\/\/www.headshop.nl\/pt\/wp-json\/wp\/v2\/product"}],"about":[{"href":"https:\/\/www.headshop.nl\/pt\/wp-json\/wp\/v2\/types\/product"}],"wp:featuredmedia":[{"embeddable":true,"href":"https:\/\/www.headshop.nl\/pt\/wp-json\/wp\/v2\/media\/37159"}],"wp:attachment":[{"href":"https:\/\/www.headshop.nl\/pt\/wp-json\/wp\/v2\/media?parent=37178"}],"wp:term":[{"taxonomy":"product_brand","embeddable":true,"href":"https:\/\/www.headshop.nl\/pt\/wp-json\/wp\/v2\/product_brand?post=37178"},{"taxonomy":"product_cat","embeddable":true,"href":"https:\/\/www.headshop.nl\/pt\/wp-json\/wp\/v2\/product_cat?post=37178"},{"taxonomy":"product_tag","embeddable":true,"href":"https:\/\/www.headshop.nl\/pt\/wp-json\/wp\/v2\/product_tag?post=37178"}],"curies":[{"name":"wp","href":"https:\/\/api.w.org\/{rel}","templated":true}]}}