{"id":37049,"date":"2021-09-28T08:00:47","date_gmt":"2021-09-28T08:00:47","guid":{"rendered":"https:\/\/www.headshop.nl\/?post_type=product&#038;p=37049"},"modified":"2025-10-24T01:26:16","modified_gmt":"2025-10-24T01:26:16","slug":"spanish-fly-sex-drops","status":"publish","type":"product","link":"https:\/\/www.headshop.nl\/pt\/spanish-fly-sex-drops\/","title":{"rendered":"Spanish Fly Sex Drops"},"content":{"rendered":"<h2>Spanish Fly Sex Drops<\/h2>\n<p>Spanish Fly \u00e9 a po\u00e7\u00e3o do amor mais popular dispon\u00edvel atualmente e ocupa um lugar especial na hist\u00f3ria como um dos afrodis\u00edacos mais antigos registados. Com o Spanish Fly ao seu lado, vai sentir-se excitado, confiante e pronto para enfrentar tudo o que existe sob o sol.<\/p>\n<p>Est\u00e1 na altura de mudar o seu status quo sexual e come\u00e7ar a ter melhor sexo do que alguma vez poderia ter sonhado. Spanish Fly Sex Drops \u00e9 o afrodis\u00edaco natural alternativo perfeito - transformar\u00e1 a forma como v\u00ea as coisas no quarto e evitar\u00e1 que a sua rela\u00e7\u00e3o se desmorone antes mesmo de ter a oportunidade de come\u00e7ar.<\/p>","protected":false},"excerpt":{"rendered":"<p>A f\u00f3rmula do Spanish Fly Sex Drops \u00e9 simples mas muito eficaz. Adicione uma pequena gota deste potenciador da libido \u00e0 sua bebida e \u00e0 do seu parceiro e veja as suas reac\u00e7\u00f5es mudarem para melhor! Adicione a raspa no topo da sua bebida favorita para apimentar a sua noite!<\/p>","protected":false},"featured_media":37064,"template":"","meta":[],"product_brand":[],"product_cat":[395,297,705,384,625,718],"product_tag":[],"class_list":{"0":"post-37049","1":"product","2":"type-product","3":"status-publish","4":"has-post-thumbnail","6":"product_cat-aphrodisiacs","7":"product_cat-all-products","8":"product_cat-sex-shop","9":"product_cat-smartshop","10":"product_cat-smartshop-top-10","11":"product_cat-spanish-fly","13":"first","14":"instock","15":"taxable","16":"shipping-taxable","17":"purchasable","18":"product-type-simple"},"_links":{"self":[{"href":"https:\/\/www.headshop.nl\/pt\/wp-json\/wp\/v2\/product\/37049","targetHints":{"allow":["GET"]}}],"collection":[{"href":"https:\/\/www.headshop.nl\/pt\/wp-json\/wp\/v2\/product"}],"about":[{"href":"https:\/\/www.headshop.nl\/pt\/wp-json\/wp\/v2\/types\/product"}],"wp:featuredmedia":[{"embeddable":true,"href":"https:\/\/www.headshop.nl\/pt\/wp-json\/wp\/v2\/media\/37064"}],"wp:attachment":[{"href":"https:\/\/www.headshop.nl\/pt\/wp-json\/wp\/v2\/media?parent=37049"}],"wp:term":[{"taxonomy":"product_brand","embeddable":true,"href":"https:\/\/www.headshop.nl\/pt\/wp-json\/wp\/v2\/product_brand?post=37049"},{"taxonomy":"product_cat","embeddable":true,"href":"https:\/\/www.headshop.nl\/pt\/wp-json\/wp\/v2\/product_cat?post=37049"},{"taxonomy":"product_tag","embeddable":true,"href":"https:\/\/www.headshop.nl\/pt\/wp-json\/wp\/v2\/product_tag?post=37049"}],"curies":[{"name":"wp","href":"https:\/\/api.w.org\/{rel}","templated":true}]}}