{"id":37038,"date":"2021-09-28T07:38:27","date_gmt":"2021-09-28T07:38:27","guid":{"rendered":"https:\/\/www.headshop.nl\/?post_type=product&#038;p=37038"},"modified":"2022-06-27T08:07:53","modified_gmt":"2022-06-27T08:07:53","slug":"rush-herbal-popper","status":"publish","type":"product","link":"https:\/\/www.headshop.nl\/pt\/rush-herbal-popper\/","title":{"rendered":"Rush Herbal Popper"},"content":{"rendered":"<h2 class=\"product_title entry-title\">Rush Herbal Popper<\/h2>\n<p>H\u00e1 muitas maneiras de usar este popper de ervas. Se est\u00e1 apenas a explorar o mundo do sexo anal, relaxe os seus esf\u00edncteres antecipadamente para uma experi\u00eancia mais confort\u00e1vel com menos tens\u00e3o nos m\u00fasculos. Este produto vai facilitar-lhe a vida!<\/p>\n<p>Tamb\u00e9m \u00e9 perfeito se quiser manter-se duro durante o sexo - relaxa o p\u00e9nis rapidamente e garante que qualquer problema de ere\u00e7\u00e3o possa ser resolvido imediatamente com um esguicho r\u00e1pido! Al\u00e9m disso, a sensa\u00e7\u00e3o de zumbido \u00e9 um fant\u00e1stico estimulante do humor, mesmo que as coisas n\u00e3o estejam a correr bem na cama. A melhor parte? Este popper \u00e9 puramente \u00e0 base de plantas, pelo que a sua venda continua a ser legal!<\/p>","protected":false},"excerpt":{"rendered":"<p>O amor est\u00e1 em todo o lado, \u00e0 espera de ser aberto. Por isso, n\u00e3o hesite mais! Apresse-se para uma experi\u00eancia que \u00e9 simultaneamente relaxante e explosiva. Este popper de ervas aumenta a dura\u00e7\u00e3o da vossa sess\u00e3o de amor, garantindo que t\u00eam um pouco mais de tempo para se explorarem um ao outro, tentarem novas posi\u00e7\u00f5es, testarem fantasias divertidas!<\/p>","protected":false},"featured_media":37129,"template":"","meta":[],"product_brand":[],"product_cat":[395,297,705,384],"product_tag":[],"class_list":{"0":"post-37038","1":"product","2":"type-product","3":"status-publish","4":"has-post-thumbnail","6":"product_cat-aphrodisiacs","7":"product_cat-all-products","8":"product_cat-sex-shop","9":"product_cat-smartshop","11":"first","12":"instock","13":"taxable","14":"shipping-taxable","15":"purchasable","16":"product-type-simple"},"_links":{"self":[{"href":"https:\/\/www.headshop.nl\/pt\/wp-json\/wp\/v2\/product\/37038","targetHints":{"allow":["GET"]}}],"collection":[{"href":"https:\/\/www.headshop.nl\/pt\/wp-json\/wp\/v2\/product"}],"about":[{"href":"https:\/\/www.headshop.nl\/pt\/wp-json\/wp\/v2\/types\/product"}],"wp:featuredmedia":[{"embeddable":true,"href":"https:\/\/www.headshop.nl\/pt\/wp-json\/wp\/v2\/media\/37129"}],"wp:attachment":[{"href":"https:\/\/www.headshop.nl\/pt\/wp-json\/wp\/v2\/media?parent=37038"}],"wp:term":[{"taxonomy":"product_brand","embeddable":true,"href":"https:\/\/www.headshop.nl\/pt\/wp-json\/wp\/v2\/product_brand?post=37038"},{"taxonomy":"product_cat","embeddable":true,"href":"https:\/\/www.headshop.nl\/pt\/wp-json\/wp\/v2\/product_cat?post=37038"},{"taxonomy":"product_tag","embeddable":true,"href":"https:\/\/www.headshop.nl\/pt\/wp-json\/wp\/v2\/product_tag?post=37038"}],"curies":[{"name":"wp","href":"https:\/\/api.w.org\/{rel}","templated":true}]}}