{"id":36852,"date":"2021-09-27T07:50:55","date_gmt":"2021-09-27T07:50:55","guid":{"rendered":"https:\/\/www.headshop.nl\/?post_type=product&#038;p=36852"},"modified":"2024-09-23T11:28:48","modified_gmt":"2024-09-23T11:28:48","slug":"mdma-purity-drug-test","status":"publish","type":"product","link":"https:\/\/www.headshop.nl\/pt\/mdma-purity-drug-test\/","title":{"rendered":"MDMA Purity Drug Test"},"content":{"rendered":"<h2><span data-sheets-value=\"{&quot;1&quot;:2,&quot;2&quot;:&quot;MDMA Purity Drug Test&quot;}\" data-sheets-userformat=\"{&quot;2&quot;:4739,&quot;3&quot;:{&quot;1&quot;:0},&quot;4&quot;:{&quot;1&quot;:2,&quot;2&quot;:15389148},&quot;10&quot;:2,&quot;12&quot;:0,&quot;15&quot;:&quot;Arial&quot;}\">MDMA Purity Drug Test<\/span> do EZ Test<\/h2>\n<p>H\u00e1 sempre curiosidade sobre a legitimidade das suas drogas, mas n\u00e3o deve ser assim t\u00e3o dif\u00edcil dizer se pode confiar no que est\u00e1 a tomar. Especialmente quando se usa algo como o teste de drogas de pureza MDMA da EZ Test. Certifique-se de que est\u00e1 seguro e n\u00e3o arrependido!<\/p>\n<p>O EZ Test \u00e9 um kit de teste de drogas preciso e fi\u00e1vel que \u00e9 seguro de utilizar. Diga adeus \u00e0 incerteza e diga ol\u00e1 \u00e0 certeza absoluta! O EZ Test dir-lhe-\u00e1 se a amostra cont\u00e9m o que deseja. N\u00e3o confie mais em palavras, confie na qu\u00edmica e nos factos!<\/p>\n<p>&nbsp;<\/p>","protected":false},"excerpt":{"rendered":"<p>J\u00e1 estiveste numa situa\u00e7\u00e3o em que precisavas de saber a resposta: a minha amostra de MDMA cont\u00e9m o que eu desejo? Bem, se sim, este teste de drogas \u00e9 para si! Simples e preciso, pode ajudar-te a relaxar mais, pois ter\u00e1s a certeza da qualidade da droga!<\/p>","protected":false},"featured_media":36960,"template":"","meta":[],"product_brand":[],"product_cat":[387,297,384],"product_tag":[],"class_list":{"0":"post-36852","1":"product","2":"type-product","3":"status-publish","4":"has-post-thumbnail","6":"product_cat-drugtests","7":"product_cat-all-products","8":"product_cat-smartshop","9":"product_shipping_class-creditcard-on","11":"first","12":"instock","13":"taxable","14":"shipping-taxable","15":"purchasable","16":"product-type-variable","17":"has-default-attributes"},"_links":{"self":[{"href":"https:\/\/www.headshop.nl\/pt\/wp-json\/wp\/v2\/product\/36852","targetHints":{"allow":["GET"]}}],"collection":[{"href":"https:\/\/www.headshop.nl\/pt\/wp-json\/wp\/v2\/product"}],"about":[{"href":"https:\/\/www.headshop.nl\/pt\/wp-json\/wp\/v2\/types\/product"}],"wp:featuredmedia":[{"embeddable":true,"href":"https:\/\/www.headshop.nl\/pt\/wp-json\/wp\/v2\/media\/36960"}],"wp:attachment":[{"href":"https:\/\/www.headshop.nl\/pt\/wp-json\/wp\/v2\/media?parent=36852"}],"wp:term":[{"taxonomy":"product_brand","embeddable":true,"href":"https:\/\/www.headshop.nl\/pt\/wp-json\/wp\/v2\/product_brand?post=36852"},{"taxonomy":"product_cat","embeddable":true,"href":"https:\/\/www.headshop.nl\/pt\/wp-json\/wp\/v2\/product_cat?post=36852"},{"taxonomy":"product_tag","embeddable":true,"href":"https:\/\/www.headshop.nl\/pt\/wp-json\/wp\/v2\/product_tag?post=36852"}],"curies":[{"name":"wp","href":"https:\/\/api.w.org\/{rel}","templated":true}]}}