{"id":36851,"date":"2021-09-27T07:50:55","date_gmt":"2021-09-27T07:50:55","guid":{"rendered":"https:\/\/www.headshop.nl\/?post_type=product&#038;p=36851"},"modified":"2024-09-23T11:28:47","modified_gmt":"2024-09-23T11:28:47","slug":"opiates-drug-test","status":"publish","type":"product","link":"https:\/\/www.headshop.nl\/pt\/opiates-drug-test\/","title":{"rendered":"Opiates Drug Test"},"content":{"rendered":"<h2><span data-sheets-value=\"{&quot;1&quot;:2,&quot;2&quot;:&quot;Opiates Drug Test&quot;}\" data-sheets-userformat=\"{&quot;2&quot;:4995,&quot;3&quot;:{&quot;1&quot;:0},&quot;4&quot;:{&quot;1&quot;:2,&quot;2&quot;:16043212},&quot;10&quot;:2,&quot;11&quot;:4,&quot;12&quot;:0,&quot;15&quot;:&quot;Arial&quot;}\">Opiates Drug Test<\/span> do EZ Test<\/h2>\n<p>Prepare-se para dizer adeus a qualquer incerteza no que diz respeito \u00e0 sua amostra. Com um teste de drogas caseiro f\u00e1cil de usar e preciso, nunca mais precisar\u00e1 de mais ningu\u00e9m (ou de mais nada). Confie em si pr\u00f3prio com este kit de teste inovador, discreto e simples da EZ Test!<\/p>\n<p>&nbsp;<\/p>","protected":false},"excerpt":{"rendered":"<p>Tem d\u00favidas sobre o que est\u00e1 a tomar? N\u00e3o se confunda mais! Um novo kit de teste de drogas, especificamente concebido para satisfazer as suas necessidades. Este \u00e9 um kit de teste dom\u00e9stico preciso e simples de usar que pode ajudar a garantir uma coisa: a sua amostra cont\u00e9m o que deseja. V\u00e1 em frente e sinta-se muito mais seguro com os nossos kits de teste de drogas da EZ Test!<\/p>","protected":false},"featured_media":36955,"template":"","meta":[],"product_brand":[],"product_cat":[387,297,384],"product_tag":[],"class_list":{"0":"post-36851","1":"product","2":"type-product","3":"status-publish","4":"has-post-thumbnail","6":"product_cat-drugtests","7":"product_cat-all-products","8":"product_cat-smartshop","9":"product_shipping_class-creditcard-on","11":"first","12":"instock","13":"taxable","14":"shipping-taxable","15":"purchasable","16":"product-type-variable","17":"has-default-attributes"},"_links":{"self":[{"href":"https:\/\/www.headshop.nl\/pt\/wp-json\/wp\/v2\/product\/36851","targetHints":{"allow":["GET"]}}],"collection":[{"href":"https:\/\/www.headshop.nl\/pt\/wp-json\/wp\/v2\/product"}],"about":[{"href":"https:\/\/www.headshop.nl\/pt\/wp-json\/wp\/v2\/types\/product"}],"wp:featuredmedia":[{"embeddable":true,"href":"https:\/\/www.headshop.nl\/pt\/wp-json\/wp\/v2\/media\/36955"}],"wp:attachment":[{"href":"https:\/\/www.headshop.nl\/pt\/wp-json\/wp\/v2\/media?parent=36851"}],"wp:term":[{"taxonomy":"product_brand","embeddable":true,"href":"https:\/\/www.headshop.nl\/pt\/wp-json\/wp\/v2\/product_brand?post=36851"},{"taxonomy":"product_cat","embeddable":true,"href":"https:\/\/www.headshop.nl\/pt\/wp-json\/wp\/v2\/product_cat?post=36851"},{"taxonomy":"product_tag","embeddable":true,"href":"https:\/\/www.headshop.nl\/pt\/wp-json\/wp\/v2\/product_tag?post=36851"}],"curies":[{"name":"wp","href":"https:\/\/api.w.org\/{rel}","templated":true}]}}