{"id":36850,"date":"2021-09-27T07:50:55","date_gmt":"2021-09-27T07:50:55","guid":{"rendered":"https:\/\/www.headshop.nl\/?post_type=product&#038;p=36850"},"modified":"2025-09-08T01:26:17","modified_gmt":"2025-09-08T01:26:17","slug":"synthetic-cannabinoids-k2-spice-drug-test","status":"publish","type":"product","link":"https:\/\/www.headshop.nl\/pt\/synthetic-cannabinoids-k2-spice-drug-test\/","title":{"rendered":"Synthetic Cannabinoids, K2 Spice Drug Test"},"content":{"rendered":"<h2>Synthetic Cannabinoids, K2 Spice Drug Test da EZ Test<\/h2>\n<p>Certifique-se de que sabe sempre o que est\u00e1 a fumar. Utilize o teste de drogas EZ Test Synthetic Materials Cannabinoids, K2 Spice para ter a certeza de que a sua amostra cont\u00e9m exatamente o que deseja - os resultados exactos garantem uma coisa:<br \/>\nexatamente o que cont\u00e9m. \u00c9 simples e seguro, por isso v\u00e1 em frente e utilize todos os nossos produtos hoje mesmo! Merece ferramentas precisas e fi\u00e1veis para uma an\u00e1lise r\u00e1pida e f\u00e1cil de amostras que contenham as subst\u00e2ncias desejadas.<\/p>\n<p>K2 Spice pode parecer uma droga alternativa inofensiva, mas qualquer canabin\u00f3ide sint\u00e9tico pode ser perigoso. Tome a decis\u00e3o informada para garantir a sua seguran\u00e7a com um kit de teste de drogas caseiro f\u00e1cil de usar da EZ Test. Esta \u00e9 a sua melhor escolha para obter resultados seguros e exactos!<\/p>","protected":false},"excerpt":{"rendered":"<p>Por vezes, \u00e9 preciso ter a certeza.<br \/>\nCom o Synthetic Cannabinoids, K2 Spice Drug Test da EZ Test, a equipa da EZ Tests tornou f\u00e1cil e seguro descobrir se o que est\u00e1 a colocar no seu corpo \u00e9 realmente o que quer que seja. N\u00e3o importa se quer ter a certeza sobre coisas como \"Hash Oil\" ou se quer a confirma\u00e7\u00e3o de que \"Hash\", n\u00f3s podemos ajudar!<\/p>","protected":false},"featured_media":36951,"template":"","meta":[],"product_brand":[],"product_cat":[387,297,384],"product_tag":[],"class_list":{"0":"post-36850","1":"product","2":"type-product","3":"status-publish","4":"has-post-thumbnail","6":"product_cat-drugtests","7":"product_cat-all-products","8":"product_cat-smartshop","9":"product_shipping_class-creditcard-on","11":"first","12":"instock","13":"taxable","14":"shipping-taxable","15":"purchasable","16":"product-type-variable","17":"has-default-attributes"},"_links":{"self":[{"href":"https:\/\/www.headshop.nl\/pt\/wp-json\/wp\/v2\/product\/36850","targetHints":{"allow":["GET"]}}],"collection":[{"href":"https:\/\/www.headshop.nl\/pt\/wp-json\/wp\/v2\/product"}],"about":[{"href":"https:\/\/www.headshop.nl\/pt\/wp-json\/wp\/v2\/types\/product"}],"wp:featuredmedia":[{"embeddable":true,"href":"https:\/\/www.headshop.nl\/pt\/wp-json\/wp\/v2\/media\/36951"}],"wp:attachment":[{"href":"https:\/\/www.headshop.nl\/pt\/wp-json\/wp\/v2\/media?parent=36850"}],"wp:term":[{"taxonomy":"product_brand","embeddable":true,"href":"https:\/\/www.headshop.nl\/pt\/wp-json\/wp\/v2\/product_brand?post=36850"},{"taxonomy":"product_cat","embeddable":true,"href":"https:\/\/www.headshop.nl\/pt\/wp-json\/wp\/v2\/product_cat?post=36850"},{"taxonomy":"product_tag","embeddable":true,"href":"https:\/\/www.headshop.nl\/pt\/wp-json\/wp\/v2\/product_tag?post=36850"}],"curies":[{"name":"wp","href":"https:\/\/api.w.org\/{rel}","templated":true}]}}