{"id":36844,"date":"2021-09-27T07:50:52","date_gmt":"2021-09-27T07:50:52","guid":{"rendered":"https:\/\/www.headshop.nl\/?post_type=product&#038;p=36844"},"modified":"2024-10-17T09:24:27","modified_gmt":"2024-10-17T09:24:27","slug":"ghb-drug-test","status":"publish","type":"product","link":"https:\/\/www.headshop.nl\/pt\/ghb-drug-test\/","title":{"rendered":"GHB Drug Test"},"content":{"rendered":"<h2>GHB Drug Test da EZ Test<\/h2>\n<p>Saiba com certeza que a sua amostra \u00e9 o que pretende com este kit de teste de drogas. \u00c9 seguro, fi\u00e1vel e preciso.<\/p>\n<p>Com instru\u00e7\u00f5es simples sobre a utiliza\u00e7\u00e3o dos kits de teste, para que todos se sintam confort\u00e1veis a utiliz\u00e1-los, uma obriga\u00e7\u00e3o se precisar de confiar na sua amostra!<\/p>\n<p>&nbsp;<\/p>","protected":false},"excerpt":{"rendered":"<p>Para quem quer testar o que est\u00e1 a tomar, est\u00e1 dispon\u00edvel um kit de teste dom\u00e9stico preciso. O GHB Drug Test da EZ Test d\u00e1-lhe paz de esp\u00edrito para que saiba que a sua amostra cont\u00e9m apenas o elemento desejado. \u00c9 bastante simples de utilizar e preciso, n\u00e3o h\u00e1 nada melhor do que sentir-se mais seguro sabendo exatamente o que est\u00e1 a colocar no seu corpo!<\/p>","protected":false},"featured_media":36962,"template":"","meta":[],"product_brand":[],"product_cat":[387,297,384],"product_tag":[],"class_list":{"0":"post-36844","1":"product","2":"type-product","3":"status-publish","4":"has-post-thumbnail","6":"product_cat-drugtests","7":"product_cat-all-products","8":"product_cat-smartshop","9":"product_shipping_class-creditcard-on","11":"first","12":"instock","13":"taxable","14":"shipping-taxable","15":"purchasable","16":"product-type-variable","17":"has-default-attributes"},"_links":{"self":[{"href":"https:\/\/www.headshop.nl\/pt\/wp-json\/wp\/v2\/product\/36844","targetHints":{"allow":["GET"]}}],"collection":[{"href":"https:\/\/www.headshop.nl\/pt\/wp-json\/wp\/v2\/product"}],"about":[{"href":"https:\/\/www.headshop.nl\/pt\/wp-json\/wp\/v2\/types\/product"}],"wp:featuredmedia":[{"embeddable":true,"href":"https:\/\/www.headshop.nl\/pt\/wp-json\/wp\/v2\/media\/36962"}],"wp:attachment":[{"href":"https:\/\/www.headshop.nl\/pt\/wp-json\/wp\/v2\/media?parent=36844"}],"wp:term":[{"taxonomy":"product_brand","embeddable":true,"href":"https:\/\/www.headshop.nl\/pt\/wp-json\/wp\/v2\/product_brand?post=36844"},{"taxonomy":"product_cat","embeddable":true,"href":"https:\/\/www.headshop.nl\/pt\/wp-json\/wp\/v2\/product_cat?post=36844"},{"taxonomy":"product_tag","embeddable":true,"href":"https:\/\/www.headshop.nl\/pt\/wp-json\/wp\/v2\/product_tag?post=36844"}],"curies":[{"name":"wp","href":"https:\/\/api.w.org\/{rel}","templated":true}]}}