{"id":36827,"date":"2021-09-27T07:50:44","date_gmt":"2021-09-27T07:50:44","guid":{"rendered":"https:\/\/www.headshop.nl\/?post_type=product&#038;p=36827"},"modified":"2024-09-23T11:28:51","modified_gmt":"2024-09-23T11:28:51","slug":"bath-salts-drug-test","status":"publish","type":"product","link":"https:\/\/www.headshop.nl\/pt\/bath-salts-drug-test\/","title":{"rendered":"Bath Salts Drug Test"},"content":{"rendered":"<h2>Bath Salts Drug Test da EZ Test<\/h2>\n<p>O Bath Salts Drug Test da EZ Test \u00e9 um teste de drogas caseiro simples para ver a sua \"amostra\" como ela realmente \u00e9. Quer seja falsa ou de alta qualidade, os resultados ser\u00e3o mostrados com reac\u00e7\u00f5es de cor r\u00e1pidas e f\u00e1ceis que s\u00e3o claras como o dia. Para aqueles que querem ter alguma paz de esp\u00edrito antes de tomar qualquer subst\u00e2ncia - esta \u00e9 a solu\u00e7\u00e3o perfeita!<\/p>\n<p>&nbsp;<\/p>","protected":false},"excerpt":{"rendered":"<p>Fa\u00e7a este teste caseiro simples e preciso da EZ Test para descobrir o que se passa com a amostra de droga que tem. O teste de drogas nunca foi t\u00e3o f\u00e1cil e r\u00e1pido, sem laborat\u00f3rio, apenas aqui e agora!<\/p>","protected":false},"featured_media":36923,"template":"","meta":[],"product_brand":[],"product_cat":[387,297,384],"product_tag":[],"class_list":{"0":"post-36827","1":"product","2":"type-product","3":"status-publish","4":"has-post-thumbnail","6":"product_cat-drugtests","7":"product_cat-all-products","8":"product_cat-smartshop","9":"product_shipping_class-creditcard-on","11":"first","12":"instock","13":"taxable","14":"shipping-taxable","15":"purchasable","16":"product-type-variable","17":"has-default-attributes"},"_links":{"self":[{"href":"https:\/\/www.headshop.nl\/pt\/wp-json\/wp\/v2\/product\/36827","targetHints":{"allow":["GET"]}}],"collection":[{"href":"https:\/\/www.headshop.nl\/pt\/wp-json\/wp\/v2\/product"}],"about":[{"href":"https:\/\/www.headshop.nl\/pt\/wp-json\/wp\/v2\/types\/product"}],"wp:featuredmedia":[{"embeddable":true,"href":"https:\/\/www.headshop.nl\/pt\/wp-json\/wp\/v2\/media\/36923"}],"wp:attachment":[{"href":"https:\/\/www.headshop.nl\/pt\/wp-json\/wp\/v2\/media?parent=36827"}],"wp:term":[{"taxonomy":"product_brand","embeddable":true,"href":"https:\/\/www.headshop.nl\/pt\/wp-json\/wp\/v2\/product_brand?post=36827"},{"taxonomy":"product_cat","embeddable":true,"href":"https:\/\/www.headshop.nl\/pt\/wp-json\/wp\/v2\/product_cat?post=36827"},{"taxonomy":"product_tag","embeddable":true,"href":"https:\/\/www.headshop.nl\/pt\/wp-json\/wp\/v2\/product_tag?post=36827"}],"curies":[{"name":"wp","href":"https:\/\/api.w.org\/{rel}","templated":true}]}}