{"id":36803,"date":"2021-09-27T07:50:31","date_gmt":"2021-09-27T07:50:31","guid":{"rendered":"https:\/\/www.headshop.nl\/?post_type=product&#038;p=36803"},"modified":"2024-09-23T11:28:54","modified_gmt":"2024-09-23T11:28:54","slug":"lsd-drug-test","status":"publish","type":"product","link":"https:\/\/www.headshop.nl\/pt\/lsd-drug-test\/","title":{"rendered":"LSD Drug Test"},"content":{"rendered":"<h2>LSD Drug Test da EZ Test<\/h2>\n<p>Mantenha a sua festa de fim de semana o mais fant\u00e1stica poss\u00edvel! Utilize o LSD Drug Test da EZ Test para se certificar de que sabe no que se est\u00e1 a meter. Os kits de teste de drogas em casa para resultados simples e r\u00e1pidos, que s\u00e3o f\u00e1ceis e seguros de usar, manter\u00e3o a sua cabe\u00e7a no lugar certo e far\u00e3o com que se sinta seguro.<\/p>\n<p>A coisa perfeita para qualquer animal de festa curioso, este teste \u00e9 uma obriga\u00e7\u00e3o para qualquer um ter o melhor tempo. A paz de esp\u00edrito nunca foi t\u00e3o divertida - adquira o seu hoje mesmo!<\/p>\n<p>&nbsp;<\/p>","protected":false},"excerpt":{"rendered":"<p>Quer sentir-se confiante sobre o que est\u00e1 a tomar? N\u00e3o adivinhe, teste! O EZ Tests LSD Drug Test \u00e9 um kit de teste de drogas preciso e acess\u00edvel que pode identificar com precis\u00e3o se a sua amostra tem ou n\u00e3o o que deseja. Desfrute da seguran\u00e7a de saber exatamente o que est\u00e1 a colocar no seu corpo com os kits de teste dom\u00e9sticos f\u00e1ceis de utilizar da EZ Test.<\/p>","protected":false},"featured_media":36908,"template":"","meta":[],"product_brand":[],"product_cat":[387,297,384],"product_tag":[],"class_list":{"0":"post-36803","1":"product","2":"type-product","3":"status-publish","4":"has-post-thumbnail","6":"product_cat-drugtests","7":"product_cat-all-products","8":"product_cat-smartshop","9":"product_shipping_class-creditcard-on","11":"first","12":"instock","13":"taxable","14":"shipping-taxable","15":"purchasable","16":"product-type-variable","17":"has-default-attributes"},"_links":{"self":[{"href":"https:\/\/www.headshop.nl\/pt\/wp-json\/wp\/v2\/product\/36803","targetHints":{"allow":["GET"]}}],"collection":[{"href":"https:\/\/www.headshop.nl\/pt\/wp-json\/wp\/v2\/product"}],"about":[{"href":"https:\/\/www.headshop.nl\/pt\/wp-json\/wp\/v2\/types\/product"}],"wp:featuredmedia":[{"embeddable":true,"href":"https:\/\/www.headshop.nl\/pt\/wp-json\/wp\/v2\/media\/36908"}],"wp:attachment":[{"href":"https:\/\/www.headshop.nl\/pt\/wp-json\/wp\/v2\/media?parent=36803"}],"wp:term":[{"taxonomy":"product_brand","embeddable":true,"href":"https:\/\/www.headshop.nl\/pt\/wp-json\/wp\/v2\/product_brand?post=36803"},{"taxonomy":"product_cat","embeddable":true,"href":"https:\/\/www.headshop.nl\/pt\/wp-json\/wp\/v2\/product_cat?post=36803"},{"taxonomy":"product_tag","embeddable":true,"href":"https:\/\/www.headshop.nl\/pt\/wp-json\/wp\/v2\/product_tag?post=36803"}],"curies":[{"name":"wp","href":"https:\/\/api.w.org\/{rel}","templated":true}]}}