{"id":36795,"date":"2021-09-27T07:50:28","date_gmt":"2021-09-27T07:50:28","guid":{"rendered":"https:\/\/www.headshop.nl\/?post_type=product&#038;p=36795"},"modified":"2024-09-23T11:28:54","modified_gmt":"2024-09-23T11:28:54","slug":"cocaine-drug-test","status":"publish","type":"product","link":"https:\/\/www.headshop.nl\/pt\/cocaine-drug-test\/","title":{"rendered":"Cocaine Drug Test"},"content":{"rendered":"<h2>Cocaine Drug Test da EZ Test<\/h2>\n<p>Com a EZ Tests, j\u00e1 n\u00e3o precisa de comprar algo e arriscar-se na incerteza; oferecemos testes de drogas seguros e precisos a um pre\u00e7o acess\u00edvel. Proceda com cautela ao comprar drogas sem tomar precau\u00e7\u00f5es, porque quem sabe o que pode estar l\u00e1 dentro?<\/p>\n<p>Garantido para testar os itens do seu laborat\u00f3rio com exatid\u00e3o e precis\u00e3o. Procure informa\u00e7\u00f5es sobre o que est\u00e1 a experimentar num simples blogue no site do EZ Test, mergulhe uma pequena quantidade da sua \"amostra\". Em apenas um minuto, saber\u00e1 se \u00e9 ou n\u00e3o o que pretende!<\/p>\n<p>&nbsp;<\/p>","protected":false},"excerpt":{"rendered":"<p>Ent\u00e3o acha que consegue lidar com isso, n\u00e3o \u00e9? Bem, agora \u00e9 f\u00e1cil descobrir isso com o Cocaine Drug Test da EZ Test! Sinta-se confiante ao saber o que cont\u00e9m o seu p\u00f3 ou comprimido gra\u00e7as aos nossos testes precisos e simples. Tenha a certeza do seu produto: os kits de teste de drogas oferecem uma solu\u00e7\u00e3o mais segura do que compras inseguras.<\/p>","protected":false},"featured_media":36906,"template":"","meta":[],"product_brand":[],"product_cat":[387,297,384],"product_tag":[],"class_list":{"0":"post-36795","1":"product","2":"type-product","3":"status-publish","4":"has-post-thumbnail","6":"product_cat-drugtests","7":"product_cat-all-products","8":"product_cat-smartshop","9":"product_shipping_class-creditcard-on","11":"first","12":"instock","13":"taxable","14":"shipping-taxable","15":"purchasable","16":"product-type-variable","17":"has-default-attributes"},"_links":{"self":[{"href":"https:\/\/www.headshop.nl\/pt\/wp-json\/wp\/v2\/product\/36795","targetHints":{"allow":["GET"]}}],"collection":[{"href":"https:\/\/www.headshop.nl\/pt\/wp-json\/wp\/v2\/product"}],"about":[{"href":"https:\/\/www.headshop.nl\/pt\/wp-json\/wp\/v2\/types\/product"}],"wp:featuredmedia":[{"embeddable":true,"href":"https:\/\/www.headshop.nl\/pt\/wp-json\/wp\/v2\/media\/36906"}],"wp:attachment":[{"href":"https:\/\/www.headshop.nl\/pt\/wp-json\/wp\/v2\/media?parent=36795"}],"wp:term":[{"taxonomy":"product_brand","embeddable":true,"href":"https:\/\/www.headshop.nl\/pt\/wp-json\/wp\/v2\/product_brand?post=36795"},{"taxonomy":"product_cat","embeddable":true,"href":"https:\/\/www.headshop.nl\/pt\/wp-json\/wp\/v2\/product_cat?post=36795"},{"taxonomy":"product_tag","embeddable":true,"href":"https:\/\/www.headshop.nl\/pt\/wp-json\/wp\/v2\/product_tag?post=36795"}],"curies":[{"name":"wp","href":"https:\/\/api.w.org\/{rel}","templated":true}]}}