{"id":36787,"date":"2021-09-27T07:50:26","date_gmt":"2021-09-27T07:50:26","guid":{"rendered":"https:\/\/www.headshop.nl\/?post_type=product&#038;p=36787"},"modified":"2024-09-23T11:28:55","modified_gmt":"2024-09-23T11:28:55","slug":"cocaine-cuts-drug-test","status":"publish","type":"product","link":"https:\/\/www.headshop.nl\/pt\/cocaine-cuts-drug-test\/","title":{"rendered":"Cocaine Cuts Drug Test"},"content":{"rendered":"<h2>Cocaine Cuts Drug Test da EZ Test<\/h2>\n<p>O kit EZ Test Cocaine Cuts Drug Test \u00e9 a ferramenta perfeita para o ajudar a afastar-se de potenciais perigos, independentemente da sua prefer\u00eancia ou cren\u00e7a. Por exemplo, se se sentir inseguro quanto \u00e0s subst\u00e2ncias presentes nas drogas que foram cortadas com materiais de enchimento, este teste dir-lhe-\u00e1 rapidamente se estas devem ser consideradas de risco.<\/p>\n<p>Este kit inclui um kit para ser utilizado por um indiv\u00edduo - nunca compre um medicamento sem o testar primeiro! Inclu\u00edmos todas as ferramentas necess\u00e1rias e muito mais para que possas ter sempre a certeza do que est\u00e1 dentro de qualquer produto antes de o usares! Os testes s\u00e3o fi\u00e1veis e seguros, pelo que n\u00e3o h\u00e1 nada que o impe\u00e7a de ter a certeza sobre todos os aspectos do seu consumo.<\/p>\n<p>&nbsp;<\/p>","protected":false},"excerpt":{"rendered":"<p>O Cocaine Cuts Drug Test da EZ Test dir-lhe-\u00e1 se a sua amostra cont\u00e9m ou n\u00e3o o que deseja. Simples de utilizar e fi\u00e1vel, este teste de despistagem de drogas \u00e9 perfeito para a paz de esp\u00edrito! Exato e r\u00e1pido - estas s\u00e3o as palavras que mais significam para n\u00f3s quando se trata de testar as nossas pr\u00f3prias amostras de produtos. V\u00e1 em frente e sinta-se muito mais seguro com os kits de teste de drogas precisos e simples de usar da EZ Test.<\/p>","protected":false},"featured_media":36897,"template":"","meta":[],"product_brand":[],"product_cat":[387,297,384],"product_tag":[],"class_list":{"0":"post-36787","1":"product","2":"type-product","3":"status-publish","4":"has-post-thumbnail","6":"product_cat-drugtests","7":"product_cat-all-products","8":"product_cat-smartshop","9":"product_shipping_class-creditcard-on","11":"first","12":"instock","13":"taxable","14":"shipping-taxable","15":"purchasable","16":"product-type-variable","17":"has-default-attributes"},"_links":{"self":[{"href":"https:\/\/www.headshop.nl\/pt\/wp-json\/wp\/v2\/product\/36787","targetHints":{"allow":["GET"]}}],"collection":[{"href":"https:\/\/www.headshop.nl\/pt\/wp-json\/wp\/v2\/product"}],"about":[{"href":"https:\/\/www.headshop.nl\/pt\/wp-json\/wp\/v2\/types\/product"}],"wp:featuredmedia":[{"embeddable":true,"href":"https:\/\/www.headshop.nl\/pt\/wp-json\/wp\/v2\/media\/36897"}],"wp:attachment":[{"href":"https:\/\/www.headshop.nl\/pt\/wp-json\/wp\/v2\/media?parent=36787"}],"wp:term":[{"taxonomy":"product_brand","embeddable":true,"href":"https:\/\/www.headshop.nl\/pt\/wp-json\/wp\/v2\/product_brand?post=36787"},{"taxonomy":"product_cat","embeddable":true,"href":"https:\/\/www.headshop.nl\/pt\/wp-json\/wp\/v2\/product_cat?post=36787"},{"taxonomy":"product_tag","embeddable":true,"href":"https:\/\/www.headshop.nl\/pt\/wp-json\/wp\/v2\/product_tag?post=36787"}],"curies":[{"name":"wp","href":"https:\/\/api.w.org\/{rel}","templated":true}]}}