{"id":36779,"date":"2021-09-27T07:33:20","date_gmt":"2021-09-27T07:33:20","guid":{"rendered":"https:\/\/www.headshop.nl\/?post_type=product&#038;p=36779"},"modified":"2024-09-23T11:28:56","modified_gmt":"2024-09-23T11:28:56","slug":"ecstasy-drug-test","status":"publish","type":"product","link":"https:\/\/www.headshop.nl\/pt\/ecstasy-drug-test\/","title":{"rendered":"Ecstasy Drug Test"},"content":{"rendered":"<h2>Ecstasy Drug Test da EZ Test<\/h2>\n<p>Se quer ter a certeza de que o que est\u00e1 a tomar \u00e9 ecstasy, ent\u00e3o este Ecstasy Drug Test \u00e9 para si. Simples de utilizar e preciso, pode ajudar a garantir uma coisa: o seu comprimido cont\u00e9m o que deseja. V\u00e1 em frente e tome o mundo de assalto com os kits de teste de drogas precisos e simples de usar da EZ Test.<\/p>\n<p>&nbsp;<\/p>","protected":false},"excerpt":{"rendered":"<p>O kit de teste de drogas ecstasy \u00e9 um kit de teste preciso para determinar se a sua amostra cont\u00e9m ou n\u00e3o Ecstasy (MDMA) ou um dos diluentes listados acima. \u00c9 obrigat\u00f3rio se quiser estar seguro!<\/p>","protected":false},"featured_media":36895,"template":"","meta":[],"product_brand":[],"product_cat":[387,297,384],"product_tag":[],"class_list":{"0":"post-36779","1":"product","2":"type-product","3":"status-publish","4":"has-post-thumbnail","6":"product_cat-drugtests","7":"product_cat-all-products","8":"product_cat-smartshop","9":"product_shipping_class-creditcard-on","11":"first","12":"instock","13":"taxable","14":"shipping-taxable","15":"purchasable","16":"product-type-variable","17":"has-default-attributes"},"_links":{"self":[{"href":"https:\/\/www.headshop.nl\/pt\/wp-json\/wp\/v2\/product\/36779","targetHints":{"allow":["GET"]}}],"collection":[{"href":"https:\/\/www.headshop.nl\/pt\/wp-json\/wp\/v2\/product"}],"about":[{"href":"https:\/\/www.headshop.nl\/pt\/wp-json\/wp\/v2\/types\/product"}],"wp:featuredmedia":[{"embeddable":true,"href":"https:\/\/www.headshop.nl\/pt\/wp-json\/wp\/v2\/media\/36895"}],"wp:attachment":[{"href":"https:\/\/www.headshop.nl\/pt\/wp-json\/wp\/v2\/media?parent=36779"}],"wp:term":[{"taxonomy":"product_brand","embeddable":true,"href":"https:\/\/www.headshop.nl\/pt\/wp-json\/wp\/v2\/product_brand?post=36779"},{"taxonomy":"product_cat","embeddable":true,"href":"https:\/\/www.headshop.nl\/pt\/wp-json\/wp\/v2\/product_cat?post=36779"},{"taxonomy":"product_tag","embeddable":true,"href":"https:\/\/www.headshop.nl\/pt\/wp-json\/wp\/v2\/product_tag?post=36779"}],"curies":[{"name":"wp","href":"https:\/\/api.w.org\/{rel}","templated":true}]}}