{"id":36352,"date":"2020-08-25T08:07:52","date_gmt":"2020-08-25T08:07:52","guid":{"rendered":"https:\/\/www.headshop.nl\/?post_type=product&#038;p=36352"},"modified":"2025-02-18T08:47:55","modified_gmt":"2025-02-18T08:47:55","slug":"cbd-capsules-hempcare","status":"publish","type":"product","link":"https:\/\/www.headshop.nl\/pt\/cbd-capsules-hempcare\/","title":{"rendered":"CBD Capsules Hempcare"},"content":{"rendered":"<h2 data-pm-slice=\"1 1 []\">CBD Pearlcaps ( 90 Capsules) A partir de Hempcare<\/h2>\n<h2 data-pm-slice=\"1 1 []\">\nO que s\u00e3o as c\u00e1psulas de CBD Hempcare?<\/h2>\n<p>Hempcare CBD Pearlcaps s\u00e3o c\u00e1psulas de qualidade superior que cont\u00eam extrato de c\u00e2nhamo puro e natural. Estas c\u00e1psulas s\u00e3o formuladas com \u00f3leo de sementes de c\u00e2nhamo e extrato bruto de CBD, garantindo a reten\u00e7\u00e3o de todos os nutrientes essenciais da planta do c\u00e2nhamo. Ao contr\u00e1rio dos \u00f3leos de CBD, estas c\u00e1psulas de gelatina mole dissolvem-se no est\u00f4mago, libertando compostos ben\u00e9ficos sem qualquer sabor forte.<\/p>\n<p>Cada c\u00e1psula foi cuidadosamente concebida para fornecer CBD de espetro total, o que significa que cont\u00e9m uma gama de canabin\u00f3ides naturais, flavon\u00f3ides e terpenos que podem funcionar em conjunto para aumentar os seus efeitos. A aus\u00eancia de THC garante que estas c\u00e1psulas n\u00e3o produzem quaisquer efeitos psicoactivos, tornando-as seguras e adequadas para uso di\u00e1rio. Com o seu formato pr\u00e1tico, as c\u00e1psulas de p\u00e9rola Hempcare CBD s\u00e3o perfeitas para quem quer incorporar o CBD na sua rotina sem esfor\u00e7o.<\/p>\n<h2>A hist\u00f3ria de Hempcare CBD Pearlcaps<\/h2>\n<p>O CBD, ou canabidiol, \u00e9 utilizado h\u00e1 s\u00e9culos pelos seus potenciais benef\u00edcios para a sa\u00fade. A planta do c\u00e2nhamo, da qual o CBD \u00e9 extra\u00eddo, tem uma hist\u00f3ria rica que remonta a milhares de anos. As civiliza\u00e7\u00f5es antigas, incluindo os chineses e os eg\u00edpcios, utilizavam o c\u00e2nhamo para fins medicinais e industriais. Reconheciam as suas propriedades calmantes e anti-inflamat\u00f3rias, utilizando-o para tratar v\u00e1rias doen\u00e7as.<\/p>\n<p>Nos \u00faltimos anos, o CBD ganhou popularidade devido \u00e0 crescente investiga\u00e7\u00e3o cient\u00edfica e ao interesse dos consumidores por produtos naturais de bem-estar. A Hempcare aproveitou este legado para criar c\u00e1psulas de CBD de alta qualidade que aproveitam todo o potencial da planta do c\u00e2nhamo. Ao preservar o extrato bruto de CBD e outros componentes naturais, a Hempcare garante que o seu produto permanece fiel \u00e0 natureza, fornecendo aos utilizadores um suplemento puro e eficaz.<\/p>\n<h2>Como utilizar as c\u00e1psulas de CBD Hempcare<\/h2>\n<p>Tomar Hempcare CBD Pearlcaps \u00e9 simples e c\u00f3modo. A dose recomendada \u00e9 de uma c\u00e1psula por dia, tomada com \u00e1gua. Se desejar, a dose pode ser aumentada at\u00e9 um m\u00e1ximo de quatro c\u00e1psulas por dia. No entanto, \u00e9 importante n\u00e3o exceder esta quantidade.<\/p>\n<p>Ao contr\u00e1rio do \u00f3leo CBD, que pode ter um sabor forte, estas c\u00e1psulas n\u00e3o t\u00eam sabor e s\u00e3o f\u00e1ceis de engolir. A c\u00e1psula de gelatina mole dissolve-se no est\u00f4mago, permitindo uma absor\u00e7\u00e3o eficaz dos ingredientes activos. A utiliza\u00e7\u00e3o regular pode contribuir para o bem-estar geral, apoiando o relaxamento, reduzindo o stress e promovendo um estilo de vida equilibrado. Para obter os melhores resultados, a consist\u00eancia \u00e9 fundamental - tomar CBD diariamente pode ajudar a maximizar os seus potenciais benef\u00edcios ao longo do tempo.<\/p>\n<h2>Ingredientes de Hempcare CBD Pearlcaps<\/h2>\n<p>As c\u00e1psulas de CBD Pearlcaps Hempcare s\u00e3o fabricadas a partir de ingredientes naturais cuidadosamente selecionados para garantir pureza e efic\u00e1cia. As c\u00e1psulas cont\u00eam:<\/p>\n<ul data-spread=\"false\">\n<li><strong>\u00d3leo de sementes de c\u00e2nhamo<\/strong> - Um \u00f3leo rico em nutrientes que fornece \u00e1cidos gordos essenciais e melhora a absor\u00e7\u00e3o do CBD.<\/li>\n<li><strong>C\u00e2nhamo Extract (Raw CBD)<\/strong> - Cont\u00e9m canabin\u00f3ides de espetro completo, incluindo CBD, flavon\u00f3ides, terpenos e fen\u00f3is, que contribuem para os benef\u00edcios globais.<\/li>\n<li><strong>C\u00e1psula Softgel (\u00e0 base de prote\u00ednas)<\/strong> - Fabricado a partir de 100% ingredientes naturais, garantindo uma digest\u00e3o f\u00e1cil e uma liberta\u00e7\u00e3o eficaz dos compostos activos.<\/li>\n<\/ul>\n<p>Ao manter a ess\u00eancia crua e n\u00e3o filtrada do c\u00e2nhamo, o Hempcare garante que todos os componentes ben\u00e9ficos permanecem intactos. O resultado \u00e9 um suplemento puro e de alta qualidade que se adapta perfeitamente a um estilo de vida preocupado com a sa\u00fade.<\/p>\n<p><strong>Aviso<\/strong><br \/>\nN\u00e3o exceder a dose di\u00e1ria recomendada. Este produto n\u00e3o se destina a diagnosticar, tratar, curar ou prevenir qualquer doen\u00e7a. Consultar um profissional de sa\u00fade antes de utilizar, especialmente se estiver gr\u00e1vida, a amamentar ou a tomar medicamentos.<\/p>","protected":false},"excerpt":{"rendered":"<p data-pm-slice=\"1 1 []\">Hempcare CBD Pearlcaps s\u00e3o c\u00e1psulas naturais de CBD concebidas para apoiar o bem-estar geral. Estas c\u00e1psulas de gelatina mole cont\u00eam um extrato de c\u00e2nhamo de espetro total, incluindo canabin\u00f3ides, flavon\u00f3ides, terpenos e fen\u00f3is. N\u00e3o cont\u00eam THC e s\u00e3o f\u00e1ceis de ingerir, o que as torna num suplemento di\u00e1rio pr\u00e1tico. Experimente os potenciais benef\u00edcios do CBD sem qualquer sabor ou odor forte.<\/p>","protected":false},"featured_media":82327,"template":"","meta":[],"product_brand":[],"product_cat":[484,297,451,628,455,819,460,396,463],"product_tag":[],"class_list":{"0":"post-36352","1":"product","2":"type-product","3":"status-publish","4":"has-post-thumbnail","6":"product_cat-cbd-capsules","7":"product_cat-all-products","8":"product_cat-cbdshop","9":"product_cat-cbdshop-top-5","10":"product_cat-healthshop","11":"product_cat-hempcare","12":"product_cat-recovery","13":"product_cat-relax","14":"product_cat-sport","16":"first","17":"instock","18":"taxable","19":"shipping-taxable","20":"purchasable","21":"product-type-variable","22":"has-default-attributes"},"_links":{"self":[{"href":"https:\/\/www.headshop.nl\/pt\/wp-json\/wp\/v2\/product\/36352","targetHints":{"allow":["GET"]}}],"collection":[{"href":"https:\/\/www.headshop.nl\/pt\/wp-json\/wp\/v2\/product"}],"about":[{"href":"https:\/\/www.headshop.nl\/pt\/wp-json\/wp\/v2\/types\/product"}],"wp:featuredmedia":[{"embeddable":true,"href":"https:\/\/www.headshop.nl\/pt\/wp-json\/wp\/v2\/media\/82327"}],"wp:attachment":[{"href":"https:\/\/www.headshop.nl\/pt\/wp-json\/wp\/v2\/media?parent=36352"}],"wp:term":[{"taxonomy":"product_brand","embeddable":true,"href":"https:\/\/www.headshop.nl\/pt\/wp-json\/wp\/v2\/product_brand?post=36352"},{"taxonomy":"product_cat","embeddable":true,"href":"https:\/\/www.headshop.nl\/pt\/wp-json\/wp\/v2\/product_cat?post=36352"},{"taxonomy":"product_tag","embeddable":true,"href":"https:\/\/www.headshop.nl\/pt\/wp-json\/wp\/v2\/product_tag?post=36352"}],"curies":[{"name":"wp","href":"https:\/\/api.w.org\/{rel}","templated":true}]}}