{"id":36349,"date":"2020-08-25T08:07:50","date_gmt":"2020-08-25T08:07:50","guid":{"rendered":"https:\/\/www.headshop.nl\/?post_type=product&#038;p=36349"},"modified":"2026-04-17T13:26:15","modified_gmt":"2026-04-17T13:26:15","slug":"pure-cbd-crystals-99-hempcare","status":"publish","type":"product","link":"https:\/\/www.headshop.nl\/pt\/pure-cbd-crystals-99-hempcare\/","title":{"rendered":"Pure CBD Crystals 99% Hempcare"},"content":{"rendered":"<h2>CBD cristalizado puro de Hempcare (500mg)<\/h2>\n<p>Se est\u00e1 \u00e0 procura de cristais totalmente naturais e de CBD, ent\u00e3o Hempcare - Pure CBD Crystals 99% \u00e9 a escolha perfeita. N\u00e3o h\u00e1 necessidade de se preocupar com a ingest\u00e3o de ingredientes indesej\u00e1veis porque este produto n\u00e3o cont\u00e9m nada mais do que cristais de CBD puros e sem THC!<\/p>\n<p>Hempcare Pure CBD Crystals 99% \u00e9 a nova gera\u00e7\u00e3o de uma rotina cada vez mais popular. Basta colocar um pouco na sua comida, sumo ou batido. Com este produto de CBD tudo-em-um pode tomar a sua dose di\u00e1ria de muitas maneiras - e ainda se sentir feliz com isso!<\/p>\n<p>Os cristais Hempcare s\u00e3o extra\u00eddos atrav\u00e9s de um extrato avan\u00e7ado de CO2 supercr\u00edtico para manter a pureza m\u00e1xima (99%). Os investigadores hol\u00edsticos sugerem que a can\u00e1bis, ou mais precisamente os canabin\u00f3ides, podem ser ben\u00e9ficos para v\u00e1rias doen\u00e7as mentais, como a ansiedade e a PTSD, uma vez que regulam os n\u00edveis de humor que, por sua vez, reduzem a ansiedade.<\/p>","protected":false},"excerpt":{"rendered":"<p>Se procura cristais totalmente naturais e de CBD, ent\u00e3o o Hempcare - Pure CBD Crystals 99% \u00e9 a escolha perfeita. O Hempcare utiliza o processo de extra\u00e7\u00e3o mais puro para que os utilizadores possam desfrutar dos benef\u00edcios do c\u00e2nhamo e dos canabin\u00f3ides sem quaisquer efeitos secund\u00e1rios ou contaminantes. A forma mais pura de CBD que existe!<\/p>","protected":false},"featured_media":82325,"template":"","meta":[],"product_brand":[],"product_cat":[453,297,451,455,819],"product_tag":[],"class_list":{"0":"post-36349","1":"product","2":"type-product","3":"status-publish","4":"has-post-thumbnail","6":"product_cat-cbd-crystals","7":"product_cat-all-products","8":"product_cat-cbdshop","9":"product_cat-healthshop","10":"product_cat-hempcare","12":"first","13":"instock","14":"taxable","15":"shipping-taxable","16":"purchasable","17":"product-type-simple"},"_links":{"self":[{"href":"https:\/\/www.headshop.nl\/pt\/wp-json\/wp\/v2\/product\/36349","targetHints":{"allow":["GET"]}}],"collection":[{"href":"https:\/\/www.headshop.nl\/pt\/wp-json\/wp\/v2\/product"}],"about":[{"href":"https:\/\/www.headshop.nl\/pt\/wp-json\/wp\/v2\/types\/product"}],"wp:featuredmedia":[{"embeddable":true,"href":"https:\/\/www.headshop.nl\/pt\/wp-json\/wp\/v2\/media\/82325"}],"wp:attachment":[{"href":"https:\/\/www.headshop.nl\/pt\/wp-json\/wp\/v2\/media?parent=36349"}],"wp:term":[{"taxonomy":"product_brand","embeddable":true,"href":"https:\/\/www.headshop.nl\/pt\/wp-json\/wp\/v2\/product_brand?post=36349"},{"taxonomy":"product_cat","embeddable":true,"href":"https:\/\/www.headshop.nl\/pt\/wp-json\/wp\/v2\/product_cat?post=36349"},{"taxonomy":"product_tag","embeddable":true,"href":"https:\/\/www.headshop.nl\/pt\/wp-json\/wp\/v2\/product_tag?post=36349"}],"curies":[{"name":"wp","href":"https:\/\/api.w.org\/{rel}","templated":true}]}}