{"id":36346,"date":"2021-08-25T08:07:46","date_gmt":"2021-08-25T08:07:46","guid":{"rendered":"https:\/\/www.headshop.nl\/?post_type=product&#038;p=36346"},"modified":"2025-02-18T09:02:34","modified_gmt":"2025-02-18T09:02:34","slug":"ruby-cbd-oil-10-hempcare","status":"publish","type":"product","link":"https:\/\/www.headshop.nl\/pt\/ruby-cbd-oil-10-hempcare\/","title":{"rendered":"Ruby CBD \u00d3leo (10%) Hempcare"},"content":{"rendered":"<h2>Ruby CBD \u00d3leo por Hempcare<\/h2>\n<h2 data-start=\"338\" data-end=\"371\">O que \u00e9 o HempCare RUBY 10% CBD?<\/h2>\n<p data-start=\"373\" data-end=\"860\">O CBD HempCare RUBY 10% \u00e9 um \u00f3leo de CBD natural 100% altamente concentrado, derivado de uma planta de c\u00e2nhamo rara que cresce num solo de argila vermelha, rico em minerais, nas montanhas. Este ambiente \u00fanico contribui para a cor vermelho-rubi do \u00f3leo e para as suas potentes propriedades naturais. O CBD HempCare RUBY 10% \u00e9 rico em canabin\u00f3ides ben\u00e9ficos, incluindo canabidiol (CBD), canabigerol (CBG) e canabinol (CBN), bem como terpenos, flavon\u00f3ides e fen\u00f3is, que trabalham em conjunto para apoiar o corpo naturalmente.<\/p>\n<p data-start=\"862\" data-end=\"1301\">Ao contr\u00e1rio de outros \u00f3leos CBD, o HempCare RUBY 10% CBD \u00e9 extra\u00eddo de uma variedade especial de c\u00e2nhamo conhecida pela sua maior concentra\u00e7\u00e3o de beta-cariofileno, um terpeno com poderosas propriedades anti-inflamat\u00f3rias e analg\u00e9sicas. Isto faz do HempCare RUBY 10% CBD uma excelente escolha para quem procura aliviar o desconforto ou reduzir o stress. A sua composi\u00e7\u00e3o natural garante a aus\u00eancia de subst\u00e2ncias t\u00f3xicas, proporcionando uma experi\u00eancia pura e org\u00e2nica.<\/p>\n<h2 data-start=\"1303\" data-end=\"1338\">Hist\u00f3ria da HempCare RUBY 10% CBD<\/h2>\n<p data-start=\"1340\" data-end=\"1813\">A hist\u00f3ria do HempCare RUBY 10% CBD come\u00e7a com o cultivo do c\u00e2nhamo numa regi\u00e3o montanhosa \u00fanica, onde a argila vermelha natural do solo contribui para as carater\u00edsticas excepcionais da planta. A HempCare seleciona cuidadosamente as melhores variedades de c\u00e2nhamo e utiliza um processo de extra\u00e7\u00e3o especial para preservar todo o espetro de canabin\u00f3ides, terpenos e outros nutrientes essenciais. As plantas de c\u00e2nhamo s\u00e3o cultivadas sem a utiliza\u00e7\u00e3o de pesticidas, garantindo um produto puro e de alta qualidade.<\/p>\n<p data-start=\"1815\" data-end=\"2130\">Ao longo do tempo, a HempCare ganhou reconhecimento por produzir produtos de CBD de primeira qualidade, e o \u00f3leo de CBD RUBY 10% destaca-se pelo seu elevado teor de terpenos e pelas raras condi\u00e7\u00f5es de cultivo. Este \u00f3leo n\u00e3o \u00e9 apenas mais um produto de CBD, mas um testemunho do empenho da HempCare em proporcionar uma experi\u00eancia de CBD verdadeiramente \u00fanica e eficaz.<\/p>\n<h2 data-start=\"2132\" data-end=\"2167\">Como utilizar o HempCare RUBY 10% CBD<\/h2>\n<p data-start=\"2169\" data-end=\"2537\">Para experimentar todos os benef\u00edcios do HempCare RUBY 10% CBD, recomenda-se come\u00e7ar com 5 gotas duas vezes por dia debaixo da l\u00edngua. Manter o \u00f3leo debaixo da l\u00edngua durante cerca de 20 segundos antes de engolir para permitir a m\u00e1xima absor\u00e7\u00e3o. Muitos utilizadores relatam sentir os efeitos ap\u00f3s alguns dias de utiliza\u00e7\u00e3o consistente, mas os resultados ideais podem variar de pessoa para pessoa.<\/p>\n<p data-start=\"2539\" data-end=\"2956\">Se tiver reac\u00e7\u00f5es adversas, \u00e9 aconselh\u00e1vel reduzir a dose. No entanto, o corpo s\u00f3 absorve o que precisa, e qualquer excesso ser\u00e1 naturalmente expelido atrav\u00e9s da urina ou do suor. Se sentires necessidade de um efeito mais forte, podes aumentar gradualmente a dose de acordo com as tuas necessidades. O HempCare RUBY 10% CBD oferece uma abordagem flex\u00edvel \u00e0 utiliza\u00e7\u00e3o do CBD, permitindo-lhe ajustar-se com base na sua experi\u00eancia pessoal.<\/p>\n<h2 data-start=\"2958\" data-end=\"2997\">Ingredientes do HempCare RUBY 10% CBD<\/h2>\n<p data-start=\"2999\" data-end=\"3380\">O HempCare RUBY 10% CBD \u00e9 composto por dois ingredientes principais: \u00f3leo de semente de c\u00e2nhamo e extrato de c\u00e2nhamo. Estes ingredientes trabalham em conjunto para fornecer uma mistura potente de canabin\u00f3ides, incluindo CBD, CBG e CBN, bem como uma variedade de terpenos, flavon\u00f3ides e outros compostos ben\u00e9ficos. A inclus\u00e3o de \u00f3leo de sementes de c\u00e2nhamo garante que o produto permanece org\u00e2nico e livre de quaisquer qu\u00edmicos nocivos.<\/p>\n<p data-start=\"3382\" data-end=\"3759\">Os terpenos do HempCare RUBY 10% CBD, como o bisabolol, s\u00e3o conhecidos pelas suas propriedades antibacterianas e antif\u00fangicas, contribuindo para os benef\u00edcios terap\u00eauticos do \u00f3leo. Esta combina\u00e7\u00e3o de ingredientes naturais cria um produto que \u00e9 simultaneamente eficaz e seguro para uso quotidiano. Sem aditivos t\u00f3xicos, o HempCare RUBY 10% CBD garante que est\u00e1 a obter apenas o melhor da natureza.<\/p>\n<p data-start=\"3761\" data-end=\"3773\"><strong data-start=\"3761\" data-end=\"3773\">Aviso:<\/strong><\/p>\n<p data-start=\"3775\" data-end=\"3926\">Consultar um profissional de sa\u00fade antes de utilizar, especialmente se estiver gr\u00e1vida, a amamentar ou a tomar medicamentos. N\u00e3o exceda a dose recomendada.<\/p>\n<p data-start=\"3934\" data-end=\"4234\" data-is-last-node=\"\">HempCare RUBY 10% CBD \u00e9 um produto \u00fanico e eficaz que combina as propriedades curativas naturais do c\u00e2nhamo com a ci\u00eancia moderna. Quer esteja \u00e0 procura de al\u00edvio da dor, redu\u00e7\u00e3o do stress ou apenas um impulso natural de bem-estar, o HempCare RUBY 10% CBD fornece uma solu\u00e7\u00e3o totalmente natural para a sua rotina di\u00e1ria.<\/p>","protected":false},"excerpt":{"rendered":"<p>O HempCare RUBY 10% CBD \u00e9 um \u00f3leo CBD de qualidade superior produzido a partir de uma variedade rara de c\u00e2nhamo cultivado nas montanhas, enriquecido com terpenos especiais. Este \u00f3leo natural oferece in\u00fameros benef\u00edcios potenciais, incluindo propriedades anti-inflamat\u00f3rias e redutoras de stress, gra\u00e7as \u00e0 sua composi\u00e7\u00e3o \u00fanica de canabin\u00f3ides e terpenos.<\/p>","protected":false},"featured_media":82338,"template":"","meta":[],"product_brand":[],"product_cat":[454,297,451,628,461,455,630,819,460],"product_tag":[],"class_list":{"0":"post-36346","1":"product","2":"type-product","3":"status-publish","4":"has-post-thumbnail","6":"product_cat-cbd-oils","7":"product_cat-all-products","8":"product_cat-cbdshop","9":"product_cat-cbdshop-top-5","10":"product_cat-detox","11":"product_cat-healthshop","12":"product_cat-healthshop-top-10","13":"product_cat-hempcare","14":"product_cat-recovery","16":"first","17":"instock","18":"taxable","19":"shipping-taxable","20":"purchasable","21":"product-type-variable","22":"has-default-attributes"},"_links":{"self":[{"href":"https:\/\/www.headshop.nl\/pt\/wp-json\/wp\/v2\/product\/36346","targetHints":{"allow":["GET"]}}],"collection":[{"href":"https:\/\/www.headshop.nl\/pt\/wp-json\/wp\/v2\/product"}],"about":[{"href":"https:\/\/www.headshop.nl\/pt\/wp-json\/wp\/v2\/types\/product"}],"wp:featuredmedia":[{"embeddable":true,"href":"https:\/\/www.headshop.nl\/pt\/wp-json\/wp\/v2\/media\/82338"}],"wp:attachment":[{"href":"https:\/\/www.headshop.nl\/pt\/wp-json\/wp\/v2\/media?parent=36346"}],"wp:term":[{"taxonomy":"product_brand","embeddable":true,"href":"https:\/\/www.headshop.nl\/pt\/wp-json\/wp\/v2\/product_brand?post=36346"},{"taxonomy":"product_cat","embeddable":true,"href":"https:\/\/www.headshop.nl\/pt\/wp-json\/wp\/v2\/product_cat?post=36346"},{"taxonomy":"product_tag","embeddable":true,"href":"https:\/\/www.headshop.nl\/pt\/wp-json\/wp\/v2\/product_tag?post=36346"}],"curies":[{"name":"wp","href":"https:\/\/api.w.org\/{rel}","templated":true}]}}