{"id":36290,"date":"2021-08-25T07:38:24","date_gmt":"2021-08-25T07:38:24","guid":{"rendered":"https:\/\/www.headshop.nl\/?post_type=product&#038;p=36290"},"modified":"2025-02-18T08:55:30","modified_gmt":"2025-02-18T08:55:30","slug":"sport-cbd-oil-10-hempcare","status":"publish","type":"product","link":"https:\/\/www.headshop.nl\/pt\/sport-cbd-oil-10-hempcare\/","title":{"rendered":"Sport CBD \u00d3leo (10%) Hempcare"},"content":{"rendered":"<h2>\u00d3leo de CBD para Sport por Hempcare<\/h2>\n<h2 data-pm-slice=\"1 1 []\">O que \u00e9 o Hempcare CBD Sport?<\/h2>\n<p>Hempcare CBD Sport \u00e9 um produto natural de CBD de espetro total, concebido para atletas que procuram um apoio \u00f3timo para o seu desempenho e recupera\u00e7\u00e3o. Este produto cont\u00e9m todos os compostos essenciais da planta do c\u00e2nhamo, como o canabidiol (CBD), terpenos, vitaminas e prote\u00ednas.<\/p>\n<p>O que torna o Hempcare CBD Sport \u00fanico \u00e9 a adi\u00e7\u00e3o de terpenos espec\u00edficos que proporcionam efeitos ben\u00e9ficos adicionais no corpo. Os terpenos s\u00e3o compostos naturais de aroma, cor e sabor com propriedades bioactivas. A investiga\u00e7\u00e3o cient\u00edfica demonstrou que estas subst\u00e2ncias, em combina\u00e7\u00e3o com o CBD, contribuem para uma recupera\u00e7\u00e3o muscular mais r\u00e1pida, redu\u00e7\u00e3o da inflama\u00e7\u00e3o e melhoria da qualidade do sono. Isto faz do Hempcare CBD Sport uma adi\u00e7\u00e3o valiosa para atletas de todos os n\u00edveis.<\/p>\n<h2>Historial do Hempcare CBD Sport<\/h2>\n<p>O CBD \u00e9 utilizado h\u00e1 s\u00e9culos pelas suas propriedades medicinais e terap\u00eauticas. A planta do c\u00e2nhamo, da qual o CBD \u00e9 extra\u00eddo, \u00e9 uma das mais antigas culturas cultivadas no mundo. Nas \u00faltimas d\u00e9cadas, a investiga\u00e7\u00e3o cient\u00edfica tem vindo a comprovar cada vez mais os benef\u00edcios do CBD para os desportistas.<\/p>\n<p>Em colabora\u00e7\u00e3o com atletas e investigadores, o Hempcare desenvolveu uma f\u00f3rmula especial que responde \u00e0s necessidades espec\u00edficas dos desportistas. Ao adicionar terpenos selecionados, o Hempcare CBD Sport n\u00e3o \u00e9 apenas uma ferramenta poderosa para a recupera\u00e7\u00e3o muscular e o al\u00edvio da dor, mas tamb\u00e9m um produto que ajuda ao relaxamento e \u00e0 concentra\u00e7\u00e3o mental. Isto torna-o um suplemento inovador e eficaz na ind\u00fastria do desporto.<\/p>\n<h2>Como utilizar o Hempcare CBD Sport<\/h2>\n<p>Para uma utiliza\u00e7\u00e3o \u00f3ptima, recomenda-se a toma de Hempcare CBD Sport duas vezes por dia. Agitar bem o frasco antes de utilizar e colocar 1 a 5 gotas debaixo da l\u00edngua. Deixar o \u00f3leo absorver-se durante alguns segundos antes de o engolir. Isto garante uma absor\u00e7\u00e3o r\u00e1pida e eficaz dos compostos activos.<\/p>\n<p>O frasco cont\u00e9m pelo menos 600 gotas, garantindo uma utiliza\u00e7\u00e3o a longo prazo. A dosagem exacta pode variar de pessoa para pessoa e depende das necessidades pessoais, da intensidade do treino e dos efeitos desejados. Recomenda-se come\u00e7ar com uma dose baixa e aumentar gradualmente at\u00e9 obter o resultado desejado. Em caso de d\u00favidas sobre a dosagem e a utiliza\u00e7\u00e3o, aconselha-se a consulta de um especialista.<\/p>\n<h2>Ingredientes de Hempcare CBD Sport<\/h2>\n<p>Hempcare CBD Sport cont\u00e9m apenas ingredientes naturais e cuidadosamente selecionados para garantir a m\u00e1xima efic\u00e1cia. Os principais componentes incluem:<\/p>\n<ul data-spread=\"false\">\n<li><strong>\u00d3leo de sementes de c\u00e2nhamo<\/strong> - uma fonte rica em \u00e1cidos gordos essenciais que melhoram a absor\u00e7\u00e3o do CBD.<\/li>\n<li><strong>Extrato de c\u00e2nhamo (CBD)<\/strong> - apoia a recupera\u00e7\u00e3o muscular, reduz a dor e promove o relaxamento.<\/li>\n<li><strong>Mirceno<\/strong> - um terpeno com propriedades anti-inflamat\u00f3rias.<\/li>\n<li><strong>Beta-cariofileno<\/strong> - ajuda a aliviar a dor e apoia o sistema imunit\u00e1rio.<\/li>\n<li><strong>Eucaliptol<\/strong> - tem um efeito refrescante e promove uma fun\u00e7\u00e3o respirat\u00f3ria saud\u00e1vel.<\/li>\n<li><strong>Linalol<\/strong> - conhecido pelas suas propriedades calmantes e relaxantes.<\/li>\n<li><strong>A-pineno<\/strong> - apoia a concentra\u00e7\u00e3o mental e o estado de alerta.<\/li>\n<li><strong>Humuleno<\/strong> - contribui para uma resposta inflamat\u00f3ria equilibrada do organismo.<\/li>\n<\/ul>\n<p>Esta combina\u00e7\u00e3o \u00fanica de CBD e terpenos faz do Hempcare CBD Sport um suplemento poderoso para atletas que procuram otimizar o seu desempenho e recupera\u00e7\u00e3o.<\/p>\n<p><strong>Aviso:<\/strong><br \/>\nN\u00e3o ultrapassar o limite m\u00e1ximo de 32 gotas por dia. Este produto n\u00e3o \u00e9 adequado para mulheres gr\u00e1vidas ou a amamentar. Consultar um m\u00e9dico ou farmac\u00eautico em caso de toma de medicamentos. Este suplemento alimentar n\u00e3o substitui um regime alimentar variado. Conservar o produto num local escuro, \u00e0 temperatura ambiente e fora do alcance das crian\u00e7as.<\/p>","protected":false},"excerpt":{"rendered":"<p data-pm-slice=\"1 1 []\">Hempcare CBD Sport \u00e9 um produto de CBD de espetro total, especialmente desenvolvido para desportistas. Enriquecido com terpenos espec\u00edficos, apoia a recupera\u00e7\u00e3o muscular, reduz a dor e a inflama\u00e7\u00e3o e promove um sono profundo e reparador. Ideal para atletas que procuram otimizar o seu desempenho.<\/p>","protected":false},"featured_media":82350,"template":"","meta":[],"product_brand":[],"product_cat":[454,297,451,628,455,630,819,460,463],"product_tag":[],"class_list":{"0":"post-36290","1":"product","2":"type-product","3":"status-publish","4":"has-post-thumbnail","6":"product_cat-cbd-oils","7":"product_cat-all-products","8":"product_cat-cbdshop","9":"product_cat-cbdshop-top-5","10":"product_cat-healthshop","11":"product_cat-healthshop-top-10","12":"product_cat-hempcare","13":"product_cat-recovery","14":"product_cat-sport","16":"first","17":"instock","18":"taxable","19":"shipping-taxable","20":"purchasable","21":"product-type-variable","22":"has-default-attributes"},"_links":{"self":[{"href":"https:\/\/www.headshop.nl\/pt\/wp-json\/wp\/v2\/product\/36290","targetHints":{"allow":["GET"]}}],"collection":[{"href":"https:\/\/www.headshop.nl\/pt\/wp-json\/wp\/v2\/product"}],"about":[{"href":"https:\/\/www.headshop.nl\/pt\/wp-json\/wp\/v2\/types\/product"}],"wp:featuredmedia":[{"embeddable":true,"href":"https:\/\/www.headshop.nl\/pt\/wp-json\/wp\/v2\/media\/82350"}],"wp:attachment":[{"href":"https:\/\/www.headshop.nl\/pt\/wp-json\/wp\/v2\/media?parent=36290"}],"wp:term":[{"taxonomy":"product_brand","embeddable":true,"href":"https:\/\/www.headshop.nl\/pt\/wp-json\/wp\/v2\/product_brand?post=36290"},{"taxonomy":"product_cat","embeddable":true,"href":"https:\/\/www.headshop.nl\/pt\/wp-json\/wp\/v2\/product_cat?post=36290"},{"taxonomy":"product_tag","embeddable":true,"href":"https:\/\/www.headshop.nl\/pt\/wp-json\/wp\/v2\/product_tag?post=36290"}],"curies":[{"name":"wp","href":"https:\/\/api.w.org\/{rel}","templated":true}]}}