{"id":36176,"date":"2021-08-24T07:57:02","date_gmt":"2021-08-24T07:57:02","guid":{"rendered":"https:\/\/www.headshop.nl\/?post_type=product&#038;p=36176"},"modified":"2025-10-16T07:04:01","modified_gmt":"2025-10-16T07:04:01","slug":"colombian-magic-mushroom-spores","status":"publish","type":"product","link":"https:\/\/www.headshop.nl\/pt\/colombian-magic-mushroom-spores\/","title":{"rendered":"Colombian Esporos de cogumelos m\u00e1gicos"},"content":{"rendered":"<h2 dir=\"auto\">O que s\u00e3o esporos de cogumelos m\u00e1gicos Colombian?<\/h2>\n<p dir=\"auto\">Os esporos do cogumelo m\u00e1gico Colombian, uma estirpe potente de Psilocybe Cubensis da Col\u00f4mbia, s\u00e3o conhecidos pelos seus gorros amarelo-p\u00e1lido-castanho \"Colombian Rust\" e efeitos psicad\u00e9licos intensos. Mais fortes do que as variedades Mexican ou Thai, s\u00e3o preferidas por utilizadores experientes. Fornecidos numa ampola de cultura est\u00e9ril de 5 ml com mic\u00e9lio 100%, vermiculite e perlite, estes esporos reduzem os riscos de contamina\u00e7\u00e3o em compara\u00e7\u00e3o com as impress\u00f5es de esporos ou seringas tradicionais. Ideais para um cultivo fi\u00e1vel e potente, s\u00e3o adequados tanto para cultivadores experientes como para entusiastas. Armazenar num ambiente escuro e refrigerado (2-8\u00b0C) para garantir a longevidade e a qualidade para uma experi\u00eancia psicad\u00e9lica profunda.<\/p>\n<h2 dir=\"auto\">Hist\u00f3ria dos esporos do cogumelo m\u00e1gico Colombian<\/h2>\n<p dir=\"auto\">Origin\u00e1rios das regi\u00f5es exuberantes da Col\u00f4mbia, os esporos do cogumelo m\u00e1gico Colombian t\u00eam sido venerados pelas comunidades ind\u00edgenas pelas suas utiliza\u00e7\u00f5es espirituais e medicinais. Conhecida pelo seu crescimento robusto e efeitos potentes, a variedade \"Colombian Rust\" ganhou popularidade global apesar dos tempos de cultivo mais longos. O desenvolvimento da Ampola de Cultura revolucionou o cultivo dom\u00e9stico ao minimizar os riscos de contamina\u00e7\u00e3o. Celebrados pelas experi\u00eancias vivas e pela fiabilidade, estes esporos misturam uma heran\u00e7a cultural rica com a micologia moderna. O armazenamento adequado em condi\u00e7\u00f5es frescas e escuras (2-8\u00b0C) preserva a sua pot\u00eancia e significado hist\u00f3rico para os cultivadores que procuram liga\u00e7\u00f5es psicad\u00e9licas profundas.<\/p>\n<h2 dir=\"auto\">Como utilizar os esporos do cogumelo m\u00e1gico Colombian<\/h2>\n<p dir=\"auto\">Utilizar os esporos do cogumelo m\u00e1gico Colombian \u00e9 simples com a ampola de cultura est\u00e9ril. Lavar bem as m\u00e3os e limpar o exterior da ampola com uma compressa de \u00e1lcool est\u00e9ril. Num ambiente limpo, abrir a embalagem da seringa est\u00e9ril, desapertar ligeiramente a tampa da ampola e extrair a cultura atrav\u00e9s do selo de borracha. Injetar no substrato e conservar \u00e0 temperatura ambiente. O crescimento do mic\u00e9lio aparece em poucos dias, indicando sucesso. Mantenha um espa\u00e7o de trabalho esterilizado para obter resultados \u00f3ptimos. Com um controlo cuidadoso, este processo d\u00e1 origem a cogumelos potentes, recompensando a precis\u00e3o e a paci\u00eancia no cultivo.<\/p>\n<h2 dir=\"auto\">Ingredientes de Colombian Esporos de Cogumelos M\u00e1gicos<\/h2>\n<p dir=\"auto\">Cada ampola de cultura de 5 ML cont\u00e9m 100% mic\u00e9lio, vermiculite e perlite, produzidos em condi\u00e7\u00f5es est\u00e9reis para um cultivo fi\u00e1vel. O mic\u00e9lio impulsiona o crescimento dos cogumelos, a vermiculite ret\u00e9m a humidade para a expans\u00e3o do mic\u00e9lio e a perlite melhora o arejamento para evitar a compacta\u00e7\u00e3o do substrato. Esta cultura pronta a usar simplifica o cultivo em compara\u00e7\u00e3o com as impress\u00f5es de esporos ou seringas. Armazenar num ambiente escuro e refrigerado (2-8\u00b0C) para manter a qualidade. Estes componentes naturais asseguram um crescimento consistente, produzindo cogumelos potentes ideais para cultivadores novatos e experientes que procuram uma experi\u00eancia psicad\u00e9lica de alta qualidade.<\/p>\n<p dir=\"auto\"><strong>Aviso<\/strong><\/p>\n<p dir=\"auto\">Manter o Colombian Magic Mushroom Spores fora do alcance das crian\u00e7as e utiliz\u00e1-lo num ambiente seguro e controlado com a presen\u00e7a de um companheiro de confian\u00e7a. N\u00e3o uses se estiveres gr\u00e1vida ou a amamentar devido a efeitos imprevis\u00edveis. Este produto prejudica a condu\u00e7\u00e3o ou a utiliza\u00e7\u00e3o de m\u00e1quinas. Evitar a combina\u00e7\u00e3o com \u00e1lcool, drogas ou medicamentos para evitar riscos acrescidos. N\u00e3o \u00e9 adequado para menores de 18 anos. Dar prioridade \u00e0 seguran\u00e7a e \u00e0 responsabilidade durante a utiliza\u00e7\u00e3o.<\/p>","protected":false},"excerpt":{"rendered":"<p>Os esporos do cogumelo m\u00e1gico Colombian s\u00e3o a escolha perfeita para quem procura uma viagem sem se preocupar demasiado com o que vai ver. Os cogumelos m\u00e1gicos Colombian Psilocybe Colobienscens t\u00eam sido procurados por muitos, pois mant\u00eam uma atitude descontra\u00edda e gostam de viagens filos\u00f3ficas. Come\u00e7a a cultiv\u00e1-los!<\/p>","protected":false},"featured_media":36138,"template":"","meta":[],"product_brand":[],"product_cat":[399,297,403,398,384],"product_tag":[978],"class_list":{"0":"post-36176","1":"product","2":"type-product","3":"status-publish","4":"has-post-thumbnail","6":"product_cat-shroomshop","7":"product_cat-all-products","8":"product_cat-magic-mushroom-spore-syringes","9":"product_cat-mushrooms","10":"product_cat-smartshop","11":"product_tag-shrdeal","12":"product_shipping_class-group-7","14":"first","15":"instock","16":"taxable","17":"shipping-taxable","18":"purchasable","19":"product-type-variable","20":"has-default-attributes"},"_links":{"self":[{"href":"https:\/\/www.headshop.nl\/pt\/wp-json\/wp\/v2\/product\/36176","targetHints":{"allow":["GET"]}}],"collection":[{"href":"https:\/\/www.headshop.nl\/pt\/wp-json\/wp\/v2\/product"}],"about":[{"href":"https:\/\/www.headshop.nl\/pt\/wp-json\/wp\/v2\/types\/product"}],"wp:featuredmedia":[{"embeddable":true,"href":"https:\/\/www.headshop.nl\/pt\/wp-json\/wp\/v2\/media\/36138"}],"wp:attachment":[{"href":"https:\/\/www.headshop.nl\/pt\/wp-json\/wp\/v2\/media?parent=36176"}],"wp:term":[{"taxonomy":"product_brand","embeddable":true,"href":"https:\/\/www.headshop.nl\/pt\/wp-json\/wp\/v2\/product_brand?post=36176"},{"taxonomy":"product_cat","embeddable":true,"href":"https:\/\/www.headshop.nl\/pt\/wp-json\/wp\/v2\/product_cat?post=36176"},{"taxonomy":"product_tag","embeddable":true,"href":"https:\/\/www.headshop.nl\/pt\/wp-json\/wp\/v2\/product_tag?post=36176"}],"curies":[{"name":"wp","href":"https:\/\/api.w.org\/{rel}","templated":true}]}}