{"id":36174,"date":"2021-08-24T07:56:55","date_gmt":"2021-08-24T07:56:55","guid":{"rendered":"https:\/\/www.headshop.nl\/?post_type=product&#038;p=36174"},"modified":"2025-10-16T07:04:02","modified_gmt":"2025-10-16T07:04:02","slug":"mexican-magic-mushroom-spores","status":"publish","type":"product","link":"https:\/\/www.headshop.nl\/pt\/mexican-magic-mushroom-spores\/","title":{"rendered":"Mexican Esporos de cogumelos m\u00e1gicos"},"content":{"rendered":"<h2 dir=\"auto\">O que s\u00e3o esporos de cogumelos m\u00e1gicos Mexican?<\/h2>\n<p dir=\"auto\">Mexican Os esporos do cogumelo m\u00e1gico, derivados do Psilocybe mexicana, s\u00e3o famosos pelo seu significado hist\u00f3rico e cultural. Fornecidos numa ampola de cultura est\u00e9ril de 5 ML, estes esporos simplificam o cultivo, reduzindo os riscos de contamina\u00e7\u00e3o em compara\u00e7\u00e3o com as impress\u00f5es de esporos ou seringas tradicionais. Ideais para micologistas novatos e experientes, oferecem uma forma fi\u00e1vel e segura de cultivar mic\u00e9lio vibrante, ligando os utilizadores a uma tradi\u00e7\u00e3o secular de Mexican. A cultura pronta a usar da ampola promove uma experi\u00eancia de cultivo gratificante, misturando ci\u00eancia e espiritualidade. Conservar num ambiente escuro e refrigerado (2-8\u00b0C) para manter a qualidade, garantindo uma viagem profunda \u00e0 beleza natural da micologia.<\/p>\n<h2 dir=\"auto\">Hist\u00f3ria dos esporos do cogumelo m\u00e1gico Mexican<\/h2>\n<p dir=\"auto\">Enraizados nas pr\u00e1ticas espirituais ind\u00edgenas Mexican, os cogumelos Psilocybe mexicana eram sagrados em rituais pr\u00e9-coloniais, utilizados por xam\u00e3s para comunica\u00e7\u00e3o divina. A sua import\u00e2ncia manteve-se at\u00e9 aos anos 50, quando a descoberta da psilocibina nestes cogumelos despertou um interesse cient\u00edfico global, ligando as tradi\u00e7\u00f5es antigas \u00e0 micologia moderna. Atualmente, os esporos do cogumelo m\u00e1gico Mexican, preservados em ampolas de cultura est\u00e9reis, permitem aos cultivadores caseiros honrar este legado. Celebrados pela sua profundidade hist\u00f3rica, permitem aos entusiastas envolverem-se numa pr\u00e1tica venerada, mantendo a autenticidade da estirpe e a rever\u00eancia cultural atrav\u00e9s de um cultivo cuidadoso.<\/p>\n<h2 dir=\"auto\">Como utilizar os esporos do cogumelo m\u00e1gico Mexican<\/h2>\n<p dir=\"auto\">A utiliza\u00e7\u00e3o de Mexican Magic Mushroom Spores \u00e9 simples com a ampola de cultura est\u00e9ril. Lavar bem as m\u00e3os e limpar o exterior da ampola com uma compressa de \u00e1lcool est\u00e9ril. Num ambiente limpo, abrir a embalagem da seringa est\u00e9ril, desapertar ligeiramente a tampa da ampola e extrair a cultura de 5 ML atrav\u00e9s do selo de borracha. Inocular um substrato (por exemplo, mistura de vermiculite e perlite) e armazenar \u00e0 temperatura ambiente. O crescimento de mic\u00e9lio aparece dentro de dias, indicando sucesso. Manter um espa\u00e7o de trabalho esterilizado para obter resultados \u00f3ptimos. Armazenar os esporos n\u00e3o utilizados a 2-8\u00b0C num espa\u00e7o escuro e refrigerado para garantir a viabilidade futura.<\/p>\n<h2 dir=\"auto\">Ingredientes de Mexican Esporos de Cogumelos M\u00e1gicos<\/h2>\n<p dir=\"auto\">Cada ampola de cultura de 5 ML cont\u00e9m uma cultura est\u00e9ril de esporos de Psilocybe mexicana, concebida para ser pura e f\u00e1cil. O substrato recomendado inclui mic\u00e9lio, vermiculite para reten\u00e7\u00e3o de humidade e perlite para arejamento, criando condi\u00e7\u00f5es de crescimento \u00f3ptimas. Produzida sob condi\u00e7\u00f5es est\u00e9reis rigorosas, esta mistura sem contaminantes garante um cultivo fi\u00e1vel. Os ingredientes m\u00ednimos e de alta qualidade equilibram a simplicidade e a efic\u00e1cia, apoiando o desenvolvimento vibrante dos cogumelos. Esta f\u00f3rmula permite que tanto os principiantes como os especialistas cultivem com sucesso, honrando as origens antigas da estirpe ao mesmo tempo que aproveitam as t\u00e9cnicas modernas para uma experi\u00eancia micol\u00f3gica perfeita.<\/p>\n<p dir=\"auto\"><strong>Aviso<\/strong><\/p>\n<p dir=\"auto\">Manusear o Mexican Magic Mushroom Spores de forma respons\u00e1vel e manter fora do alcance das crian\u00e7as. Utilizar num ambiente seguro e controlado, com a presen\u00e7a de um companheiro de confian\u00e7a. N\u00e3o utilizar se estiver gr\u00e1vida ou a amamentar devido a potenciais riscos para a sa\u00fade. Este produto prejudica a condu\u00e7\u00e3o ou a utiliza\u00e7\u00e3o de m\u00e1quinas. Evitar a combina\u00e7\u00e3o com \u00e1lcool, drogas ou medicamentos para evitar efeitos adversos. N\u00e3o \u00e9 adequado para menores de 18 anos. Conservar num ambiente escuro e refrigerado (2-8\u00b0C). Seguir cuidadosamente as instru\u00e7\u00f5es de cultivo para garantir uma experi\u00eancia segura e positiva.<\/p>","protected":false},"excerpt":{"rendered":"<p>Sauda\u00e7\u00f5es, Cabe\u00e7a de Cogumelo. Queres um pouco de magia? N\u00e3o \u00e9 preciso viajar para uma gal\u00e1xia long\u00ednqua para esta mudan\u00e7a de perspetiva: compra Mexican Magic Mushroom Spores e deixa a tua mente vaguear livremente. Estes pequeninos s\u00e3o ligeiramente potentes e suaves para o teu c\u00e9rebro. Uma introdu\u00e7\u00e3o perfeita aos psicad\u00e9licos, garantida!<\/p>","protected":false},"featured_media":36160,"template":"","meta":[],"product_brand":[],"product_cat":[399,297,403,398,384],"product_tag":[978],"class_list":{"0":"post-36174","1":"product","2":"type-product","3":"status-publish","4":"has-post-thumbnail","6":"product_cat-shroomshop","7":"product_cat-all-products","8":"product_cat-magic-mushroom-spore-syringes","9":"product_cat-mushrooms","10":"product_cat-smartshop","11":"product_tag-shrdeal","12":"product_shipping_class-group-7","14":"first","15":"instock","16":"taxable","17":"shipping-taxable","18":"purchasable","19":"product-type-variable","20":"has-default-attributes"},"_links":{"self":[{"href":"https:\/\/www.headshop.nl\/pt\/wp-json\/wp\/v2\/product\/36174","targetHints":{"allow":["GET"]}}],"collection":[{"href":"https:\/\/www.headshop.nl\/pt\/wp-json\/wp\/v2\/product"}],"about":[{"href":"https:\/\/www.headshop.nl\/pt\/wp-json\/wp\/v2\/types\/product"}],"wp:featuredmedia":[{"embeddable":true,"href":"https:\/\/www.headshop.nl\/pt\/wp-json\/wp\/v2\/media\/36160"}],"wp:attachment":[{"href":"https:\/\/www.headshop.nl\/pt\/wp-json\/wp\/v2\/media?parent=36174"}],"wp:term":[{"taxonomy":"product_brand","embeddable":true,"href":"https:\/\/www.headshop.nl\/pt\/wp-json\/wp\/v2\/product_brand?post=36174"},{"taxonomy":"product_cat","embeddable":true,"href":"https:\/\/www.headshop.nl\/pt\/wp-json\/wp\/v2\/product_cat?post=36174"},{"taxonomy":"product_tag","embeddable":true,"href":"https:\/\/www.headshop.nl\/pt\/wp-json\/wp\/v2\/product_tag?post=36174"}],"curies":[{"name":"wp","href":"https:\/\/api.w.org\/{rel}","templated":true}]}}