{"id":36173,"date":"2021-08-24T07:56:53","date_gmt":"2021-08-24T07:56:53","guid":{"rendered":"https:\/\/www.headshop.nl\/?post_type=product&#038;p=36173"},"modified":"2025-10-16T07:04:02","modified_gmt":"2025-10-16T07:04:02","slug":"mckennaii-magic-mushroom-spores","status":"publish","type":"product","link":"https:\/\/www.headshop.nl\/pt\/mckennaii-magic-mushroom-spores\/","title":{"rendered":"McKennaii Esporos de cogumelos m\u00e1gicos"},"content":{"rendered":"<h2 dir=\"auto\">Hist\u00f3ria dos esporos do cogumelo m\u00e1gico McKennaii<\/h2>\n<p dir=\"auto\">Desenvolvida para homenagear Terence McKenna, uma figura-chave na defesa dos psicad\u00e9licos, a McKennaii Magic Mushroom Spores surgiu no final do s\u00e9culo XX como uma variedade resistente e potente de Psilocybe Cubensis. Inspirada nos ensinamentos de McKenna sobre o potencial espiritual da psilocibina, esta variedade ganhou for\u00e7a pelos seus efeitos intensos, apesar de ser mais dif\u00edcil de cultivar do que outras como a Hawaiian. A introdu\u00e7\u00e3o da Culture Ampoule revolucionou o cultivo dom\u00e9stico ao reduzir os riscos de contamina\u00e7\u00e3o. Misturando o legado de McKenna com a micologia moderna, os esporos McKennaii s\u00e3o apreciados globalmente, reflectindo a crescente aceita\u00e7\u00e3o dos psicad\u00e9licos como ferramentas para explora\u00e7\u00e3o pessoal e rever\u00eancia cultural.<\/p>\n<h2 dir=\"auto\">Como utilizar os esporos do cogumelo m\u00e1gico McKennaii<\/h2>\n<p dir=\"auto\">Utilizar os esporos do cogumelo m\u00e1gico McKennaii \u00e9 simples com a ampola de cultura est\u00e9ril. Lavar bem as m\u00e3os e limpar o exterior da ampola com uma compressa de \u00e1lcool est\u00e9ril. Num ambiente limpo, abrir a embalagem da seringa est\u00e9ril, desapertar ligeiramente a tampa da ampola e extrair a cultura atrav\u00e9s do selo de borracha. Inocular o substrato e conservar \u00e0 temperatura ambiente. O crescimento do mic\u00e9lio aparece em poucos dias, sinal de sucesso. Manter a esterilidade e cultivar num espa\u00e7o controlado. Este m\u00e9todo simplifica o cultivo em compara\u00e7\u00e3o com as impress\u00f5es de esporos, permitindo aos utilizadores cultivar cogumelos potentes de forma segura e com cuidados precisos.<\/p>\n<h2 dir=\"auto\">Ingredientes de McKennaii Esporos de Cogumelos M\u00e1gicos<\/h2>\n<p dir=\"auto\">Cada ampola de cultura de 5 ML cont\u00e9m 100% mic\u00e9lio, vermiculite e perlite, produzidos em condi\u00e7\u00f5es est\u00e9reis para um cultivo fi\u00e1vel. O mic\u00e9lio constitui a base para o crescimento dos cogumelos, a vermiculite ret\u00e9m a humidade e promove o arejamento e a perlite melhora a drenagem e a humidade. Esta mistura sem aditivos assegura um processo de cultivo natural e potente. Armazenar num ambiente escuro e refrigerado (2-8\u00b0C) para preservar a qualidade. Estes ingredientes sin\u00e9rgicos apoiam o desenvolvimento robusto dos cogumelos, tornando os esporos da McKennaii acess\u00edveis e potentes para os cultivadores que procuram os efeitos psicad\u00e9licos profundos desta variedade.<\/p>\n<p dir=\"auto\"><strong>Aviso<\/strong><\/p>\n<p dir=\"auto\">Manter o McKennaii Magic Mushroom Spores fora do alcance das crian\u00e7as e utiliz\u00e1-lo num ambiente seguro, dentro de casa, com a presen\u00e7a de um companheiro de confian\u00e7a. Evita a utiliza\u00e7\u00e3o em caso de gravidez ou amamenta\u00e7\u00e3o devido a potenciais riscos para a sa\u00fade. O consumo prejudica a condu\u00e7\u00e3o ou a utiliza\u00e7\u00e3o de m\u00e1quinas. N\u00e3o misturar com \u00e1lcool, drogas ou medicamentos para evitar intera\u00e7\u00f5es. N\u00e3o \u00e9 adequado para menores de 18 anos. Conservar num local escuro e refrigerado (2-8\u00b0C) e seguir cuidadosamente as instru\u00e7\u00f5es de cultivo para uma experi\u00eancia segura e respons\u00e1vel.<\/p>","protected":false},"excerpt":{"rendered":"<p>\u00c9 o McKennaii Magic Mushroom Spores, mas n\u00e3o te deixes enganar pelo seu nome engra\u00e7ado. Estes pequenotes poderosos s\u00e3o intensos. Sentir\u00e1s os efeitos alucinantes da cubensis logo \u00e0 partida e, a partir da\u00ed, estar\u00e1s no teu pr\u00f3prio parque de divers\u00f5es, a girar num caleidosc\u00f3pio estimulante, com os teus pensamentos a ficarem cada vez mais distorcidos. Parece uma loucura? \u00c9 porque \u00e9 mesmo!<\/p>","protected":false},"featured_media":36156,"template":"","meta":[],"product_brand":[],"product_cat":[399,297,403,398,384],"product_tag":[978],"class_list":{"0":"post-36173","1":"product","2":"type-product","3":"status-publish","4":"has-post-thumbnail","6":"product_cat-shroomshop","7":"product_cat-all-products","8":"product_cat-magic-mushroom-spore-syringes","9":"product_cat-mushrooms","10":"product_cat-smartshop","11":"product_tag-shrdeal","12":"product_shipping_class-group-7","14":"first","15":"instock","16":"taxable","17":"shipping-taxable","18":"purchasable","19":"product-type-variable","20":"has-default-attributes"},"_links":{"self":[{"href":"https:\/\/www.headshop.nl\/pt\/wp-json\/wp\/v2\/product\/36173","targetHints":{"allow":["GET"]}}],"collection":[{"href":"https:\/\/www.headshop.nl\/pt\/wp-json\/wp\/v2\/product"}],"about":[{"href":"https:\/\/www.headshop.nl\/pt\/wp-json\/wp\/v2\/types\/product"}],"wp:featuredmedia":[{"embeddable":true,"href":"https:\/\/www.headshop.nl\/pt\/wp-json\/wp\/v2\/media\/36156"}],"wp:attachment":[{"href":"https:\/\/www.headshop.nl\/pt\/wp-json\/wp\/v2\/media?parent=36173"}],"wp:term":[{"taxonomy":"product_brand","embeddable":true,"href":"https:\/\/www.headshop.nl\/pt\/wp-json\/wp\/v2\/product_brand?post=36173"},{"taxonomy":"product_cat","embeddable":true,"href":"https:\/\/www.headshop.nl\/pt\/wp-json\/wp\/v2\/product_cat?post=36173"},{"taxonomy":"product_tag","embeddable":true,"href":"https:\/\/www.headshop.nl\/pt\/wp-json\/wp\/v2\/product_tag?post=36173"}],"curies":[{"name":"wp","href":"https:\/\/api.w.org\/{rel}","templated":true}]}}