{"id":36127,"date":"2021-08-24T07:33:39","date_gmt":"2021-08-24T07:33:39","guid":{"rendered":"https:\/\/www.headshop.nl\/?post_type=product&#038;p=36127"},"modified":"2025-10-16T07:04:04","modified_gmt":"2025-10-16T07:04:04","slug":"mazatapec-magic-mushroom-spores","status":"publish","type":"product","link":"https:\/\/www.headshop.nl\/pt\/mazatapec-magic-mushroom-spores\/","title":{"rendered":"Mazatapec Esporos de cogumelos m\u00e1gicos"},"content":{"rendered":"<h2 dir=\"auto\">O que s\u00e3o esporos de cogumelos m\u00e1gicos Mazatapec?<\/h2>\n<p dir=\"auto\">Os esporos do cogumelo m\u00e1gico Mazatapec, uma estirpe potente de Psilocybe cubensis do Mazatapec, Mexico, s\u00e3o apreciados pelos seus efeitos espirituais e visuais. Fornecidos numa ampola de cultura est\u00e9ril de 5 ml com 100% mic\u00e9lio, vermiculite e perlite, estes esporos minimizam os riscos de contamina\u00e7\u00e3o, tornando o cultivo acess\u00edvel a principiantes e especialistas. Enraizados em rituais antigos Mexican, oferecem experi\u00eancias psicad\u00e9licas profundas e introspectivas. Armazenar num ambiente escuro e refrigerado (2-8\u00b0C) para manter a viabilidade. Reconhecidos pelo seu equil\u00edbrio entre facilidade e pot\u00eancia, os esporos Mazatapec s\u00e3o uma escolha popular para viagens transformadoras na comunidade psicad\u00e9lica.<\/p>\n<h2 dir=\"auto\">Hist\u00f3ria dos esporos de cogumelos m\u00e1gicos Mazatapec<\/h2>\n<p dir=\"auto\">Origin\u00e1rios do Mazatapec, Mexico, os esporos do cogumelo m\u00e1gico Mazatapec t\u00eam sido fundamentais para os rituais espirituais ind\u00edgenas, ligando os utilizadores a reinos divinos. Ganhando proemin\u00eancia durante o surto psicad\u00e9lico do s\u00e9culo XX, a sua resili\u00eancia e facilidade de cultivo tornaram-nos os favoritos dos micologistas. O desenvolvimento da Ampola de Cultura melhorou a sua acessibilidade ao garantir a esterilidade. Celebrada pelos seus efeitos visuais e espirituais consistentes, esta variedade mistura a heran\u00e7a cultural do Mexico com a micologia moderna, permanecendo uma escolha apreciada por aqueles que procuram experi\u00eancias psicad\u00e9licas significativas ligadas a tradi\u00e7\u00f5es antigas.<\/p>\n<h2 dir=\"auto\">Como utilizar os esporos do cogumelo m\u00e1gico Mazatapec<\/h2>\n<p dir=\"auto\">Utilizar os esporos do cogumelo m\u00e1gico Mazatapec \u00e9 simples com a ampola de cultura est\u00e9ril. Lavar bem as m\u00e3os e limpar o exterior da ampola com uma compressa de \u00e1lcool est\u00e9ril. Num ambiente limpo, abrir a embalagem da seringa est\u00e9ril, desapertar ligeiramente a tampa da ampola e extrair a cultura de 5 ML atrav\u00e9s do selo de borracha. Inocular uniformemente o substrato e conservar \u00e0 temperatura ambiente. O mic\u00e9lio aparece em poucos dias, embora o Mazatapec exija paci\u00eancia devido a um ciclo de crescimento mais longo. Mant\u00e9m a esterilidade e consome num ambiente seguro com um companheiro de confian\u00e7a, come\u00e7ando com uma dose baixa.<\/p>\n<h2 dir=\"auto\">Ingredientes de Mazatapec Magic Mushroom Spores<\/h2>\n<p dir=\"auto\">Cada ampola de cultura de 5 ML cont\u00e9m 100% mic\u00e9lio, vermiculite e perlite, preparados em condi\u00e7\u00f5es est\u00e9reis para garantir a pureza e um crescimento robusto. O mic\u00e9lio impulsiona o desenvolvimento dos cogumelos, a vermiculite ret\u00e9m a humidade e a perlite melhora o arejamento e a drenagem. Esta mistura sem aditivos apoia a pot\u00eancia e a acessibilidade da estirpe Mazatapec. Armazenar num ambiente escuro e refrigerado (2-8\u00b0C) para preservar a viabilidade. Estes componentes de alta qualidade criam um ambiente de cultivo ideal, proporcionando um produto fi\u00e1vel e eficaz para principiantes e cultivadores experientes que procuram uma experi\u00eancia psicad\u00e9lica gratificante.<\/p>\n<p dir=\"auto\"><strong>Aviso<\/strong><\/p>\n<p dir=\"auto\">Manter o Mazatapec Magic Mushroom Spores fora do alcance das crian\u00e7as e utiliz\u00e1-lo num ambiente seguro, dentro de casa, com a presen\u00e7a de um companheiro de confian\u00e7a. N\u00e3o uses se estiveres gr\u00e1vida ou a amamentar devido aos riscos potenciais. O consumo prejudica a condu\u00e7\u00e3o ou a utiliza\u00e7\u00e3o de m\u00e1quinas. Evita a combina\u00e7\u00e3o com \u00e1lcool, drogas ou medicamentos para evitar efeitos imprevis\u00edveis. N\u00e3o \u00e9 adequado para menores de 18 anos. Conservar num ambiente escuro e refrigerado (2-8\u00b0C) e seguir as instru\u00e7\u00f5es de cultivo para uma utiliza\u00e7\u00e3o segura e respons\u00e1vel.<\/p>","protected":false},"excerpt":{"rendered":"<p>Os cogumelos m\u00e1gicos Mazatapec n\u00e3o s\u00f3 proporcionam uma experi\u00eancia mais positiva e equilibrada do que outras variedades de subst\u00e2ncias psicad\u00e9licas, como tamb\u00e9m aumentam a criatividade. Com a nossa solu\u00e7\u00e3o colonizada de esporos de cogumelos m\u00e1gicos, podes cultivar a quantidade de cogumelos m\u00e1gicos que quiseres! Fixe, n\u00e3o \u00e9?<\/p>","protected":false},"featured_media":36180,"template":"","meta":[],"product_brand":[],"product_cat":[399,297,403,398,384],"product_tag":[978],"class_list":{"0":"post-36127","1":"product","2":"type-product","3":"status-publish","4":"has-post-thumbnail","6":"product_cat-shroomshop","7":"product_cat-all-products","8":"product_cat-magic-mushroom-spore-syringes","9":"product_cat-mushrooms","10":"product_cat-smartshop","11":"product_tag-shrdeal","12":"product_shipping_class-group-7","14":"first","15":"instock","16":"taxable","17":"shipping-taxable","18":"purchasable","19":"product-type-variable","20":"has-default-attributes"},"_links":{"self":[{"href":"https:\/\/www.headshop.nl\/pt\/wp-json\/wp\/v2\/product\/36127","targetHints":{"allow":["GET"]}}],"collection":[{"href":"https:\/\/www.headshop.nl\/pt\/wp-json\/wp\/v2\/product"}],"about":[{"href":"https:\/\/www.headshop.nl\/pt\/wp-json\/wp\/v2\/types\/product"}],"wp:featuredmedia":[{"embeddable":true,"href":"https:\/\/www.headshop.nl\/pt\/wp-json\/wp\/v2\/media\/36180"}],"wp:attachment":[{"href":"https:\/\/www.headshop.nl\/pt\/wp-json\/wp\/v2\/media?parent=36127"}],"wp:term":[{"taxonomy":"product_brand","embeddable":true,"href":"https:\/\/www.headshop.nl\/pt\/wp-json\/wp\/v2\/product_brand?post=36127"},{"taxonomy":"product_cat","embeddable":true,"href":"https:\/\/www.headshop.nl\/pt\/wp-json\/wp\/v2\/product_cat?post=36127"},{"taxonomy":"product_tag","embeddable":true,"href":"https:\/\/www.headshop.nl\/pt\/wp-json\/wp\/v2\/product_tag?post=36127"}],"curies":[{"name":"wp","href":"https:\/\/api.w.org\/{rel}","templated":true}]}}