{"id":36019,"date":"2021-08-23T11:55:09","date_gmt":"2021-08-23T11:55:09","guid":{"rendered":"https:\/\/www.headshop.nl\/?post_type=product&#038;p=36019"},"modified":"2025-10-16T07:02:46","modified_gmt":"2025-10-16T07:02:46","slug":"mexican-magic-mushroom-grow-kit","status":"publish","type":"product","link":"https:\/\/www.headshop.nl\/pt\/mexican-magic-mushroom-grow-kit\/","title":{"rendered":"Mexican Kit de cultivo de cogumelos m\u00e1gicos"},"content":{"rendered":"<h2 dir=\"auto\">O que s\u00e3o os cogumelos Mexican?<\/h2>\n<p dir=\"auto\">Os cogumelos Mexican s\u00e3o uma escolha f\u00e1cil para principiantes para uma experi\u00eancia psicad\u00e9lica vibrante e energizante, proporcionando uma viagem visualmente cativante que parece uma explos\u00e3o de positividade. O kit de cultivo tudo-em-um torna o cultivo acess\u00edvel, incluindo um saco de cultivo com filtros de ar e clipes de papel, necessitando apenas de \u00e1gua para produzir at\u00e9 tr\u00eas colheitas, com a primeira a render cerca de 500 gramas a partir de um kit de 1200 cc.<\/p>\n<p dir=\"auto\">Armazenado num ambiente fresco, o kit mant\u00e9m-se vi\u00e1vel durante cerca de seis meses, embora o seu prazo de validade diminua fora de refrigera\u00e7\u00e3o. Este produto de f\u00e1cil utiliza\u00e7\u00e3o convida tanto os novatos como os entusiastas a explorar a micologia, oferecendo uma forma fi\u00e1vel de cultivar cogumelos Mexican de alta qualidade em casa para uma experi\u00eancia gratificante e envolvente.<\/p>\n<h2 dir=\"auto\">Hist\u00f3ria dos cogumelos Mexican<\/h2>\n<p dir=\"auto\">Profundamente enraizados nas tradi\u00e7\u00f5es ind\u00edgenas do Mexico, os cogumelos Mexican, conhecidos como \"teonan\u00e1catl\" ou \"carne dos deuses\", s\u00e3o usados h\u00e1 s\u00e9culos em rituais espirituais e de cura por grupos como os Mazatecas. Os seus efeitos, impulsionados pela psilocibina, eram reverenciados por promoverem liga\u00e7\u00f5es com a natureza e o divino, ganhando aten\u00e7\u00e3o global em meados do s\u00e9culo XX atrav\u00e9s do trabalho do etnobot\u00e2nico R. Gordon Wasson.<\/p>\n<p dir=\"auto\">O All-in-One GrowKit traz esta pr\u00e1tica antiga aos cultivadores modernos, combinando o significado tradicional com os avan\u00e7os da micologia. O seu design garante uma qualidade consistente, permitindo aos utilizadores cultivar estes cogumelos culturalmente ricos em casa, ligando a sabedoria hist\u00f3rica \u00e0 explora\u00e7\u00e3o psicad\u00e9lica contempor\u00e2nea.<\/p>\n<h2 dir=\"auto\">Como utilizar os cogumelos Mexican<\/h2>\n<p dir=\"auto\">Para cultivar os cogumelos Mexican com o All-in-One GrowKit, limpa as tuas m\u00e3os e o exterior do kit, depois mergulha o kit em \u00e1gua morna (20\u00b0C) durante cinco minutos, n\u00e3o excedendo uma hora. Escorrer, colocar no saco de cultivo com 200-250 ml de \u00e1gua, fechar com clipes de papel e armazenar a 20-25\u00b0C, evitando a luz solar, at\u00e9 se formarem cabe\u00e7as de alfinete, em 10-20 dias.<\/p>\n<p dir=\"auto\">Quando aparecerem cabe\u00e7as de alfinete, arejar o saco diariamente e nebulizar ligeiramente. Colhe imediatamente antes de o v\u00e9u se romper, torcendo os cogumelos para fora, repetindo at\u00e9 tr\u00eas fluxos. Este processo simples garante colheitas vibrantes e de alta qualidade, tornando o cultivo uma experi\u00eancia acess\u00edvel e gratificante para todos os n\u00edveis de aptid\u00e3o.<\/p>\n<h2 dir=\"auto\">Ingredientes de Mexican Cogumelos<\/h2>\n<p dir=\"auto\">O All-in-One GrowKit for Mexican Mushrooms inclui um substrato pr\u00e9-embalado optimizado para o crescimento, um saco de cultivo com filtros de ar e dois clipes para manter um ambiente controlado. O substrato suporta at\u00e9 tr\u00eas colheitas, sendo apenas necess\u00e1ria \u00e1gua morna (20\u00b0C), e baseia-se na psilocibina natural dos cogumelos, que se converte em psilocina para efeitos psicad\u00e9licos.<\/p>\n<p dir=\"auto\">N\u00e3o s\u00e3o necess\u00e1rios nutrientes ou qu\u00edmicos adicionais, assegurando um processo natural. Este design simplificado proporciona cogumelos Mexican consistentes e de alta qualidade, tornando o cultivo simples e eficaz para principiantes e cultivadores experientes que procuram a viagem energizante e aut\u00eantica desta variedade.<\/p>\n<p dir=\"auto\"><strong>Aviso<\/strong><\/p>\n<p dir=\"auto\">Mexican Os cogumelos cont\u00eam psilocibina e psilocina, alucinog\u00e9nios potentes que alteram o humor, a perce\u00e7\u00e3o e a cogni\u00e7\u00e3o atrav\u00e9s do sistema de serotonina do c\u00e9rebro. Consumir com precau\u00e7\u00e3o num ambiente seguro devido aos seus efeitos fortes, e estar atento \u00e0 experi\u00eancia psicad\u00e9lica.<\/p>\n<p dir=\"auto\">Guarda os cogumelos e o kit de cultivo fora do alcance das crian\u00e7as para evitar a ingest\u00e3o acidental. Consultar um profissional se n\u00e3o tiver a certeza dos efeitos ou intera\u00e7\u00f5es, assegurando uma utiliza\u00e7\u00e3o respons\u00e1vel num ambiente controlado para uma experi\u00eancia segura.<\/p>","protected":false},"excerpt":{"rendered":"<p>A sensa\u00e7\u00e3o calorosa e acolhedora destes cogumelos m\u00e1gicos torna-os a variedade perfeita para principiantes. O baixo n\u00edvel de pot\u00eancia permite que as pessoas demorem o seu tempo a adaptar-se para poderem desfrutar plenamente desta experi\u00eancia especial sem medo ou preocupa\u00e7\u00e3o. Os Mexicans trazem-lhe riso, divers\u00e3o e tornam a sua viagem t\u00e3o acolhedora quanto poss\u00edvel!<\/p>","protected":false},"featured_media":36049,"template":"","meta":[],"product_brand":[],"product_cat":[399,297,833,400,398,384],"product_tag":[978],"class_list":{"0":"post-36019","1":"product","2":"type-product","3":"status-publish","4":"has-post-thumbnail","6":"product_cat-shroomshop","7":"product_cat-all-products","8":"product_cat-beginner-magic-mushrooms","9":"product_cat-magic-mushroom-grow-kits","10":"product_cat-mushrooms","11":"product_cat-smartshop","12":"product_tag-shrdeal","13":"product_shipping_class-group-7","15":"first","16":"instock","17":"taxable","18":"shipping-taxable","19":"purchasable","20":"product-type-variable","21":"has-default-attributes"},"_links":{"self":[{"href":"https:\/\/www.headshop.nl\/pt\/wp-json\/wp\/v2\/product\/36019","targetHints":{"allow":["GET"]}}],"collection":[{"href":"https:\/\/www.headshop.nl\/pt\/wp-json\/wp\/v2\/product"}],"about":[{"href":"https:\/\/www.headshop.nl\/pt\/wp-json\/wp\/v2\/types\/product"}],"wp:featuredmedia":[{"embeddable":true,"href":"https:\/\/www.headshop.nl\/pt\/wp-json\/wp\/v2\/media\/36049"}],"wp:attachment":[{"href":"https:\/\/www.headshop.nl\/pt\/wp-json\/wp\/v2\/media?parent=36019"}],"wp:term":[{"taxonomy":"product_brand","embeddable":true,"href":"https:\/\/www.headshop.nl\/pt\/wp-json\/wp\/v2\/product_brand?post=36019"},{"taxonomy":"product_cat","embeddable":true,"href":"https:\/\/www.headshop.nl\/pt\/wp-json\/wp\/v2\/product_cat?post=36019"},{"taxonomy":"product_tag","embeddable":true,"href":"https:\/\/www.headshop.nl\/pt\/wp-json\/wp\/v2\/product_tag?post=36019"}],"curies":[{"name":"wp","href":"https:\/\/api.w.org\/{rel}","templated":true}]}}