{"id":36015,"date":"2021-08-23T11:55:06","date_gmt":"2021-08-23T11:55:06","guid":{"rendered":"https:\/\/www.headshop.nl\/?post_type=product&#038;p=36015"},"modified":"2025-12-06T01:27:06","modified_gmt":"2025-12-06T01:27:06","slug":"mazatapec-magic-mushroom-grow-kit","status":"publish","type":"product","link":"https:\/\/www.headshop.nl\/pt\/mazatapec-magic-mushroom-grow-kit\/","title":{"rendered":"Mazatapec Kit de cultivo de cogumelos m\u00e1gicos"},"content":{"rendered":"<h2 dir=\"auto\">O que s\u00e3o os kits de cultivo Mazatapec?<\/h2>\n<p dir=\"auto\">O kit de cultivo Mazatapec \u00e9 uma solu\u00e7\u00e3o completa para cultivar cogumelos m\u00e1gicos em casa, proporcionando uma experi\u00eancia espiritual e visualmente rica, enraizada na heran\u00e7a Mexican. Incluindo um saco de cultivo com filtros de ar e clipes de papel, este kit requer apenas \u00e1gua e instru\u00e7\u00f5es simples para produzir at\u00e9 tr\u00eas colheitas, com a primeira a produzir cerca de 400 gramas a partir de um kit de 1200cc.<\/p>\n<p dir=\"auto\">Ideal para principiantes e entusiastas, o kit mant\u00e9m-se vi\u00e1vel durante seis meses quando refrigerado, embora o seu prazo de validade seja limitado noutros casos. O seu design de f\u00e1cil utiliza\u00e7\u00e3o elimina a necessidade de equipamento especializado, garantindo cogumelos consistentes e de alta qualidade, ao mesmo tempo que celebra as antigas tradi\u00e7\u00f5es de cultivo com a conveni\u00eancia moderna.<\/p>\n<h2 dir=\"auto\">Hist\u00f3ria dos kits de cultivo Mazatapec<\/h2>\n<p dir=\"auto\">Baptizados com o nome do povo Mazateca do M\u00e9xico, os cogumelos Mazatapec s\u00e3o utilizados h\u00e1 s\u00e9culos em cerim\u00f3nias espirituais para estabelecer liga\u00e7\u00f5es com o divino. O seu significado cultural inspirou o desenvolvimento do kit de cultivo Mazatapec no final do s\u00e9culo XX, quando os avan\u00e7os da micologia tornaram o cultivo caseiro acess\u00edvel a um p\u00fablico global.<\/p>\n<p dir=\"auto\">O kit tudo-em-um combina substrato, esporos e um ambiente controlado, preservando as propriedades potentes da variedade e simplificando o processo. Atualmente, mistura a rever\u00eancia hist\u00f3rica com a inova\u00e7\u00e3o cient\u00edfica, apelando a quem procura uma experi\u00eancia profunda ligada a tradi\u00e7\u00f5es antigas e \u00e0 explora\u00e7\u00e3o psicad\u00e9lica moderna.<\/p>\n<h2 dir=\"auto\">Como utilizar os kits de cultivo Mazatapec<\/h2>\n<p dir=\"auto\">Para utilizar o kit de cultivo Mazatapec, limpa as tuas m\u00e3os e o exterior do kit, depois mergulha o kit em \u00e1gua morna (20\u00b0C) durante cinco minutos, n\u00e3o excedendo uma hora. Escorre, coloca-o no saco de cultivo com 200-250 ml de \u00e1gua, fecha-o com clipes de papel e conserva-o a 20-25\u00b0C, evitando a luz solar, at\u00e9 se formarem cabe\u00e7as de alfinete, dentro de 10-20 dias.<\/p>\n<p dir=\"auto\">Quando aparecerem cabe\u00e7as de alfinete, arejar o saco diariamente e nebulizar ligeiramente. Colher os cogumelos imediatamente antes de o v\u00e9u se romper, torcendo-os para fora, repetindo at\u00e9 tr\u00eas fluxos. Este m\u00e9todo simples, apoiado pelo design do kit, garante um crescimento \u00f3timo e uma experi\u00eancia espiritual gratificante com o m\u00ednimo de esfor\u00e7o.<\/p>\n<h2 dir=\"auto\">Ingredientes de Mazatapec Growkits<\/h2>\n<p dir=\"auto\">O kit de cultivo Mazatapec inclui um substrato esterilizado de materiais org\u00e2nicos como gr\u00e3o, vermiculite e perlite, infundido com esporos de Mazatapec para suportar um crescimento robusto. Um saco de cultivo com filtros de ar e dois clipes de papel mant\u00e9m os n\u00edveis de humidade e CO2, necessitando apenas de \u00e1gua morna para iniciar o cultivo sem qu\u00edmicos adicionais.<\/p>\n<p dir=\"auto\">Os esporos cont\u00eam naturalmente psilocibina, o que provoca os efeitos psicoactivos dos cogumelos. Este design natural e simplificado garante rendimentos aut\u00eanticos e potentes, reflectindo o significado hist\u00f3rico da variedade e tornando o cultivo acess\u00edvel e eficaz para os utilizadores que procuram uma experi\u00eancia genu\u00edna e de alta qualidade.<\/p>\n<p dir=\"auto\"><strong>Aviso<\/strong><\/p>\n<p dir=\"auto\">Os cogumelos Mazatapec cont\u00eam psilocibina e psilocina, alucinog\u00e9nios potentes que alteram o humor, a perce\u00e7\u00e3o e a cogni\u00e7\u00e3o ao afectarem os n\u00edveis de serotonina. Consumir com precau\u00e7\u00e3o num ambiente seguro devido aos seus fortes efeitos.<\/p>\n<p dir=\"auto\">Guarda os cogumelos e o kit de cultivo fora do alcance das crian\u00e7as para evitar a ingest\u00e3o acidental. Consultar um profissional de sa\u00fade antes da utiliza\u00e7\u00e3o, especialmente se tiveres problemas de sa\u00fade ou tomares medicamentos, para garantir uma utiliza\u00e7\u00e3o segura e respons\u00e1vel.<\/p>","protected":false},"excerpt":{"rendered":"<p>Uma experi\u00eancia psicad\u00e9lica com os cogumelos m\u00e1gicos Mazatapec \u00e9 mais equilibrada do que se poderia esperar \u00e0 primeira vista. Tendem a proporcionar fortes efeitos visuais, sem deixar o utilizador confuso como acontece com outras variedades de psilocibina. Uma op\u00e7\u00e3o forte e excelente para quem procura uma experi\u00eancia psicad\u00e9lica visual definitiva!<\/p>","protected":false},"featured_media":36105,"template":"","meta":[],"product_brand":[],"product_cat":[399,297,400,398,384,834],"product_tag":[978],"class_list":{"0":"post-36015","1":"product","2":"type-product","3":"status-publish","4":"has-post-thumbnail","6":"product_cat-shroomshop","7":"product_cat-all-products","8":"product_cat-magic-mushroom-grow-kits","9":"product_cat-mushrooms","10":"product_cat-smartshop","11":"product_cat-strong-magic-mushrooms","12":"product_tag-shrdeal","13":"product_shipping_class-group-7","15":"first","16":"instock","17":"taxable","18":"shipping-taxable","19":"purchasable","20":"product-type-variable","21":"has-default-attributes"},"_links":{"self":[{"href":"https:\/\/www.headshop.nl\/pt\/wp-json\/wp\/v2\/product\/36015","targetHints":{"allow":["GET"]}}],"collection":[{"href":"https:\/\/www.headshop.nl\/pt\/wp-json\/wp\/v2\/product"}],"about":[{"href":"https:\/\/www.headshop.nl\/pt\/wp-json\/wp\/v2\/types\/product"}],"wp:featuredmedia":[{"embeddable":true,"href":"https:\/\/www.headshop.nl\/pt\/wp-json\/wp\/v2\/media\/36105"}],"wp:attachment":[{"href":"https:\/\/www.headshop.nl\/pt\/wp-json\/wp\/v2\/media?parent=36015"}],"wp:term":[{"taxonomy":"product_brand","embeddable":true,"href":"https:\/\/www.headshop.nl\/pt\/wp-json\/wp\/v2\/product_brand?post=36015"},{"taxonomy":"product_cat","embeddable":true,"href":"https:\/\/www.headshop.nl\/pt\/wp-json\/wp\/v2\/product_cat?post=36015"},{"taxonomy":"product_tag","embeddable":true,"href":"https:\/\/www.headshop.nl\/pt\/wp-json\/wp\/v2\/product_tag?post=36015"}],"curies":[{"name":"wp","href":"https:\/\/api.w.org\/{rel}","templated":true}]}}