{"id":36011,"date":"2021-08-23T11:55:04","date_gmt":"2021-08-23T11:55:04","guid":{"rendered":"https:\/\/www.headshop.nl\/?post_type=product&#038;p=36011"},"modified":"2025-10-16T07:02:47","modified_gmt":"2025-10-16T07:02:47","slug":"mckennaii-magic-mushroom-grow-kit","status":"publish","type":"product","link":"https:\/\/www.headshop.nl\/pt\/mckennaii-magic-mushroom-grow-kit\/","title":{"rendered":"Kit de cultivo de cogumelos m\u00e1gicos Mckennaii"},"content":{"rendered":"<h2 class=\"\" dir=\"auto\">O que s\u00e3o os kits de cultivo McKennaii?<\/h2>\n<p class=\"break-words\" dir=\"auto\">O kit de cultivo McKennaii \u00e9 um pacote completo e f\u00e1cil de usar para cultivar cogumelos m\u00e1gicos McKennaii potentes em casa, proporcionando efeitos visuais e emocionais intensos. Equipado com um saco de cultivo, filtros de ar e clipes de papel, o kit requer apenas \u00e1gua e passos simples para produzir cerca de 400 gramas na primeira colheita de um kit de 1200cc, sendo poss\u00edvel efetuar at\u00e9 tr\u00eas colheitas.<\/p>\n<p class=\"break-words\" dir=\"auto\">Armazenado num ambiente fresco, o kit mant\u00e9m-se vi\u00e1vel durante seis meses, embora o seu prazo de validade seja limitado fora de refrigera\u00e7\u00e3o. Perfeito para principiantes e entusiastas, o seu design simples garante resultados consistentes e de alta qualidade, tornando-o uma escolha popular para quem procura uma experi\u00eancia de cultivo vibrante e gratificante.<\/p>\n<h2 class=\"\" dir=\"auto\">Hist\u00f3ria dos GrowKits McKennaii<\/h2>\n<p class=\"break-words\" dir=\"auto\">Baptizada com o nome do etnobot\u00e2nico Terence McKenna, a variedade McKennaii honra o seu legado de promo\u00e7\u00e3o da explora\u00e7\u00e3o da psilocibina. O McKennaii GrowKit surgiu como uma solu\u00e7\u00e3o moderna, simplificando o cultivo caseiro desta potente variedade, que se baseia em s\u00e9culos de uso espiritual e cultural de cogumelos em v\u00e1rias civiliza\u00e7\u00f5es.<\/p>\n<p class=\"break-words\" dir=\"auto\">Os avan\u00e7os na micologia levaram a kits tudo-em-um, tornando o cultivo acess\u00edvel sem conhecimentos especializados. O kit de cultivo McKennaii combina t\u00e9cnicas tradicionais com tecnologia contempor\u00e2nea, oferecendo rendimentos fi\u00e1veis e efeitos v\u00edvidos, reflectindo o fasc\u00ednio crescente pelo auto-cultivo e pela explora\u00e7\u00e3o da consci\u00eancia no renascimento psicad\u00e9lico atual.<\/p>\n<h2 class=\"\" dir=\"auto\">Como utilizar os kits de cultivo McKennaii<\/h2>\n<p class=\"break-words\" dir=\"auto\">Para utilizar o kit de cultivo McKennaii, limpa as tuas m\u00e3os e o exterior do kit, depois mergulha-o em \u00e1gua morna (20\u00b0C) durante cinco minutos com a tampa aberta, n\u00e3o excedendo uma hora. Escorre, coloca-o no saco de cultivo com 200-250 ml de \u00e1gua, fecha-o com clipes de papel e conserva-o a 20-25\u00b0C, evitando a luz solar, at\u00e9 se formarem cabe\u00e7as de alfinete, dentro de 10-20 dias.<\/p>\n<p class=\"break-words\" dir=\"auto\">Quando aparecerem cabe\u00e7as de alfinete, arejar o saco diariamente e nebulizar ligeiramente. Colhe os cogumelos imediatamente antes de o v\u00e9u se romper, torcendo-os para fora, repetindo at\u00e9 tr\u00eas fluxos. Este processo f\u00e1cil maximiza o rendimento e a qualidade, garantindo uma viagem de cultivo gratificante com os potentes cogumelos McKennaii.<\/p>\n<h2 class=\"\" dir=\"auto\">Ingredientes dos GrowKits McKennaii<\/h2>\n<p class=\"break-words\" dir=\"auto\">O McKennaii GrowKit apresenta um substrato pr\u00e9-inoculado de materiais org\u00e2nicos, como gr\u00e3o de centeio e vermiculite, colonizado com mic\u00e9lio McKennaii para suportar um crescimento robusto. Inclui um saco de cultivo com filtros de ar e dois clipes de papel para manter a humidade e o fluxo de ar, necessitando apenas de \u00e1gua para ser ativado, sem adi\u00e7\u00e3o de qu\u00edmicos.<\/p>\n<p class=\"break-words\" dir=\"auto\">O conte\u00fado natural de psilocibina do substrato impulsiona os efeitos psicad\u00e9licos dos cogumelos, garantindo a pureza e a pot\u00eancia em v\u00e1rios fluxos. Este design tudo-em-um simplifica o cultivo, fornecendo resultados consistentes e de alta qualidade para cultivadores de todos os n\u00edveis, preservando as propriedades aut\u00eanticas da variedade.<\/p>\n<p dir=\"auto\"><strong>Aviso: Cogumelos m\u00e1gicos e seguran\u00e7a<\/strong><\/p>\n<p class=\"break-words\" dir=\"auto\">Os cogumelos McKennaii cont\u00eam psilocibina e psilocina, alucinog\u00e9nios potentes que alteram o humor, a perce\u00e7\u00e3o e a cogni\u00e7\u00e3o ao afetar os n\u00edveis de serotonina, podendo causar alucina\u00e7\u00f5es v\u00edvidas. Consome com cuidado num ambiente seguro e evita o consumo se tiveres problemas de sa\u00fade mental ou se tomares medicamentos que afectem a serotonina.<\/p>\n<p class=\"break-words\" dir=\"auto\">Guarda o kit de cultivo e os cogumelos fora do alcance das crian\u00e7as para evitar a ingest\u00e3o acidental. A utiliza\u00e7\u00e3o respons\u00e1vel e o conhecimento dos efeitos destes compostos s\u00e3o cruciais para uma experi\u00eancia segura e controlada com estas subst\u00e2ncias poderosas.<\/p>","protected":false},"excerpt":{"rendered":"<p>Por cada tripper que quer saber como \u00e9, h\u00e1 outros que querem exatamente o oposto: uma experi\u00eancia espiritual. Afinal, foi assim que surgiram estes cogumelos m\u00e1gicos, que receberam o nome do psiconauta mais famoso da hist\u00f3ria e que trar\u00e3o esp\u00edritos fortes a qualquer pessoa suficientemente disposta a experiment\u00e1-los.<\/p>","protected":false},"featured_media":36111,"template":"","meta":[],"product_brand":[],"product_cat":[399,297,400,398,626,384,625,834],"product_tag":[978],"class_list":{"0":"post-36011","1":"product","2":"type-product","3":"status-publish","4":"has-post-thumbnail","6":"product_cat-shroomshop","7":"product_cat-all-products","8":"product_cat-magic-mushroom-grow-kits","9":"product_cat-mushrooms","10":"product_cat-shroomshop-top-10","11":"product_cat-smartshop","12":"product_cat-smartshop-top-10","13":"product_cat-strong-magic-mushrooms","14":"product_tag-shrdeal","15":"product_shipping_class-group-7","17":"first","18":"instock","19":"taxable","20":"shipping-taxable","21":"purchasable","22":"product-type-variable","23":"has-default-attributes"},"_links":{"self":[{"href":"https:\/\/www.headshop.nl\/pt\/wp-json\/wp\/v2\/product\/36011","targetHints":{"allow":["GET"]}}],"collection":[{"href":"https:\/\/www.headshop.nl\/pt\/wp-json\/wp\/v2\/product"}],"about":[{"href":"https:\/\/www.headshop.nl\/pt\/wp-json\/wp\/v2\/types\/product"}],"wp:featuredmedia":[{"embeddable":true,"href":"https:\/\/www.headshop.nl\/pt\/wp-json\/wp\/v2\/media\/36111"}],"wp:attachment":[{"href":"https:\/\/www.headshop.nl\/pt\/wp-json\/wp\/v2\/media?parent=36011"}],"wp:term":[{"taxonomy":"product_brand","embeddable":true,"href":"https:\/\/www.headshop.nl\/pt\/wp-json\/wp\/v2\/product_brand?post=36011"},{"taxonomy":"product_cat","embeddable":true,"href":"https:\/\/www.headshop.nl\/pt\/wp-json\/wp\/v2\/product_cat?post=36011"},{"taxonomy":"product_tag","embeddable":true,"href":"https:\/\/www.headshop.nl\/pt\/wp-json\/wp\/v2\/product_tag?post=36011"}],"curies":[{"name":"wp","href":"https:\/\/api.w.org\/{rel}","templated":true}]}}