{"id":36007,"date":"2021-08-22T11:55:02","date_gmt":"2021-08-22T11:55:02","guid":{"rendered":"https:\/\/www.headshop.nl\/?post_type=product&#038;p=36007"},"modified":"2025-10-21T06:36:16","modified_gmt":"2025-10-21T06:36:16","slug":"b-magic-mushroom-grow-kit","status":"publish","type":"product","link":"https:\/\/www.headshop.nl\/pt\/b-magic-mushroom-grow-kit\/","title":{"rendered":"B+ Kit de cultivo de cogumelos m\u00e1gicos"},"content":{"rendered":"<h2 dir=\"auto\">O que s\u00e3o os cogumelos m\u00e1gicos B+?<\/h2>\n<p dir=\"auto\">O kit de cultivo tudo-em-um B+ \u00e9 uma solu\u00e7\u00e3o f\u00e1cil de usar para cultivar cogumelos m\u00e1gicos B+, conhecidos pelo seu tamanho grande e efeitos psicad\u00e9licos potentes. Incluindo um substrato pr\u00e9-preparado, um saco de cultivo com filtros de ar e dois clipes de papel, o kit requer apenas \u00e1gua e instru\u00e7\u00f5es simples para produzir at\u00e9 400 gramas na primeira colheita de um kit de 1200cc, sendo poss\u00edveis tr\u00eas colheitas.<\/p>\n<p dir=\"auto\">Armazenado no frigor\u00edfico, o kit mant\u00e9m-se vi\u00e1vel durante seis meses, embora o seu prazo de validade seja limitado fora do armazenamento a frio. Ideal para principiantes e cultivadores experientes, o crescimento robusto da estirpe B+ e as experi\u00eancias v\u00edvidas, impulsionadas pela psilocibina, fazem deste kit uma escolha fi\u00e1vel para uma viagem de cultivo gratificante.<\/p>\n<h2 dir=\"auto\">Hist\u00f3ria do B+ Magic Mushrooms<\/h2>\n<p dir=\"auto\">Surgida na d\u00e9cada de 1990, a variedade B+ foi desenvolvida pela sua resili\u00eancia e elevados rendimentos, ganhando o seu nome devido aos seus cogumelos \"maiores\" e \"melhores\". A sua natureza indulgente e a capacidade de prosperar em condi\u00e7\u00f5es variadas tornaram-na rapidamente numa das favoritas entre os cultivadores caseiros, cimentando o seu lugar na comunidade psicad\u00e9lica.<\/p>\n<p dir=\"auto\">O kit de cultivo B+ All-in-One baseia-se neste legado, oferecendo aos cultivadores modernos uma forma acess\u00edvel de cultivar esta variedade ic\u00f3nica. Equilibrando o cultivo hist\u00f3rico de cogumelos com a conveni\u00eancia contempor\u00e2nea, a B+ continua a ser um s\u00edmbolo de qualidade, convidando os utilizadores a explorar os seus efeitos intensos e introspectivos e a sua rica heran\u00e7a psicad\u00e9lica.<\/p>\n<h2 dir=\"auto\">Como utilizar o kit de cultivo tudo-em-um B+<\/h2>\n<p dir=\"auto\">Para utilizar o kit de cultivo B+ All-in-One, lava as m\u00e3os e limpa o exterior do kit, depois mergulha-o em \u00e1gua morna (20\u00b0C) durante cinco minutos com a tampa aberta, n\u00e3o excedendo uma hora. Escorre durante dez segundos, coloca-o no saco de cultivo com 200-250 ml de \u00e1gua, fecha-o com clipes de papel e conserva-o a 20-25\u00b0C, evitando a luz solar, at\u00e9 se formarem cabe\u00e7as de alfinete, dentro de 10-20 dias.<\/p>\n<p dir=\"auto\">Quando aparecerem cabe\u00e7as de alfinete, arejar o saco diariamente e nebulizar ligeiramente. Colher imediatamente antes de o v\u00e9u se romper, torcendo os cogumelos para fora, repetindo at\u00e9 tr\u00eas colheitas. Este m\u00e9todo simples assegura m\u00faltiplas colheitas de cogumelos B+ potentes com o m\u00ednimo de esfor\u00e7o e \u00f3ptimos resultados.<\/p>\n<h2 dir=\"auto\">Ingredientes do kit de cultivo tudo-em-um B+<\/h2>\n<p dir=\"auto\">O B+ All-in-One GrowKit inclui um substrato pr\u00e9-inoculado de materiais org\u00e2nicos, como gr\u00e3os, concebido para promover um crescimento robusto do mic\u00e9lio do B+. Um saco de cultivo com filtros de ar e dois clipes de papel mant\u00e9m a humidade e a troca de ar, necessitando apenas de \u00e1gua para ser ativado, sem adi\u00e7\u00e3o de qu\u00edmicos ou fertilizantes.<\/p>\n<p dir=\"auto\">A psilocibina e a psilocina naturais da estirpe B+ conduzem aos seus efeitos psicad\u00e9licos, inerentes aos cogumelos. Este sistema aut\u00f3nomo de alta qualidade suporta m\u00faltiplos fluxos, garantindo rendimentos consistentes e potentes, simplificando o cultivo para os produtores que procuram uma experi\u00eancia aut\u00eantica e eficiente.<\/p>\n<p dir=\"auto\"><strong>Aviso<\/strong><\/p>\n<p dir=\"auto\">Os cogumelos m\u00e1gicos B+ cont\u00eam psilocibina e psilocina, alucinog\u00e9nios potentes que alteram a perce\u00e7\u00e3o, o humor e a cogni\u00e7\u00e3o, podendo causar alucina\u00e7\u00f5es v\u00edvidas. Consumir com precau\u00e7\u00e3o num ambiente seguro e evitar o consumo se tiveres problemas de sa\u00fade mental ou se tomares medicamentos que afectem a serotonina.<\/p>\n<p dir=\"auto\">Guarda o kit e os cogumelos fora do alcance de crian\u00e7as e animais de estima\u00e7\u00e3o para evitar a ingest\u00e3o acidental. A utiliza\u00e7\u00e3o respons\u00e1vel e o conhecimento dos efeitos destes compostos psicoactivos s\u00e3o cruciais para uma experi\u00eancia segura e controlada.<\/p>","protected":false},"excerpt":{"rendered":"<p>A popularidade desta estirpe B+, que est\u00e1 sempre a crescer, deve-se principalmente \u00e0 sua enorme massa! Este cogumelo m\u00e1gico \u00e9 adorado por muitos devido \u00e0 quantidade e tamanho loucos que se obt\u00e9m ao cultivar. A for\u00e7a varia de m\u00e9dia a forte, mas com o benef\u00edcio adicional de haver um grande fluxo ap\u00f3s a colheita que n\u00e3o faz mal a ningu\u00e9m!<\/p>","protected":false},"featured_media":36067,"template":"","meta":[],"product_brand":[],"product_cat":[399,297,833,400,398,384],"product_tag":[978],"class_list":{"0":"post-36007","1":"product","2":"type-product","3":"status-publish","4":"has-post-thumbnail","6":"product_cat-shroomshop","7":"product_cat-all-products","8":"product_cat-beginner-magic-mushrooms","9":"product_cat-magic-mushroom-grow-kits","10":"product_cat-mushrooms","11":"product_cat-smartshop","12":"product_tag-shrdeal","13":"product_shipping_class-group-7","15":"first","16":"instock","17":"taxable","18":"shipping-taxable","19":"purchasable","20":"product-type-variable","21":"has-default-attributes"},"_links":{"self":[{"href":"https:\/\/www.headshop.nl\/pt\/wp-json\/wp\/v2\/product\/36007","targetHints":{"allow":["GET"]}}],"collection":[{"href":"https:\/\/www.headshop.nl\/pt\/wp-json\/wp\/v2\/product"}],"about":[{"href":"https:\/\/www.headshop.nl\/pt\/wp-json\/wp\/v2\/types\/product"}],"wp:featuredmedia":[{"embeddable":true,"href":"https:\/\/www.headshop.nl\/pt\/wp-json\/wp\/v2\/media\/36067"}],"wp:attachment":[{"href":"https:\/\/www.headshop.nl\/pt\/wp-json\/wp\/v2\/media?parent=36007"}],"wp:term":[{"taxonomy":"product_brand","embeddable":true,"href":"https:\/\/www.headshop.nl\/pt\/wp-json\/wp\/v2\/product_brand?post=36007"},{"taxonomy":"product_cat","embeddable":true,"href":"https:\/\/www.headshop.nl\/pt\/wp-json\/wp\/v2\/product_cat?post=36007"},{"taxonomy":"product_tag","embeddable":true,"href":"https:\/\/www.headshop.nl\/pt\/wp-json\/wp\/v2\/product_tag?post=36007"}],"curies":[{"name":"wp","href":"https:\/\/api.w.org\/{rel}","templated":true}]}}