{"id":35989,"date":"2021-08-19T11:15:21","date_gmt":"2021-08-19T11:15:21","guid":{"rendered":"https:\/\/www.headshop.nl\/?post_type=product&#038;p=35989"},"modified":"2025-06-06T06:34:52","modified_gmt":"2025-06-06T06:34:52","slug":"baby-hawaiian-woodrose-seeds","status":"publish","type":"product","link":"https:\/\/www.headshop.nl\/pt\/baby-hawaiian-woodrose-seeds\/","title":{"rendered":"Baby Hawaiian Woodrose Sementes"},"content":{"rendered":"<h2 data-start=\"0\" data-end=\"35\">O que s\u00e3o as sementes de Argyreia Nervosa?<\/h2>\n<p data-start=\"37\" data-end=\"678\">As sementes de Argyreia Nervosa, tamb\u00e9m conhecidas como Baby Hawaiian Woodrose, s\u00e3o as sementes de uma planta trepadeira nativa da \u00cdndia. Estas sementes cont\u00eam uma subst\u00e2ncia psicoactiva chamada LSA (amida de \u00e1cido lis\u00e9rgico), que pode induzir efeitos psicad\u00e9licos ligeiros quando consumida. Ao contr\u00e1rio de outros alucinog\u00e9nios, os efeitos s\u00e3o geralmente ligeiros, sem as alucina\u00e7\u00f5es intensas tipicamente associadas a subst\u00e2ncias como o LSD. Os utilizadores experimentam frequentemente sensa\u00e7\u00f5es coloridas, v\u00edvidas e m\u00edsticas que alteram o seu estado de consci\u00eancia. A planta \u00e9 utilizada para v\u00e1rios fins, incluindo medicina tradicional e uso recreativo, oferecendo benef\u00edcios terap\u00eauticos e psicoactivos.<\/p>\n<p data-start=\"680\" data-end=\"1107\">As sementes da Argyreia Nervosa t\u00eam uma longa hist\u00f3ria de utiliza\u00e7\u00e3o medicinal na \u00cdndia. No entanto, tornaram-se mais conhecidas pelos seus efeitos psicoactivos depois de terem sido introduzidas no mundo ocidental, especialmente no Havai. Atualmente, as sementes de Baby Hawaiian Woodrose s\u00e3o procuradas tanto para fins espirituais como recreativos. A planta continua a ser estudada pela sua hist\u00f3ria rica e pelos seus potenciais benef\u00edcios para al\u00e9m das suas propriedades de altera\u00e7\u00e3o da mente.<\/p>\n<h2 data-start=\"1109\" data-end=\"1145\">Hist\u00f3ria das sementes de Argyreia Nervosa<\/h2>\n<p data-start=\"1147\" data-end=\"1526\">A Argyreia Nervosa tem ra\u00edzes profundas tanto na medicina tradicional como no uso psicoativo. Nativa da \u00cdndia, tem sido valorizada pelas suas propriedades medicinais durante s\u00e9culos. Na \u00cdndia antiga, a planta era usada para tratar uma variedade de doen\u00e7as, incluindo problemas respirat\u00f3rios, diabetes e artrite. Era tamb\u00e9m considerada um afrodis\u00edaco, com alguns a sugerir que tinha efeitos de aumento da libido.<\/p>\n<p data-start=\"1528\" data-end=\"1911\">A planta ganhou aten\u00e7\u00e3o internacional quando os europeus a encontraram no Havai, onde era utilizada n\u00e3o s\u00f3 pelas suas qualidades medicinais mas tamb\u00e9m como sedativo. Foi nessa altura que se descobriram as propriedades psicoactivas das sementes, o que levou \u00e0 sua associa\u00e7\u00e3o com experi\u00eancias psicad\u00e9licas. O nome \"Hawaiian Woodrose\" foi cunhado devido \u00e0 sua popularidade na regi\u00e3o.<\/p>\n<p data-start=\"1913\" data-end=\"2224\">Mais tarde, o qu\u00edmico su\u00ed\u00e7o Albert Hoffman, que tamb\u00e9m descobriu o LSD, isolou o LSA. Descobriu que o LSA ocorre naturalmente em certas plantas, incluindo a Argyreia Nervosa. Entre estas, a Argyreia Nervosa cont\u00e9m a maior concentra\u00e7\u00e3o de LSA, o que torna as suas sementes particularmente valiosas tanto para fins recreativos como medicinais.<\/p>\n<h2 data-start=\"2226\" data-end=\"2262\">Como usar as sementes de Argyreia Nervosa<\/h2>\n<p data-start=\"2264\" data-end=\"2645\">Existem v\u00e1rios m\u00e9todos de consumo das sementes de Argyreia nervosa, cada um oferecendo uma experi\u00eancia ligeiramente diferente. Tradicionalmente, as sementes s\u00e3o mastigadas, o que ajuda a libertar o LSA, levando a um in\u00edcio gradual dos efeitos, normalmente dentro de uma hora. Os efeitos podem durar v\u00e1rias horas, com os utilizadores a relatarem sensa\u00e7\u00f5es de euforia, imagens v\u00edvidas e maior sensibilidade ao som e \u00e0 luz.<\/p>\n<p data-start=\"2647\" data-end=\"2960\">Algumas pessoas preferem moer as sementes at\u00e9 ficarem em p\u00f3 e mistur\u00e1-las com comida ou \u00e1gua para disfar\u00e7ar o amargor natural. Este m\u00e9todo pode alterar o tempo de in\u00edcio e a intensidade dos efeitos. \u00c9 importante notar que a experi\u00eancia pode variar muito com base em factores como o metabolismo, o ambiente e a ingest\u00e3o pr\u00e9via de alimentos.<\/p>\n<p data-start=\"2962\" data-end=\"3348\">Quando usas sementes de Argyreia Nervosa, \u00e9 crucial abord\u00e1-las com cautela, especialmente se for a tua primeira vez. Come\u00e7a com uma pequena dose para avaliares a tua toler\u00e2ncia, e tem em aten\u00e7\u00e3o o ambiente e o teu estado mental, pois estes podem influenciar os efeitos. Recomenda-se sempre a sua utiliza\u00e7\u00e3o num ambiente seguro e confort\u00e1vel, de prefer\u00eancia com um companheiro de confian\u00e7a para orientar a experi\u00eancia.<\/p>\n<h2 data-start=\"3350\" data-end=\"3390\">Ingredientes das sementes de Argyreia nervosa<\/h2>\n<p data-start=\"3392\" data-end=\"3919\">O principal composto ativo das sementes de Argyreia Nervosa \u00e9 o LSA (amida de \u00e1cido lis\u00e9rgico), uma subst\u00e2ncia natural da mesma fam\u00edlia qu\u00edmica do LSD. O LSA \u00e9 conhecido pelos seus efeitos psicoactivos ligeiros, que podem alterar a perce\u00e7\u00e3o, induzir euforia e melhorar a vis\u00e3o. As sementes tamb\u00e9m cont\u00eam outros compostos, incluindo alcal\u00f3ides, que contribuem para as propriedades medicinais da planta. Estas subst\u00e2ncias adicionais podem ter efeitos anti-inflamat\u00f3rios, analg\u00e9sicos e antiespasm\u00f3dicos, tornando as sementes ben\u00e9ficas na medicina tradicional.<\/p>\n<p data-start=\"3921\" data-end=\"4310\">Para al\u00e9m do LSA, as sementes cont\u00eam uma s\u00e9rie de compostos naturais que se pensa contribu\u00edrem para o seu potencial terap\u00eautico. Esta combina\u00e7\u00e3o de subst\u00e2ncias psicoactivas e medicinais \u00e9 a raz\u00e3o pela qual as sementes de Argyreia nervosa s\u00e3o utilizadas h\u00e1 s\u00e9culos, tanto para fins recreativos como medicinais. No entanto, devido \u00e0 natureza imprevis\u00edvel dos efeitos, recomenda-se a utiliza\u00e7\u00e3o respons\u00e1vel destas sementes.<\/p>\n<p data-start=\"4312\" data-end=\"4559\">O LSA, estando intimamente relacionado com o LSD, interage com os receptores de serotonina no c\u00e9rebro, levando a percep\u00e7\u00f5es sensoriais alteradas. Embora os seus efeitos sejam mais ligeiros do que o LSD, o LSA pode ainda assim proporcionar uma experi\u00eancia \u00fanica e introspectiva quando utilizado com precau\u00e7\u00e3o.<\/p>\n<p data-start=\"4561\" data-end=\"4571\"><strong>Aviso<\/strong><\/p>\n<p data-start=\"4573\" data-end=\"5021\" data-is-last-node=\"\">\u00c9 importante ter cuidado ao usar as sementes de Argyreia Nervosa devido ao seu conte\u00fado psicoativo. Os efeitos podem variar significativamente consoante o indiv\u00edduo e o m\u00e9todo de consumo. O uso excessivo ou incorreto pode levar a experi\u00eancias desagrad\u00e1veis e, nalguns casos, a efeitos adversos para a sa\u00fade. Certifica-te sempre de que est\u00e1s num ambiente seguro e controlado quando usares estas sementes, e come\u00e7a com uma dose pequena se n\u00e3o estiveres familiarizado com os seus efeitos.<\/p>","protected":false},"excerpt":{"rendered":"<p>A Argyreia Nervosa, vulgarmente designada por Baby Hawaiian Woodrose, \u00e9 uma planta cujas sementes cont\u00eam LSA, um composto psicoativo. O consumo de apenas seis sementes pode levar a uma experi\u00eancia psicad\u00e9lica ligeira, caracterizada por sensa\u00e7\u00f5es v\u00edvidas e m\u00edsticas. Nativa da \u00cdndia, \u00e9 utilizada h\u00e1 s\u00e9culos na medicina tradicional para tratar doen\u00e7as como a diabetes, problemas respirat\u00f3rios e artrite, sendo tamb\u00e9m considerada afrodis\u00edaca. No Havai, as sementes s\u00e3o reconhecidas pelos seus efeitos sedativos e h\u00e1 muito que s\u00e3o incorporadas nas pr\u00e1ticas locais.<\/p>","protected":false},"featured_media":81931,"template":"","meta":[],"product_brand":[],"product_cat":[388,297,818,406,384],"product_tag":[],"class_list":{"0":"post-35989","1":"product","2":"type-product","3":"status-publish","4":"has-post-thumbnail","6":"product_cat-lsa-seeds","7":"product_cat-all-products","8":"product_cat-mcmystic","9":"product_cat-psychedelic-herbs","10":"product_cat-smartshop","11":"product_shipping_class-not-allowed-group-3","13":"first","14":"instock","15":"taxable","16":"shipping-taxable","17":"purchasable","18":"product-type-variable","19":"has-default-attributes"},"_links":{"self":[{"href":"https:\/\/www.headshop.nl\/pt\/wp-json\/wp\/v2\/product\/35989","targetHints":{"allow":["GET"]}}],"collection":[{"href":"https:\/\/www.headshop.nl\/pt\/wp-json\/wp\/v2\/product"}],"about":[{"href":"https:\/\/www.headshop.nl\/pt\/wp-json\/wp\/v2\/types\/product"}],"wp:featuredmedia":[{"embeddable":true,"href":"https:\/\/www.headshop.nl\/pt\/wp-json\/wp\/v2\/media\/81931"}],"wp:attachment":[{"href":"https:\/\/www.headshop.nl\/pt\/wp-json\/wp\/v2\/media?parent=35989"}],"wp:term":[{"taxonomy":"product_brand","embeddable":true,"href":"https:\/\/www.headshop.nl\/pt\/wp-json\/wp\/v2\/product_brand?post=35989"},{"taxonomy":"product_cat","embeddable":true,"href":"https:\/\/www.headshop.nl\/pt\/wp-json\/wp\/v2\/product_cat?post=35989"},{"taxonomy":"product_tag","embeddable":true,"href":"https:\/\/www.headshop.nl\/pt\/wp-json\/wp\/v2\/product_tag?post=35989"}],"curies":[{"name":"wp","href":"https:\/\/api.w.org\/{rel}","templated":true}]}}