{"id":35987,"date":"2021-08-19T11:15:18","date_gmt":"2021-08-19T11:15:18","guid":{"rendered":"https:\/\/www.headshop.nl\/?post_type=product&#038;p=35987"},"modified":"2025-06-06T06:35:22","modified_gmt":"2025-06-06T06:35:22","slug":"ololiuqui-seeds","status":"publish","type":"product","link":"https:\/\/www.headshop.nl\/pt\/ololiuqui-seeds\/","title":{"rendered":"Ololiuqui Sementes"},"content":{"rendered":"<h2 data-start=\"0\" data-end=\"27\">O que \u00e9 a Rivea Corymbosa?<\/h2>\n<p data-start=\"29\" data-end=\"706\">A Rivea Corymbosa, vulgarmente conhecida por Ololiuqui, \u00e9 uma esp\u00e9cie vegetal da fam\u00edlia das \"Morning Glory\". As suas sementes, frequentemente referidas como Ololiuqui, s\u00e3o utilizadas h\u00e1 s\u00e9culos pelas culturas ind\u00edgenas do Mexico pelas suas propriedades psicoactivas e medicinais. A planta tem flores brancas e as suas sementes cont\u00eam o composto ativo amida de \u00e1cido lis\u00e9rgico (LSA), uma subst\u00e2ncia natural semelhante \u00e0 LSD. No entanto, ao contr\u00e1rio do LSD, o LSA induz uma experi\u00eancia psicad\u00e9lica mais gradual e introspectiva, frequentemente utilizada para medita\u00e7\u00e3o, autodescoberta ou viagens vision\u00e1rias. Estas experi\u00eancias desenrolam-se ao longo de v\u00e1rias horas, oferecendo uma viagem interna e controlada em vez de alucina\u00e7\u00f5es externas intensas.<\/p>\n<p data-start=\"708\" data-end=\"997\">Historicamente, os Aztecas valorizavam estas sementes pelo seu significado espiritual, acreditando que ajudavam a lig\u00e1-los a reinos superiores. Nos tempos modernos, a Rivea Corymbosa continua a ser usada por indiv\u00edduos que procuram estados alterados de consci\u00eancia, tanto para fins meditativos como introspectivos.<\/p>\n<h2 data-start=\"999\" data-end=\"1028\">Hist\u00f3ria da Rivea Corymbosa<\/h2>\n<p data-start=\"1030\" data-end=\"1386\">A Rivea Corymbosa tem ra\u00edzes profundas nas culturas Mesoamericanas, onde tem sido utilizada h\u00e1 mais de mil anos. Os astecas, uma civiliza\u00e7\u00e3o avan\u00e7ada, s\u00e3o conhecidos por terem usado as sementes em rituais sagrados. As sementes eram chamadas Ololiuqui, que significa \"semente redonda\", e acreditava-se que tinham um significado espiritual, sendo frequentemente utilizadas por xam\u00e3s durante cerim\u00f3nias religiosas.<\/p>\n<p data-start=\"1388\" data-end=\"1842\">Estas sementes desempenhavam um papel essencial nas pr\u00e1ticas xam\u00e2nicas, incluindo a adivinha\u00e7\u00e3o, a introspe\u00e7\u00e3o e a procura de sabedoria. Os xam\u00e3s consumiam as sementes para entrar em estados alterados de consci\u00eancia, levando a vis\u00f5es profundas e percep\u00e7\u00f5es que se pensava facilitarem a liga\u00e7\u00e3o divina. Apesar da sua utiliza\u00e7\u00e3o antiga, os potenciais benef\u00edcios da Rivea Corymbosa continuam a ser reconhecidos hoje em dia, especialmente em comunidades focadas no bem-estar alternativo e na expans\u00e3o da consci\u00eancia.<\/p>\n<h2 data-start=\"1844\" data-end=\"1873\">Como utilizar a Rivea Corymbosa<\/h2>\n<p data-start=\"1875\" data-end=\"2137\">As sementes de Rivea Corymbosa s\u00e3o normalmente consumidas pelos seus efeitos psicoactivos. O m\u00e9todo tradicional consiste em moer as sementes at\u00e9 obterem um p\u00f3 fino e mergulh\u00e1-las em \u00e1gua quente, o que ajuda a ativar o LSA, o composto psicoativo respons\u00e1vel pela experi\u00eancia.<\/p>\n<p data-start=\"2139\" data-end=\"2475\">Recomenda-se come\u00e7ar com uma pequena dose de cerca de 12 a 22 sementes. Depois de triturar as sementes, coloca-as de molho em \u00e1gua morna durante v\u00e1rias horas. Depois de demolhadas, a \u00e1gua pode ser consumida juntamente com as sementes amolecidas. Alguns utilizadores preferem mastigar as sementes depois de as demolharem, mas isto pode causar desconforto estomacal e deve ser feito com precau\u00e7\u00e3o.<\/p>\n<p data-start=\"2477\" data-end=\"2785\">Os efeitos demoram geralmente cerca de uma hora a fazer efeito, com uma dura\u00e7\u00e3o aproximada de 8 horas. A intensidade da experi\u00eancia pode variar dependendo do ambiente e do estado mental do utilizador. \u00c9 melhor consumir a Rivea Corymbosa num ambiente calmo e tranquilo para apreciar plenamente os seus efeitos introspectivos e vision\u00e1rios.<\/p>\n<p data-start=\"2787\" data-end=\"2797\"><strong>Aviso<\/strong><\/p>\n<p data-start=\"2799\" data-end=\"3156\">A Rivea Corymbosa deve ser usada de forma respons\u00e1vel. O consumo excessivo das sementes pode provocar efeitos secund\u00e1rios negativos, incluindo n\u00e1useas e v\u00f3mitos, sobretudo nas pessoas n\u00e3o habituadas a subst\u00e2ncias psicoactivas. Come\u00e7a sempre com uma dose baixa e aumenta gradualmente se necess\u00e1rio. \u00c9 crucial garantir que o ambiente \u00e9 seguro e prop\u00edcio a uma experi\u00eancia positiva.<\/p>\n<h2 data-start=\"3158\" data-end=\"3191\">Ingredientes da Rivea Corymbosa<\/h2>\n<p data-start=\"3193\" data-end=\"3547\">O principal ingrediente ativo da Rivea Corymbosa \u00e9 a amida de \u00e1cido lis\u00e9rgico (LSA), um composto que partilha uma estrutura semelhante \u00e0 do LSD. Embora o LSA proporcione uma experi\u00eancia psicad\u00e9lica, n\u00e3o causa as alucina\u00e7\u00f5es intensas associadas ao LSD. Em vez disso, oferece uma viagem mais introspectiva e calmante, frequentemente descrita como uma experi\u00eancia suave de altera\u00e7\u00e3o da mente.<\/p>\n<p data-start=\"3549\" data-end=\"3796\">Para al\u00e9m do LSA, as sementes cont\u00eam uma variedade de alcal\u00f3ides e compostos bioactivos que contribuem para os efeitos psicoactivos. Estes compostos influenciam o in\u00edcio gradual e a dura\u00e7\u00e3o prolongada da experi\u00eancia, que normalmente dura v\u00e1rias horas.<\/p>\n<p data-start=\"3798\" data-end=\"4117\">Embora o LSA seja o composto mais potente e significativo das sementes, a composi\u00e7\u00e3o qu\u00edmica exacta e as suas intera\u00e7\u00f5es com o corpo ainda est\u00e3o a ser estudadas. Estes compostos trabalham em conjunto para criar uma experi\u00eancia psicad\u00e9lica \u00fanica e controlada, distinguindo a Rivea Corymbosa de outras subst\u00e2ncias da mesma categoria.<\/p>\n<p data-start=\"4119\" data-end=\"4129\"><strong>Aviso<\/strong><\/p>\n<p data-start=\"4131\" data-end=\"4369\" data-is-last-node=\"\">Respeita sempre as doses recomendadas quando usares a Rivea Corymbosa para evitar potenciais efeitos secund\u00e1rios. O consumo excessivo pode levar a n\u00e1useas, v\u00f3mitos e sensa\u00e7\u00f5es de opress\u00e3o, pelo que \u00e9 essencial abordar a utiliza\u00e7\u00e3o com cuidado e modera\u00e7\u00e3o.<\/p>","protected":false},"excerpt":{"rendered":"<p>Na cultura tradicional azteca, as sementes Ololiuqui eram utilizadas como planta xam\u00e2nica. S\u00e3o ricas em LSA e t\u00eam fortes propriedades alucinog\u00e9nias que, segundo se diz, proporcionam efeitos visuais intensos, como cores brilhantes e todo o tipo de formas que podem assumir m\u00faltiplas dimens\u00f5es ao mesmo tempo.<\/p>","protected":false},"featured_media":81937,"template":"","meta":[],"product_brand":[],"product_cat":[388,297,818,406,384],"product_tag":[],"class_list":{"0":"post-35987","1":"product","2":"type-product","3":"status-publish","4":"has-post-thumbnail","6":"product_cat-lsa-seeds","7":"product_cat-all-products","8":"product_cat-mcmystic","9":"product_cat-psychedelic-herbs","10":"product_cat-smartshop","11":"product_shipping_class-not-allowed-group-3","13":"first","14":"instock","15":"taxable","16":"shipping-taxable","17":"purchasable","18":"product-type-variable","19":"has-default-attributes"},"_links":{"self":[{"href":"https:\/\/www.headshop.nl\/pt\/wp-json\/wp\/v2\/product\/35987","targetHints":{"allow":["GET"]}}],"collection":[{"href":"https:\/\/www.headshop.nl\/pt\/wp-json\/wp\/v2\/product"}],"about":[{"href":"https:\/\/www.headshop.nl\/pt\/wp-json\/wp\/v2\/types\/product"}],"wp:featuredmedia":[{"embeddable":true,"href":"https:\/\/www.headshop.nl\/pt\/wp-json\/wp\/v2\/media\/81937"}],"wp:attachment":[{"href":"https:\/\/www.headshop.nl\/pt\/wp-json\/wp\/v2\/media?parent=35987"}],"wp:term":[{"taxonomy":"product_brand","embeddable":true,"href":"https:\/\/www.headshop.nl\/pt\/wp-json\/wp\/v2\/product_brand?post=35987"},{"taxonomy":"product_cat","embeddable":true,"href":"https:\/\/www.headshop.nl\/pt\/wp-json\/wp\/v2\/product_cat?post=35987"},{"taxonomy":"product_tag","embeddable":true,"href":"https:\/\/www.headshop.nl\/pt\/wp-json\/wp\/v2\/product_tag?post=35987"}],"curies":[{"name":"wp","href":"https:\/\/api.w.org\/{rel}","templated":true}]}}