{"id":35985,"date":"2021-08-19T10:52:41","date_gmt":"2021-08-19T10:52:41","guid":{"rendered":"https:\/\/www.headshop.nl\/?post_type=product&#038;p=35985"},"modified":"2025-06-06T06:35:55","modified_gmt":"2025-06-06T06:35:55","slug":"yopo-seeds","status":"publish","type":"product","link":"https:\/\/www.headshop.nl\/pt\/yopo-seeds\/","title":{"rendered":"Yopo Sementes"},"content":{"rendered":"<h2 data-start=\"0\" data-end=\"42\">O que \u00e9 o Yopo (Anadenanthera Peregrina)?<\/h2>\n<p data-start=\"44\" data-end=\"473\">Yopo, cientificamente conhecido como <em data-start=\"74\" data-end=\"99\">Anadenanthera Peregrina<\/em>O Yopo \u00e9 uma planta nativa das Cara\u00edbas e da Am\u00e9rica do Sul. As sementes da Yopo cont\u00eam poderosos alucinog\u00e9nios naturais, incluindo DMT, tornando-as conhecidas por induzirem estados alterados de consci\u00eancia. As tribos ind\u00edgenas usam estas sementes h\u00e1 s\u00e9culos, principalmente em rituais xam\u00e2nicos, para obterem conhecimentos espirituais, aumentarem a auto-consci\u00eancia e at\u00e9 preverem acontecimentos futuros.<\/p>\n<p data-start=\"475\" data-end=\"820\">Os efeitos das sementes Yopo s\u00e3o intensos mas de curta dura\u00e7\u00e3o, durando geralmente cerca de 90 minutos. Os utilizadores relatam alucina\u00e7\u00f5es visuais v\u00edvidas, emo\u00e7\u00f5es amplificadas e uma maior sensa\u00e7\u00e3o de consci\u00eancia. Dada a sua pot\u00eancia, a Yopo \u00e9 normalmente recomendada para quem tem experi\u00eancia em subst\u00e2ncias psicoactivas e um bom conhecimento dos seus m\u00e9todos de prepara\u00e7\u00e3o.<\/p>\n<p data-start=\"822\" data-end=\"1104\">O Yopo \u00e9 normalmente consumido como rap\u00e9, o que implica um processamento cuidadoso das sementes. Isto inclui torrar, moer e misturar as sementes com subst\u00e2ncias alcalinas antes de inalar o p\u00f3 resultante. Este m\u00e9todo garante a pot\u00eancia total dos compostos psicoactivos das sementes.<\/p>\n<h2 data-start=\"1106\" data-end=\"1150\">Historial de Yopo (Anadenanthera Peregrina)<\/h2>\n<p data-start=\"1152\" data-end=\"1449\">A Yopo tem um longo historial de utiliza\u00e7\u00e3o, sobretudo entre as antigas civiliza\u00e7\u00f5es sul-americanas. As provas sugerem que plantas psicoactivas semelhantes foram exploradas por culturas antigas como os eg\u00edpcios, embora o uso mais proeminente tenha sido atribu\u00eddo aos incas e a outras tribos ind\u00edgenas da Am\u00e9rica do Sul.<\/p>\n<p data-start=\"1451\" data-end=\"1872\">O povo Inca, juntamente com v\u00e1rios grupos ind\u00edgenas, venerava o Yopo pelas suas propriedades espirituais e medicinais. Os xam\u00e3s e os l\u00edderes espirituais utilizavam as sementes para entrar em estados alterados de consci\u00eancia, ganhando sabedoria, acedendo a comunica\u00e7\u00f5es divinas e, por vezes, prevendo acontecimentos futuros. Estas experi\u00eancias eram frequentemente guiadas em ambientes comunit\u00e1rios, onde o xam\u00e3 conduzia os participantes atrav\u00e9s da viagem vision\u00e1ria.<\/p>\n<p data-start=\"1874\" data-end=\"2196\">O processo de prepara\u00e7\u00e3o das sementes de Yopo foi aperfei\u00e7oado ao longo de gera\u00e7\u00f5es por tribos ind\u00edgenas para maximizar a sua pot\u00eancia e minimizar qualquer potencial desconforto. Apesar das suas ra\u00edzes antigas, o Yopo continua a ser uma parte vital de certos rituais tribais actuais, especialmente entre as culturas que mant\u00eam as suas pr\u00e1ticas tradicionais.<\/p>\n<p data-start=\"2198\" data-end=\"2465\">Com o ressurgimento moderno do interesse por subst\u00e2ncias psicoactivas naturais, a Yopo est\u00e1 a ser explorada por utilizadores contempor\u00e2neos, conhecidos como psiconautas, que procuram experi\u00eancias profundas e significativas. No entanto, a subst\u00e2ncia continua a ser poderosa e deve ser manuseada com respeito e cuidado.<\/p>\n<h2 data-start=\"2467\" data-end=\"2511\">Como utilizar o Yopo (Anadenanthera Peregrina)<\/h2>\n<p data-start=\"2513\" data-end=\"2738\">As sementes Yopo s\u00e3o consumidas principalmente como rap\u00e9, uma pr\u00e1tica utilizada h\u00e1 s\u00e9culos pelas tribos ind\u00edgenas da Am\u00e9rica do Sul. Para que as sementes sejam adequadas para inala\u00e7\u00e3o, t\u00eam de ser submetidas a um processo de prepara\u00e7\u00e3o cuidadoso.<\/p>\n<p data-start=\"2740\" data-end=\"2804\">O m\u00e9todo de prepara\u00e7\u00e3o tradicional envolve as seguintes etapas:<\/p>\n<ol data-start=\"2806\" data-end=\"3248\">\n<li data-start=\"2806\" data-end=\"2854\"><strong data-start=\"2809\" data-end=\"2828\">Limpar as sementes<\/strong> para eliminar as impurezas.<\/li>\n<li data-start=\"2855\" data-end=\"2946\"><strong data-start=\"2858\" data-end=\"2877\">Assar as sementes<\/strong> numa frigideira quente at\u00e9 que a casca exterior se parta e possa ser facilmente removida.<\/li>\n<li data-start=\"2947\" data-end=\"3000\"><strong data-start=\"2950\" data-end=\"2967\">Secar as sementes<\/strong> at\u00e9 ficarem firmes e duras.<\/li>\n<li data-start=\"3001\" data-end=\"3043\"><strong data-start=\"3004\" data-end=\"3023\">Moer as sementes<\/strong> at\u00e9 obter um p\u00f3 fino.<\/li>\n<li data-start=\"3044\" data-end=\"3164\"><strong data-start=\"3047\" data-end=\"3065\">Misturar o p\u00f3<\/strong> com subst\u00e2ncias alcalinas como o bicarbonato de s\u00f3dio ou a cal, adicionando uma pequena quantidade de \u00e1gua para formar uma pasta.<\/li>\n<li data-start=\"3165\" data-end=\"3248\"><strong data-start=\"3168\" data-end=\"3185\">Secar a pasta<\/strong> e triturar at\u00e9 obter um p\u00f3 fino adequado para inala\u00e7\u00e3o.<\/li>\n<\/ol>\n<p data-start=\"3250\" data-end=\"3536\">Os efeitos da Yopo podem ser sentidos mesmo com uma pequena dose de 1-3 sementes. Doses maiores intensificar\u00e3o a experi\u00eancia, que \u00e9 frequentemente descrita como profundamente vision\u00e1ria e imersiva. Os utilizadores principiantes devem come\u00e7ar com a dose mais pequena poss\u00edvel e ajustar-se gradualmente de acordo com a sua experi\u00eancia.<\/p>\n<p data-start=\"3538\" data-end=\"3736\">Embora a inala\u00e7\u00e3o seja o m\u00e9todo tradicional, alguns utilizadores modernos t\u00eam experimentado diferentes formas de consumir o Yopo, embora o rap\u00e9 continue a ser o m\u00e9todo mais eficaz e historicamente preciso.<\/p>\n<p data-start=\"3738\" data-end=\"3748\"><strong>Aviso<\/strong><\/p>\n<p data-start=\"3750\" data-end=\"4286\" data-is-last-node=\"\">Yopo (Anadenanthera Peregrina) \u00e9 uma subst\u00e2ncia psicoactiva potente que deve ser abordada com precau\u00e7\u00e3o. N\u00e3o \u00e9 adequado para indiv\u00edduos com menos de 18 anos de idade. Mulheres gr\u00e1vidas ou a amamentar, pessoas com problemas de sa\u00fade pr\u00e9-existentes ou indiv\u00edduos a tomar medicamentos devem consultar um profissional de sa\u00fade antes de usar. A prepara\u00e7\u00e3o incorrecta ou a utiliza\u00e7\u00e3o excessiva pode provocar n\u00e1useas, tonturas ou desconforto. Este produto destina-se apenas a utilizadores respons\u00e1veis e experientes. Guard\u00e1-lo sempre num local fresco e seco e mant\u00ea-lo fora do alcance das crian\u00e7as.<\/p>","protected":false},"excerpt":{"rendered":"<p>Yopo (Anadenanthera Peregrina) \u00e9 uma planta tradicional sul-americana conhecida pelos seus efeitos psicoactivos. As sementes desta planta s\u00e3o usadas h\u00e1 s\u00e9culos pelas culturas ind\u00edgenas em pr\u00e1ticas espirituais e vision\u00e1rias. A Yopo induz uma experi\u00eancia potente mas de curta dura\u00e7\u00e3o, normalmente cerca de 90 minutos, e \u00e9 normalmente usada em ambientes ritual\u00edsticos ou introspectivos. Esta subst\u00e2ncia natural \u00e9 ideal para quem procura explorar estados mentais e emocionais profundos num ambiente controlado.<\/p>\n<p>15 Sementes<\/p>","protected":false},"featured_media":81941,"template":"","meta":[],"product_brand":[],"product_cat":[388,297,818,406,384],"product_tag":[],"class_list":{"0":"post-35985","1":"product","2":"type-product","3":"status-publish","4":"has-post-thumbnail","6":"product_cat-lsa-seeds","7":"product_cat-all-products","8":"product_cat-mcmystic","9":"product_cat-psychedelic-herbs","10":"product_cat-smartshop","11":"product_shipping_class-not-allowed-group-3","13":"first","14":"instock","15":"taxable","16":"shipping-taxable","17":"purchasable","18":"product-type-variable","19":"has-default-attributes"},"_links":{"self":[{"href":"https:\/\/www.headshop.nl\/pt\/wp-json\/wp\/v2\/product\/35985","targetHints":{"allow":["GET"]}}],"collection":[{"href":"https:\/\/www.headshop.nl\/pt\/wp-json\/wp\/v2\/product"}],"about":[{"href":"https:\/\/www.headshop.nl\/pt\/wp-json\/wp\/v2\/types\/product"}],"wp:featuredmedia":[{"embeddable":true,"href":"https:\/\/www.headshop.nl\/pt\/wp-json\/wp\/v2\/media\/81941"}],"wp:attachment":[{"href":"https:\/\/www.headshop.nl\/pt\/wp-json\/wp\/v2\/media?parent=35985"}],"wp:term":[{"taxonomy":"product_brand","embeddable":true,"href":"https:\/\/www.headshop.nl\/pt\/wp-json\/wp\/v2\/product_brand?post=35985"},{"taxonomy":"product_cat","embeddable":true,"href":"https:\/\/www.headshop.nl\/pt\/wp-json\/wp\/v2\/product_cat?post=35985"},{"taxonomy":"product_tag","embeddable":true,"href":"https:\/\/www.headshop.nl\/pt\/wp-json\/wp\/v2\/product_tag?post=35985"}],"curies":[{"name":"wp","href":"https:\/\/api.w.org\/{rel}","templated":true}]}}