{"id":35978,"date":"2021-08-19T10:34:51","date_gmt":"2021-08-19T10:34:51","guid":{"rendered":"https:\/\/www.headshop.nl\/?post_type=product&#038;p=35978"},"modified":"2025-10-16T07:05:24","modified_gmt":"2025-10-16T07:05:24","slug":"san-pedro-peruvianus-cactus-seeds","status":"publish","type":"product","link":"https:\/\/www.headshop.nl\/pt\/san-pedro-peruvianus-cactus-seeds\/","title":{"rendered":"San Pedro Peruvianus Sementes de cactos"},"content":{"rendered":"<h2>100 San Pedro Peruvianus Sementes de cactos para cultivo<\/h2>\n<p>Diz-se que os cactos que podes cultivar a partir das sementes desta planta espantosa s\u00e3o capazes de produzir efeitos como o LSD, os cogumelos m\u00e1gicos e at\u00e9 a rainha Ayahuasca. O cato que cont\u00e9m chama-se mescalina, que se assemelha quimicamente a estas subst\u00e2ncias acima mencionadas de forma a produzir efeitos semelhantes quando consumidas pelas pessoas.<\/p>\n<p>O cato San Pedro Mescaline tem sido utilizado em v\u00e1rios rituais e cerim\u00f3nias desde h\u00e1 muito tempo porque cont\u00e9m muitos alcal\u00f3ides diferentes, como o popular Mescaline - que pode ter efeitos semelhantes aos do LSD.<\/p>\n<p>Segundo alguns xam\u00e3s do Peru ou do Equador, o cato San Pedro \u00e9 considerado um deus por si s\u00f3. Ainda bem que o podes cultivar em casa!<\/p>","protected":false},"excerpt":{"rendered":"<p>Durante s\u00e9culos, o antigo cato de S\u00e3o Pedro permaneceu um objeto sagrado na Am\u00e9rica do Sul. \u00c9 principalmente encontrado como planta ornamental e tamb\u00e9m pelas suas propriedades medicinais naturais que incluem compostos psicoactivos como a Mescalina. As sementes de San Pedro est\u00e3o agora dispon\u00edveis para cultivar facilmente as suas pr\u00f3prias sementes em casa!<\/p>","protected":false},"featured_media":38151,"template":"","meta":[],"product_brand":[],"product_cat":[394,297,384],"product_tag":[],"class_list":{"0":"post-35978","1":"product","2":"type-product","3":"status-publish","4":"has-post-thumbnail","6":"product_cat-mescaline-cacti","7":"product_cat-all-products","8":"product_cat-smartshop","9":"product_shipping_class-group-7","11":"first","12":"instock","13":"taxable","14":"shipping-taxable","15":"purchasable","16":"product-type-variable","17":"has-default-attributes"},"_links":{"self":[{"href":"https:\/\/www.headshop.nl\/pt\/wp-json\/wp\/v2\/product\/35978","targetHints":{"allow":["GET"]}}],"collection":[{"href":"https:\/\/www.headshop.nl\/pt\/wp-json\/wp\/v2\/product"}],"about":[{"href":"https:\/\/www.headshop.nl\/pt\/wp-json\/wp\/v2\/types\/product"}],"wp:featuredmedia":[{"embeddable":true,"href":"https:\/\/www.headshop.nl\/pt\/wp-json\/wp\/v2\/media\/38151"}],"wp:attachment":[{"href":"https:\/\/www.headshop.nl\/pt\/wp-json\/wp\/v2\/media?parent=35978"}],"wp:term":[{"taxonomy":"product_brand","embeddable":true,"href":"https:\/\/www.headshop.nl\/pt\/wp-json\/wp\/v2\/product_brand?post=35978"},{"taxonomy":"product_cat","embeddable":true,"href":"https:\/\/www.headshop.nl\/pt\/wp-json\/wp\/v2\/product_cat?post=35978"},{"taxonomy":"product_tag","embeddable":true,"href":"https:\/\/www.headshop.nl\/pt\/wp-json\/wp\/v2\/product_tag?post=35978"}],"curies":[{"name":"wp","href":"https:\/\/api.w.org\/{rel}","templated":true}]}}