{"id":35976,"date":"2021-08-19T10:34:49","date_gmt":"2021-08-19T10:34:49","guid":{"rendered":"https:\/\/www.headshop.nl\/?post_type=product&#038;p=35976"},"modified":"2025-10-16T07:05:24","modified_gmt":"2025-10-16T07:05:24","slug":"san-pedro-bridgesii-cactus-seeds","status":"publish","type":"product","link":"https:\/\/www.headshop.nl\/pt\/san-pedro-bridgesii-cactus-seeds\/","title":{"rendered":"San Pedro Bridgesii Sementes de cactos"},"content":{"rendered":"<h2>100 Sementes de Cato San Pedro Bridgesii para cultivo<\/h2>\n<p>San Pedro 1TP374O cato escalope \u00e9 considerado uma divindade por alguns xam\u00e3s do Peru ou do Equador, mas pode cultiv\u00e1-lo em casa!<\/p>\n<p>Segundo alguns xam\u00e3s do Peru ou do Equador, o cato San Pedro \u00e9 considerado um deus por si s\u00f3. Ainda bem que o podes cultivar em casa!<\/p>\n<p>Obt\u00e9m 100 sementes desta planta m\u00e1gica e v\u00ea o que acontece quando experimentas cultivar cactos de mescalina. Esta criatura espantosa tem sido usada h\u00e1 s\u00e9culos por pessoas de ambos os pa\u00edses devido aos alcal\u00f3ides que cont\u00e9m - como a mescalina, que se assemelha quimicamente ao LSD e produz efeitos semelhantes aos dos cogumelos m\u00e1gicos, do LSD e at\u00e9 da pr\u00f3pria rainha Ayahuasca.<\/p>","protected":false},"excerpt":{"rendered":"<p>San Pedro \u00e9 um cato que tem sido utilizado em rituais e cerim\u00f3nias desde h\u00e1 muito tempo devido \u00e0 variedade de alcal\u00f3ides que cont\u00e9m. O mais popular \u00e9 a mescalina, que aumentou a sua popularidade com a utiliza\u00e7\u00e3o por xam\u00e3s que bebem bebidas feitas a partir de outras plantas psicoactivas ou medicinais para produzir vis\u00f5es durante o seu trabalho espiritual.<\/p>","protected":false},"featured_media":38153,"template":"","meta":[],"product_brand":[],"product_cat":[394,297,384],"product_tag":[],"class_list":{"0":"post-35976","1":"product","2":"type-product","3":"status-publish","4":"has-post-thumbnail","6":"product_cat-mescaline-cacti","7":"product_cat-all-products","8":"product_cat-smartshop","9":"product_shipping_class-group-7","11":"first","12":"instock","13":"taxable","14":"shipping-taxable","15":"purchasable","16":"product-type-variable","17":"has-default-attributes"},"_links":{"self":[{"href":"https:\/\/www.headshop.nl\/pt\/wp-json\/wp\/v2\/product\/35976","targetHints":{"allow":["GET"]}}],"collection":[{"href":"https:\/\/www.headshop.nl\/pt\/wp-json\/wp\/v2\/product"}],"about":[{"href":"https:\/\/www.headshop.nl\/pt\/wp-json\/wp\/v2\/types\/product"}],"wp:featuredmedia":[{"embeddable":true,"href":"https:\/\/www.headshop.nl\/pt\/wp-json\/wp\/v2\/media\/38153"}],"wp:attachment":[{"href":"https:\/\/www.headshop.nl\/pt\/wp-json\/wp\/v2\/media?parent=35976"}],"wp:term":[{"taxonomy":"product_brand","embeddable":true,"href":"https:\/\/www.headshop.nl\/pt\/wp-json\/wp\/v2\/product_brand?post=35976"},{"taxonomy":"product_cat","embeddable":true,"href":"https:\/\/www.headshop.nl\/pt\/wp-json\/wp\/v2\/product_cat?post=35976"},{"taxonomy":"product_tag","embeddable":true,"href":"https:\/\/www.headshop.nl\/pt\/wp-json\/wp\/v2\/product_tag?post=35976"}],"curies":[{"name":"wp","href":"https:\/\/api.w.org\/{rel}","templated":true}]}}