{"id":35940,"date":"2021-08-19T10:05:59","date_gmt":"2021-08-19T10:05:59","guid":{"rendered":"https:\/\/www.headshop.nl\/?post_type=product&#038;p=35940"},"modified":"2025-10-16T07:05:25","modified_gmt":"2025-10-16T07:05:25","slug":"peyote-cactus-seeds","status":"publish","type":"product","link":"https:\/\/www.headshop.nl\/pt\/peyote-cactus-seeds\/","title":{"rendered":"Peyote Sementes de cactos"},"content":{"rendered":"<h2>10 Peyote Sementes de cactos para cultivo<\/h2>\n<p>A Mescaline \u00e9 mais conhecida pela sua estrutura qu\u00edmica semelhante \u00e0 da LSD, ao mesmo tempo que produz efeitos muito semelhantes aos dos cogumelos m\u00e1gicos ou de drogas psicad\u00e9licas como a pr\u00f3pria LSD. Alguns dizem que a sua experi\u00eancia com esta planta \u00e9 mais fundamentada e mais f\u00e1cil de controlar do que com outras subst\u00e2ncias psicad\u00e9licas atualmente dispon\u00edveis no mercado devido apenas a estas qualidades.<\/p>\n<p>Este cato m\u00e1gico \u00e9 considerado um deus por si s\u00f3 por alguns xam\u00e3s... E agora tamb\u00e9m o podes cultivar em casa! Obt\u00e9m 10 sementes do cato Peyote e cultiva a tua pr\u00f3pria planta produtora de mescalina no conforto do teu quintal.<\/p>\n<p>Este fant\u00e1stico esp\u00e9cime tem sido utilizado durante s\u00e9culos em v\u00e1rios rituais dos nativos americanos - tudo devido \u00e0 grande variedade de alcal\u00f3ides que existe. Os mais populares s\u00e3o: Mescaline, que tem semelhan\u00e7as qu\u00edmicas com o LSD e tem efeitos quase id\u00eanticos aos que conhecemos, como os cogumelos m\u00e1gicos ou a pr\u00f3pria rainha Ayahuasca.<\/p>\n<p>H\u00e1 quem diga que esta viagem pode ser mais tranquila do que outras ap\u00f3s a ingest\u00e3o destas plantas devido ao seu elevado n\u00edvel de psicadelismo.<\/p>","protected":false},"excerpt":{"rendered":"<p>Durante mil\u00e9nios, o cato Peyote foi considerado um deus em alguns rituais xaman\u00edsticos dos nativos americanos. Agora tamb\u00e9m o podes cultivar em casa! Obt\u00e9m 10 sementes e come\u00e7a hoje a cultivar os teus pr\u00f3prios cactos produtores de mescalina!<\/p>","protected":false},"featured_media":38187,"template":"","meta":[],"product_brand":[],"product_cat":[394,297,384],"product_tag":[],"class_list":{"0":"post-35940","1":"product","2":"type-product","3":"status-publish","4":"has-post-thumbnail","6":"product_cat-mescaline-cacti","7":"product_cat-all-products","8":"product_cat-smartshop","9":"product_shipping_class-group-7","11":"first","12":"instock","13":"taxable","14":"shipping-taxable","15":"purchasable","16":"product-type-variable","17":"has-default-attributes"},"_links":{"self":[{"href":"https:\/\/www.headshop.nl\/pt\/wp-json\/wp\/v2\/product\/35940","targetHints":{"allow":["GET"]}}],"collection":[{"href":"https:\/\/www.headshop.nl\/pt\/wp-json\/wp\/v2\/product"}],"about":[{"href":"https:\/\/www.headshop.nl\/pt\/wp-json\/wp\/v2\/types\/product"}],"wp:featuredmedia":[{"embeddable":true,"href":"https:\/\/www.headshop.nl\/pt\/wp-json\/wp\/v2\/media\/38187"}],"wp:attachment":[{"href":"https:\/\/www.headshop.nl\/pt\/wp-json\/wp\/v2\/media?parent=35940"}],"wp:term":[{"taxonomy":"product_brand","embeddable":true,"href":"https:\/\/www.headshop.nl\/pt\/wp-json\/wp\/v2\/product_brand?post=35940"},{"taxonomy":"product_cat","embeddable":true,"href":"https:\/\/www.headshop.nl\/pt\/wp-json\/wp\/v2\/product_cat?post=35940"},{"taxonomy":"product_tag","embeddable":true,"href":"https:\/\/www.headshop.nl\/pt\/wp-json\/wp\/v2\/product_tag?post=35940"}],"curies":[{"name":"wp","href":"https:\/\/api.w.org\/{rel}","templated":true}]}}