{"id":35938,"date":"2021-08-19T09:44:39","date_gmt":"2021-08-19T09:44:39","guid":{"rendered":"https:\/\/www.headshop.nl\/?post_type=product&#038;p=35938"},"modified":"2025-02-04T14:50:20","modified_gmt":"2025-02-04T14:50:20","slug":"speedx-partypills","status":"publish","type":"product","link":"https:\/\/www.headshop.nl\/pt\/speedx-partypills\/","title":{"rendered":"SpeedX Partypills"},"content":{"rendered":"<h2>O que \u00e9 o SpeedX?<\/h2>\n<p>SpeedX \u00e9 um suplemento de alta energia para festas, formulado para fornecer um impulso energ\u00e9tico intenso e sustentado. Quer estejas a delirar toda a noite, a trabalhar arduamente ou simplesmente \u00e0 procura de um empurr\u00e3o extra, o SpeedX ajuda-te a manter a energia com uma resist\u00eancia implac\u00e1vel. Com a sua potente combina\u00e7\u00e3o de estimulantes naturais, o SpeedX aumenta o estado de alerta, a concentra\u00e7\u00e3o e a resist\u00eancia, assegurando que a fadiga n\u00e3o o vai atrasar.<\/p>\n<p>Este bon\u00e9 de festa foi concebido para aqueles que vivem segundo o lema \"trabalhar muito, jogar ainda mais\". Se n\u00e3o \u00e9 o seu estilo ter calma, o SpeedX \u00e9 o companheiro perfeito para o manter na intensidade m\u00e1xima. Ao contr\u00e1rio dos estimulantes sint\u00e9ticos, o SpeedX utiliza ingredientes naturais para otimizar os n\u00edveis de energia, apoiando simultaneamente a fun\u00e7\u00e3o cognitiva e o desempenho f\u00edsico. O resultado? Sente-se desperto, energizado e pronto para enfrentar qualquer desafio que a noite - ou o dia - lhe apresente. Quer esteja num festival, numa discoteca ou numa sess\u00e3o de treino de alta intensidade, o SpeedX garante que se mant\u00e9m em movimento sem perder o ritmo.<\/p>\n<h2>Hist\u00f3ria do SpeedX<\/h2>\n<p>O desejo de tomar suplementos para aumentar a energia remonta a s\u00e9culos, com muitas culturas a utilizarem estimulantes naturais para melhorar o desempenho e a resist\u00eancia. As civiliza\u00e7\u00f5es antigas baseavam-se em rem\u00e9dios \u00e0 base de ervas e extractos de plantas para manter a resist\u00eancia durante as batalhas, rituais e celebra\u00e7\u00f5es. Ingredientes como o citrus aurantium e a cafe\u00edna h\u00e1 muito que s\u00e3o valorizados pelas suas propriedades estimulantes, proporcionando um impulso mental e f\u00edsico quando mais necess\u00e1rio.<\/p>\n<p>Com o tempo, os avan\u00e7os cient\u00edficos refinaram estes potenciadores naturais de energia, levando \u00e0 cria\u00e7\u00e3o de f\u00f3rmulas mais direcionadas. O SpeedX \u00e9 o resultado desta evolu\u00e7\u00e3o - combinando o conhecimento tradicional com a ci\u00eancia moderna para fornecer um suplemento poderoso e natural para festas. Ao contr\u00e1rio dos estimulantes \u00e0 base de qu\u00edmicos, o SpeedX concentra-se numa liberta\u00e7\u00e3o de energia equilibrada e sustentada, evitando quebras s\u00fabitas ou efeitos secund\u00e1rios indesejados. Ao selecionar e misturar cuidadosamente os ingredientes principais, o SpeedX proporciona um aumento de energia limpo e eficaz que o mant\u00e9m mais forte durante mais tempo.<\/p>\n<p>A procura de potenciadores de energia seguros e naturais s\u00f3 tem aumentado, e o SpeedX responde a essa procura com uma f\u00f3rmula concebida para maximizar o desempenho e o prazer. Quer seja utilizado em eventos de alta energia ou para ultrapassar um longo dia, o SpeedX oferece uma solu\u00e7\u00e3o optimizada para aqueles que se recusam a abrandar.<\/p>\n<h2>Como utilizar o SpeedX<\/h2>\n<p>Para sentir todos os efeitos do SpeedX, tomar 1 a 2 c\u00e1psulas cerca de 30 minutos antes do efeito desejado. Se necess\u00e1rio, aumentar a dose at\u00e9 3 ou 4 c\u00e1psulas, mas n\u00e3o exceder a dose m\u00e1xima di\u00e1ria de 4 c\u00e1psulas por 24 horas. O momento da toma \u00e9 crucial para garantir que o aumento de energia se manifesta exatamente quando mais precisa dele.<\/p>\n<p>Para melhores resultados, tomar SpeedX com um copo de \u00e1gua ou sumo de fruta. A f\u00f3rmula foi concebida para aumentar gradualmente os n\u00edveis de energia, permitindo um aumento suave e sustentado da resist\u00eancia e do estado de alerta. Os efeitos duram normalmente v\u00e1rias horas, dependendo da toler\u00e2ncia individual e dos n\u00edveis de atividade. Se utilizar o SpeedX para um evento ou treino, n\u00e3o se esque\u00e7a de se manter hidratado e de manter uma dieta equilibrada para apoiar o desempenho do seu corpo.<\/p>\n<p>O SpeedX \u00e9 perfeito para actividades de alta energia, como discotecas, raves, desportos e longos turnos de trabalho. Quer precises de dan\u00e7ar toda a noite, de fazer exerc\u00edcio intenso ou de te manteres atento durante uma tarefa exigente, o SpeedX d\u00e1-te o impulso necess\u00e1rio para te manteres no teu melhor. No entanto, \u00e9 essencial seguir as recomenda\u00e7\u00f5es de dosagem para evitar a sobre-estimula\u00e7\u00e3o.<\/p>\n<h2>Ingredientes de SpeedX<\/h2>\n<p>SpeedX cont\u00e9m uma mistura \u00fanica de estimulantes naturais cuidadosamente selecionados pelos seus efeitos de aumento de energia e de desempenho. Cada ingrediente desempenha um papel vital no fornecimento de energia sustentada, concentra\u00e7\u00e3o e resist\u00eancia.<\/p>\n<ul>\n<li><strong>DL-Fenilalanina (DLPA):<\/strong> Este amino\u00e1cido \u00e9 conhecido pela sua capacidade de melhorar o humor e aliviar a fadiga. Influencia neurotransmissores como a dopamina e as endorfinas, que ajudam a aumentar o estado de alerta e a clareza mental. O DLPA tamb\u00e9m aumenta a resist\u00eancia f\u00edsica, o que o torna um componente essencial do SpeedX.<\/li>\n<li><strong>Cafe\u00edna:<\/strong> Estimulante bem conhecido, a cafe\u00edna aumenta a energia e o estado de alerta, reduzindo a fadiga. Encontrada naturalmente em v\u00e1rias plantas, a cafe\u00edna refor\u00e7a os efeitos dos outros ingredientes, garantindo um impulso mais potente e duradouro.<\/li>\n<li><strong>Citrus Aurantium:<\/strong> Tamb\u00e9m conhecido como laranja amarga, este extrato cont\u00e9m sinefrina, um composto que aumenta os n\u00edveis de energia e a concentra\u00e7\u00e3o mental. Ajuda a aumentar a resist\u00eancia e promove uma sensa\u00e7\u00e3o de bem-estar, tornando-o um ingrediente-chave no SpeedX.<\/li>\n<li><strong>Higenamina:<\/strong> Um alcaloide natural encontrado nas plantas l\u00f3tus e ac\u00f3nito, a higenamina actua como um estimulante pr\u00e9-treino. Aumenta os n\u00edveis de adrenalina, apoia a fun\u00e7\u00e3o cardiovascular e melhora a efici\u00eancia respirat\u00f3ria, tornando-a ben\u00e9fica para actividades de alta energia.<\/li>\n<li><strong>Octopamina:<\/strong> Este composto natural desempenha um papel no metabolismo das gorduras e na produ\u00e7\u00e3o de energia. Apoia a clareza mental, o estado de alerta e a resist\u00eancia geral, ajudando os utilizadores a manterem-se concentrados e com energia durante longos per\u00edodos.<\/li>\n<\/ul>\n<p>Juntos, estes ingredientes criam uma f\u00f3rmula equilibrada concebida para maximizar a energia e o desempenho, mantendo a clareza mental e a resist\u00eancia.<\/p>\n<p><strong>Aviso:<\/strong><\/p>\n<p>N\u00e3o utilizar este suplemento alimentar como substituto de um regime alimentar variado. Manter fora do alcance das crian\u00e7as. Utilizar apenas se tiveres mais de 18 anos de idade. N\u00e3o utilizar em combina\u00e7\u00e3o com medicamentos ou outros estimulantes, especialmente se tiver tens\u00e3o arterial alta ou baixa, problemas card\u00edacos, perturba\u00e7\u00f5es da tiroide, doen\u00e7as renais, depress\u00e3o, nervosismo ou problemas de sa\u00fade mental\/f\u00edsica. Evitar o consumo excessivo de \u00e1lcool durante a utiliza\u00e7\u00e3o deste produto. Em caso de d\u00favida, consulta o teu m\u00e9dico.<\/p>","protected":false},"excerpt":{"rendered":"<p>SpeedX \u00e9 o derradeiro bon\u00e9 de festa que aumenta a energia para quem gosta de dar tudo por tudo. Concebida para pessoas com muita energia, esta f\u00f3rmula natural e potente aumenta a resist\u00eancia, a concentra\u00e7\u00e3o e o estado de alerta, ajudando-o a dan\u00e7ar, a fazer rave e a mover-se a toda a velocidade durante horas. Com uma mistura \u00fanica de ingredientes estimulantes, o SpeedX garante que se mant\u00e9m energizado e pronto para continuar a festa. N\u00e3o h\u00e1 tempo a perder - energize-se com SpeedX e experimente uma energia impar\u00e1vel.<\/p>","protected":false},"featured_media":35924,"template":"","meta":[],"product_brand":[],"product_cat":[386,297,707,408,411,397,384],"product_tag":[],"class_list":{"0":"post-35938","1":"product","2":"type-product","3":"status-publish","4":"has-post-thumbnail","6":"product_cat-party-pills","7":"product_cat-all-products","8":"product_cat-buy-xtc","9":"product_cat-dnx","10":"product_cat-energy-pills","11":"product_cat-party","12":"product_cat-smartshop","14":"first","15":"instock","16":"taxable","17":"shipping-taxable","18":"purchasable","19":"product-type-variable","20":"has-default-attributes"},"_links":{"self":[{"href":"https:\/\/www.headshop.nl\/pt\/wp-json\/wp\/v2\/product\/35938","targetHints":{"allow":["GET"]}}],"collection":[{"href":"https:\/\/www.headshop.nl\/pt\/wp-json\/wp\/v2\/product"}],"about":[{"href":"https:\/\/www.headshop.nl\/pt\/wp-json\/wp\/v2\/types\/product"}],"wp:featuredmedia":[{"embeddable":true,"href":"https:\/\/www.headshop.nl\/pt\/wp-json\/wp\/v2\/media\/35924"}],"wp:attachment":[{"href":"https:\/\/www.headshop.nl\/pt\/wp-json\/wp\/v2\/media?parent=35938"}],"wp:term":[{"taxonomy":"product_brand","embeddable":true,"href":"https:\/\/www.headshop.nl\/pt\/wp-json\/wp\/v2\/product_brand?post=35938"},{"taxonomy":"product_cat","embeddable":true,"href":"https:\/\/www.headshop.nl\/pt\/wp-json\/wp\/v2\/product_cat?post=35938"},{"taxonomy":"product_tag","embeddable":true,"href":"https:\/\/www.headshop.nl\/pt\/wp-json\/wp\/v2\/product_tag?post=35938"}],"curies":[{"name":"wp","href":"https:\/\/api.w.org\/{rel}","templated":true}]}}