{"id":35879,"date":"2021-08-19T08:40:16","date_gmt":"2021-08-19T08:40:16","guid":{"rendered":"https:\/\/www.headshop.nl\/?post_type=product&#038;p=35879"},"modified":"2025-02-11T07:37:23","modified_gmt":"2025-02-11T07:37:23","slug":"mdnx-partypills","status":"publish","type":"product","link":"https:\/\/www.headshop.nl\/pt\/mdnx-partypills\/","title":{"rendered":"MDNX Partypills"},"content":{"rendered":"<h2 data-pm-slice=\"1 1 []\">O que \u00e9 o MDNX?<\/h2>\n<p>O MDNX \u00e9 um suplemento natural criado para os amantes de festas que querem amplificar a sua experi\u00eancia. Proporciona um aumento de energia, aumenta a sensa\u00e7\u00e3o de felicidade e melhora as intera\u00e7\u00f5es sociais. Ao contr\u00e1rio dos estimulantes artificiais, o MDNX \u00e9 formulado com ingredientes naturais que funcionam harmoniosamente com o seu corpo. Quer esteja a dan\u00e7ar num festival ou a desfrutar de uma reuni\u00e3o \u00edntima, o MDNX garante que se mant\u00e9m energizado e empenhado.<\/p>\n<p>Os efeitos do MDNX s\u00e3o frequentemente descritos como um impulso intenso de energia, maior conetividade emocional e um estado geral de euforia. A sua mistura \u00fanica de extractos de ervas e amino\u00e1cidos apoia a resist\u00eancia mental e f\u00edsica, ajudando-o a manter-se no momento sem se ir abaixo mais tarde. Com MDNX, as suas noites tornam-se experi\u00eancias inesquec\u00edveis, cheias de alegria e vitalidade.<\/p>\n<h2>A hist\u00f3ria do MDNX<\/h2>\n<p>O conceito do MDNX tem origem na procura de alternativas naturais aos estimulantes sint\u00e9ticos. Ao longo dos anos, muitos frequentadores de festas t\u00eam procurado formas de melhorar as suas experi\u00eancias sem os efeitos secund\u00e1rios negativos das subst\u00e2ncias artificiais.<\/p>\n<p>MDNX foi desenvolvido combinando rem\u00e9dios antigos \u00e0 base de ervas com investiga\u00e7\u00e3o cient\u00edfica moderna. Ingredientes como a maca, a kanna e o gengibre s\u00e3o utilizados h\u00e1 s\u00e9culos na medicina tradicional pelas suas propriedades de aumento de energia e de melhoria do humor. A f\u00f3rmula do MDNX re\u00fane estes poderosos ingredientes de uma forma que apoia tanto a mente como o corpo, permitindo que os utilizadores desfrutem da sua noite sem se preocuparem com uma queda no dia seguinte.<\/p>\n<h2>Como utilizar o MDNX<\/h2>\n<p>Para obter os melhores resultados, tomar 1 a 2 c\u00e1psulas cerca de 30 minutos antes do efeito desejado. Se necess\u00e1rio, pode aumentar a toma at\u00e9 um m\u00e1ximo de 4 c\u00e1psulas num per\u00edodo de 24 horas. N\u00e3o exceder a dose recomendada.<\/p>\n<p>MDNX foi concebido para uma utiliza\u00e7\u00e3o respons\u00e1vel. Funciona melhor quando combinado com hidrata\u00e7\u00e3o e uma dieta equilibrada. Quer esteja a ir para a pista de dan\u00e7a, a desfrutar de um festival de m\u00fasica ou a socializar com os amigos, o MDNX mant\u00e9m-no no seu melhor. Ouve sempre o teu corpo e usa o MDNX com modera\u00e7\u00e3o para teres a melhor experi\u00eancia de festa.<\/p>\n<h2>Ingredientes de MDNX<\/h2>\n<p>MDNX cont\u00e9m uma mistura cuidadosamente selecionada de ingredientes naturais que funcionam em conjunto para melhorar a sua energia e disposi\u00e7\u00e3o:<\/p>\n<ul data-spread=\"true\">\n<li><strong>Maca:<\/strong> Uma raiz peruana conhecida pelas suas propriedades adaptog\u00e9nicas, a maca aumenta a resist\u00eancia, melhora o humor e o bem-estar geral. Tamb\u00e9m ajuda a equilibrar as hormonas, o que pode levar a uma experi\u00eancia mais est\u00e1vel e agrad\u00e1vel.<\/li>\n<li><strong>Gengibre:<\/strong> Esta poderosa raiz apoia a digest\u00e3o, reduz as n\u00e1useas e tem propriedades anti-inflamat\u00f3rias. Tamb\u00e9m ajuda a manter os n\u00edveis de energia e o estado de alerta durante a noite.<\/li>\n<li><strong>DL-Fenilalanina (DLPA):<\/strong> Um amino\u00e1cido que desempenha um papel crucial na regula\u00e7\u00e3o do humor, influenciando neurotransmissores como a dopamina e as endorfinas. O DLPA ajuda a melhorar a concentra\u00e7\u00e3o, a aumentar o estado de alerta e a aumentar a sensa\u00e7\u00e3o geral de felicidade.<\/li>\n<li><strong>Cafe\u00edna:<\/strong> Estimulante natural que aumenta a energia e o estado de alerta, a cafe\u00edna aumenta a resist\u00eancia e refor\u00e7a os efeitos de outros ingredientes. Ajuda a prevenir a fadiga, mantendo-o ativo por per\u00edodos mais longos.<\/li>\n<li><strong>Kanna:<\/strong> Uma planta sul-africana conhecida pelas suas propriedades de melhoria do humor. O Kanna aumenta os n\u00edveis de serotonina, reduz a ansiedade e promove a conetividade social, tornando as intera\u00e7\u00f5es mais agrad\u00e1veis e sem esfor\u00e7o.<\/li>\n<\/ul>\n<p><strong>Aviso:<\/strong> MDNX \u00e9 um suplemento alimentar e n\u00e3o deve ser utilizado como substituto de um regime alimentar variado. Manter fora do alcance das crian\u00e7as. S\u00f3 deve ser utilizado por pessoas com mais de 18 anos de idade. N\u00e3o utilizar em combina\u00e7\u00e3o com medicamentos, outros estimulantes ou se tiver problemas card\u00edacos, tens\u00e3o arterial alta\/baixa, perturba\u00e7\u00f5es da tiroide, doen\u00e7as renais, depress\u00e3o, ansiedade ou outros problemas de sa\u00fade f\u00edsica ou mental. Evitar o consumo excessivo de \u00e1lcool. Em caso de d\u00favida, consultar o m\u00e9dico antes da utiliza\u00e7\u00e3o.<\/p>","protected":false},"excerpt":{"rendered":"<p data-pm-slice=\"1 1 []\">Procura aquele impulso extra para melhorar a sua noite? MDNX \u00e9 um comprimido natural para festas concebido para elevar a tua energia, melhorar o teu humor e manter-te animado durante toda a noite. Com ingredientes naturais cuidadosamente selecionados, o MDNX ajuda-o a experimentar sensa\u00e7\u00f5es de euforia enquanto mant\u00e9m o controlo. Sem ressacas, apenas puro prazer.<\/p>","protected":false},"featured_media":35920,"template":"","meta":[],"product_brand":[],"product_cat":[386,297,707,408,411,397,384],"product_tag":[],"class_list":{"0":"post-35879","1":"product","2":"type-product","3":"status-publish","4":"has-post-thumbnail","6":"product_cat-party-pills","7":"product_cat-all-products","8":"product_cat-buy-xtc","9":"product_cat-dnx","10":"product_cat-energy-pills","11":"product_cat-party","12":"product_cat-smartshop","14":"first","15":"instock","16":"taxable","17":"shipping-taxable","18":"purchasable","19":"product-type-variable","20":"has-default-attributes"},"_links":{"self":[{"href":"https:\/\/www.headshop.nl\/pt\/wp-json\/wp\/v2\/product\/35879","targetHints":{"allow":["GET"]}}],"collection":[{"href":"https:\/\/www.headshop.nl\/pt\/wp-json\/wp\/v2\/product"}],"about":[{"href":"https:\/\/www.headshop.nl\/pt\/wp-json\/wp\/v2\/types\/product"}],"wp:featuredmedia":[{"embeddable":true,"href":"https:\/\/www.headshop.nl\/pt\/wp-json\/wp\/v2\/media\/35920"}],"wp:attachment":[{"href":"https:\/\/www.headshop.nl\/pt\/wp-json\/wp\/v2\/media?parent=35879"}],"wp:term":[{"taxonomy":"product_brand","embeddable":true,"href":"https:\/\/www.headshop.nl\/pt\/wp-json\/wp\/v2\/product_brand?post=35879"},{"taxonomy":"product_cat","embeddable":true,"href":"https:\/\/www.headshop.nl\/pt\/wp-json\/wp\/v2\/product_cat?post=35879"},{"taxonomy":"product_tag","embeddable":true,"href":"https:\/\/www.headshop.nl\/pt\/wp-json\/wp\/v2\/product_tag?post=35879"}],"curies":[{"name":"wp","href":"https:\/\/api.w.org\/{rel}","templated":true}]}}