{"id":35836,"date":"2021-08-17T12:20:54","date_gmt":"2021-08-17T12:20:54","guid":{"rendered":"https:\/\/www.headshop.nl\/?post_type=product&#038;p=35836"},"modified":"2025-06-06T06:33:49","modified_gmt":"2025-06-06T06:33:49","slug":"mcsx-partypills","status":"publish","type":"product","link":"https:\/\/www.headshop.nl\/pt\/mcsx-partypills\/","title":{"rendered":"MCSX Partypills"},"content":{"rendered":"<h2>6 MCSX Partypills a partir de HPA<\/h2>\n<p>Pode usar o quarto de dormir a seu favor? Experimente os comprimidos sexuais naturais \u00e0 base de plantas do MCSX para mulheres, homens e todos os outros. Estes produtos foram concebidos especificamente para aumentar a libido e a resist\u00eancia, para que, quando chegar a altura de fazer amor toda a noite, ningu\u00e9m tenha desculpas para n\u00e3o ser capaz de dar o seu melhor!<\/p>\n<p>N\u00e3o s\u00f3 ajudam a aumentar a energia sexual, como tamb\u00e9m n\u00e3o t\u00eam a preocupa\u00e7\u00e3o de as ferramentas voltarem a falhar. Prepare-se para uma noite excitante!<\/p>\n<p>&nbsp;<\/p>","protected":false},"excerpt":{"rendered":"<p>MCSX \u00e9 um estimulador sexual e da libido \u00e0 base de ervas. Aumenta o fluxo sangu\u00edneo para os m\u00fasculos necess\u00e1rios. Para al\u00e9m de aumentar a libido, d\u00e1-lhe muita energia para desfrutar de uma noite de paix\u00e3o mais longa. Cont\u00e9m 6 c\u00e1psulas.<\/p>","protected":false},"featured_media":35812,"template":"","meta":[],"product_brand":[],"product_cat":[395,297,707,411,494,386,705,384],"product_tag":[],"class_list":{"0":"post-35836","1":"product","2":"type-product","3":"status-publish","4":"has-post-thumbnail","6":"product_cat-aphrodisiacs","7":"product_cat-all-products","8":"product_cat-buy-xtc","9":"product_cat-energy-pills","10":"product_cat-hpa","11":"product_cat-party-pills","12":"product_cat-sex-shop","13":"product_cat-smartshop","14":"product_shipping_class-not-allowed-group-1","16":"first","17":"instock","18":"taxable","19":"shipping-taxable","20":"purchasable","21":"product-type-variable","22":"has-default-attributes"},"_links":{"self":[{"href":"https:\/\/www.headshop.nl\/pt\/wp-json\/wp\/v2\/product\/35836","targetHints":{"allow":["GET"]}}],"collection":[{"href":"https:\/\/www.headshop.nl\/pt\/wp-json\/wp\/v2\/product"}],"about":[{"href":"https:\/\/www.headshop.nl\/pt\/wp-json\/wp\/v2\/types\/product"}],"wp:featuredmedia":[{"embeddable":true,"href":"https:\/\/www.headshop.nl\/pt\/wp-json\/wp\/v2\/media\/35812"}],"wp:attachment":[{"href":"https:\/\/www.headshop.nl\/pt\/wp-json\/wp\/v2\/media?parent=35836"}],"wp:term":[{"taxonomy":"product_brand","embeddable":true,"href":"https:\/\/www.headshop.nl\/pt\/wp-json\/wp\/v2\/product_brand?post=35836"},{"taxonomy":"product_cat","embeddable":true,"href":"https:\/\/www.headshop.nl\/pt\/wp-json\/wp\/v2\/product_cat?post=35836"},{"taxonomy":"product_tag","embeddable":true,"href":"https:\/\/www.headshop.nl\/pt\/wp-json\/wp\/v2\/product_tag?post=35836"}],"curies":[{"name":"wp","href":"https:\/\/api.w.org\/{rel}","templated":true}]}}