{"id":35834,"date":"2021-08-17T12:20:50","date_gmt":"2021-08-17T12:20:50","guid":{"rendered":"https:\/\/www.headshop.nl\/?post_type=product&#038;p=35834"},"modified":"2025-10-10T01:26:26","modified_gmt":"2025-10-10T01:26:26","slug":"mdaa-partypills","status":"publish","type":"product","link":"https:\/\/www.headshop.nl\/pt\/mdaa-partypills\/","title":{"rendered":"MDAA Partypills"},"content":{"rendered":"<h2>6 MDAA Partypills a partir de HPA<\/h2>\n<p>Qual \u00e9 a forma perfeita de festejar? HPA MDAA! Este suplemento de ervas levar\u00e1 a tua experi\u00eancia a um n\u00edvel totalmente novo, sem nada que possa ser mau para ti. Com ingredientes naturais e extractos de ervas - esta p\u00edlula garante que est\u00e1 mais energizado do que nunca, enquanto desfruta dos momentos maravilhosos da vida em bandas sonoras de qualidade sobrenatural.<\/p>\n<p>HPA MDAA \u00e9 uma alternativa \u00e0 base de plantas aos comprimidos para festas de rua! Aumenta a vitalidade e ajuda-o a desfrutar do maravilhoso mundo do som. Repleto de ingredientes naturais, este comprimido permitir-lhe-\u00e1 ter uma noite cheia de maravilhas sem quaisquer efeitos secund\u00e1rios no dia seguinte. Isto \u00e9 para todos os que procuram divertir-se enquanto festejam - mas n\u00e3o querem nada de mau em troca da sua bebida ou consumo de drogas.<\/p>","protected":false},"excerpt":{"rendered":"<p>HPA MDAA \u00e9 a p\u00edlula de festa \u00e0 base de plantas que lhe proporcionar\u00e1 uma noite de maravilha sem quaisquer efeitos secund\u00e1rios. Este produto natural cont\u00e9m ingredientes que aumentam a sua vitalidade e facilitam a frui\u00e7\u00e3o dos prazeres da vida, como a m\u00fasica! Prepara-te para festejar toda a noite!<\/p>","protected":false},"featured_media":35816,"template":"","meta":[],"product_brand":[],"product_cat":[386,297,707,411,494,397,384],"product_tag":[],"class_list":{"0":"post-35834","1":"product","2":"type-product","3":"status-publish","4":"has-post-thumbnail","6":"product_cat-party-pills","7":"product_cat-all-products","8":"product_cat-buy-xtc","9":"product_cat-energy-pills","10":"product_cat-hpa","11":"product_cat-party","12":"product_cat-smartshop","13":"product_shipping_class-not-allowed-group-1","15":"first","16":"instock","17":"taxable","18":"shipping-taxable","19":"purchasable","20":"product-type-variable","21":"has-default-attributes"},"_links":{"self":[{"href":"https:\/\/www.headshop.nl\/pt\/wp-json\/wp\/v2\/product\/35834","targetHints":{"allow":["GET"]}}],"collection":[{"href":"https:\/\/www.headshop.nl\/pt\/wp-json\/wp\/v2\/product"}],"about":[{"href":"https:\/\/www.headshop.nl\/pt\/wp-json\/wp\/v2\/types\/product"}],"wp:featuredmedia":[{"embeddable":true,"href":"https:\/\/www.headshop.nl\/pt\/wp-json\/wp\/v2\/media\/35816"}],"wp:attachment":[{"href":"https:\/\/www.headshop.nl\/pt\/wp-json\/wp\/v2\/media?parent=35834"}],"wp:term":[{"taxonomy":"product_brand","embeddable":true,"href":"https:\/\/www.headshop.nl\/pt\/wp-json\/wp\/v2\/product_brand?post=35834"},{"taxonomy":"product_cat","embeddable":true,"href":"https:\/\/www.headshop.nl\/pt\/wp-json\/wp\/v2\/product_cat?post=35834"},{"taxonomy":"product_tag","embeddable":true,"href":"https:\/\/www.headshop.nl\/pt\/wp-json\/wp\/v2\/product_tag?post=35834"}],"curies":[{"name":"wp","href":"https:\/\/api.w.org\/{rel}","templated":true}]}}