{"id":35832,"date":"2021-08-17T12:20:42","date_gmt":"2021-08-17T12:20:42","guid":{"rendered":"https:\/\/www.headshop.nl\/?post_type=product&#038;p=35832"},"modified":"2025-06-06T06:31:12","modified_gmt":"2025-06-06T06:31:12","slug":"xtcy-partypills","status":"publish","type":"product","link":"https:\/\/www.headshop.nl\/pt\/xtcy-partypills\/","title":{"rendered":"XTCY Partypills"},"content":{"rendered":"<h2>6 XTCY Partypills a partir de HPA<\/h2>\n<p>Se queres dan\u00e7ar toda a noite sem preocupa\u00e7\u00f5es, n\u00e3o procures mais! O conjunto de comprimidos HPA XTCY Party inclui tudo o que o teu corpo precisa para te divertires com os teus amigos. Se a festa for demasiado grande para um dia e quiser voltar a faz\u00ea-la amanh\u00e3, este conjunto de comprimidos tamb\u00e9m tem isso controlado.<\/p>\n<p>Os festeiros inventivos que precisam de um pontap\u00e9 de energia devem considerar os XTCY Energizers. A f\u00f3rmula combina ingredientes naturais, dando-te um impulso energ\u00e9tico que \u00e9 perfeito para festas e ajuda-te a passar a noite. Alguns utilizadores consideram-na muito semelhante ao verdadeiro ecstasy, mas sem quaisquer efeitos secund\u00e1rios!<\/p>\n<p>&nbsp;<\/p>","protected":false},"excerpt":{"rendered":"<p>Queres festejar a noite toda com os teus amigos? HPA XTCY Party Pill Set d\u00e1-te um impulso natural de energia para que os movimentos de dan\u00e7a mais intensos n\u00e3o te cansem. Estes comprimidos s\u00e3o tamb\u00e9m uma alternativa saud\u00e1vel \u00e0s drogas t\u00f3xicas de rua e s\u00e3o feitos de ingredientes naturais completamente legais!<\/p>","protected":false},"featured_media":35824,"template":"","meta":[],"product_brand":[],"product_cat":[386,297,707,411,494,397,384],"product_tag":[],"class_list":{"0":"post-35832","1":"product","2":"type-product","3":"status-publish","4":"has-post-thumbnail","6":"product_cat-party-pills","7":"product_cat-all-products","8":"product_cat-buy-xtc","9":"product_cat-energy-pills","10":"product_cat-hpa","11":"product_cat-party","12":"product_cat-smartshop","13":"product_shipping_class-not-allowed-group-1","15":"first","16":"instock","17":"taxable","18":"shipping-taxable","19":"purchasable","20":"product-type-variable","21":"has-default-attributes"},"_links":{"self":[{"href":"https:\/\/www.headshop.nl\/pt\/wp-json\/wp\/v2\/product\/35832","targetHints":{"allow":["GET"]}}],"collection":[{"href":"https:\/\/www.headshop.nl\/pt\/wp-json\/wp\/v2\/product"}],"about":[{"href":"https:\/\/www.headshop.nl\/pt\/wp-json\/wp\/v2\/types\/product"}],"wp:featuredmedia":[{"embeddable":true,"href":"https:\/\/www.headshop.nl\/pt\/wp-json\/wp\/v2\/media\/35824"}],"wp:attachment":[{"href":"https:\/\/www.headshop.nl\/pt\/wp-json\/wp\/v2\/media?parent=35832"}],"wp:term":[{"taxonomy":"product_brand","embeddable":true,"href":"https:\/\/www.headshop.nl\/pt\/wp-json\/wp\/v2\/product_brand?post=35832"},{"taxonomy":"product_cat","embeddable":true,"href":"https:\/\/www.headshop.nl\/pt\/wp-json\/wp\/v2\/product_cat?post=35832"},{"taxonomy":"product_tag","embeddable":true,"href":"https:\/\/www.headshop.nl\/pt\/wp-json\/wp\/v2\/product_tag?post=35832"}],"curies":[{"name":"wp","href":"https:\/\/api.w.org\/{rel}","templated":true}]}}