{"id":35830,"date":"2021-08-17T12:20:41","date_gmt":"2021-08-17T12:20:41","guid":{"rendered":"https:\/\/www.headshop.nl\/?post_type=product&#038;p=35830"},"modified":"2025-06-06T06:34:03","modified_gmt":"2025-06-06T06:34:03","slug":"triple-xxx-partypills","status":"publish","type":"product","link":"https:\/\/www.headshop.nl\/pt\/triple-xxx-partypills\/","title":{"rendered":"Triple XXX Partypills"},"content":{"rendered":"<h2>6 Triple XXX Partypills a partir de HPA<\/h2>\n<p>Os comprimidos para festas Triple XXX s\u00e3o a melhor escolha para aqueles que querem ter uma noite verdadeiramente memor\u00e1vel. O Triple XXX est\u00e1 repleto de ingredientes naturais que proporcionam uma experi\u00eancia edificante e euf\u00f3rica, bem como alguma for\u00e7a mental quando mais precisa dela!<\/p>\n<p>Se queres festejar como um holand\u00eas em Amesterd\u00e3o, ent\u00e3o o Triple XXX \u00e9 o comprimido ideal para ti. Estes comprimidos s\u00e3o feitos com ingredientes naturais que fornecem doses saud\u00e1veis de energia e boas vibra\u00e7\u00f5es sem quaisquer subst\u00e2ncias artificiais ou efeitos secund\u00e1rios perigosos.<\/p>\n<p>O Triple XXX tem todas as vantagens das drogas de festa cl\u00e1ssicas, mas nenhum dos seus inconvenientes: n\u00e3o causa depend\u00eancia nem alucina\u00e7\u00f5es em caso de sobredosagem! N\u00e3o te preocupes demasiado com o teu f\u00edgado, pois estes comprimidos cont\u00eam apenas dois tipos de estimulantes (cafe\u00edna e guaran\u00e1), cuja seguran\u00e7a foi comprovada por v\u00e1rios estudos m\u00e9dicos.<\/p>\n<p>Os comprimidos para festas Triple XXX encher\u00e3o a tua noite de energia e boas vibra\u00e7\u00f5es. Esta \u00e9 uma \u00f3ptima escolha se n\u00e3o est\u00e1s apenas \u00e0 procura de um comprimido de festa euf\u00f3rico, mas tamb\u00e9m queres adicionar um pouco de poder mental!<\/p>","protected":false},"excerpt":{"rendered":"<p>Os comprimidos para festas Triple X foram concebidos para tornar a tua noite em Amesterd\u00e3o ainda mais fant\u00e1stica. Estes suplementos naturais s\u00e3o a escolha perfeita para quem deseja uma noite euf\u00f3rica, cheia de energia, boas vibra\u00e7\u00f5es e for\u00e7a mental!<\/p>","protected":false},"featured_media":35820,"template":"","meta":[],"product_brand":[],"product_cat":[386,297,707,411,494,397,384],"product_tag":[],"class_list":{"0":"post-35830","1":"product","2":"type-product","3":"status-publish","4":"has-post-thumbnail","6":"product_cat-party-pills","7":"product_cat-all-products","8":"product_cat-buy-xtc","9":"product_cat-energy-pills","10":"product_cat-hpa","11":"product_cat-party","12":"product_cat-smartshop","13":"product_shipping_class-not-allowed-group-1","15":"first","16":"instock","17":"taxable","18":"shipping-taxable","19":"purchasable","20":"product-type-variable","21":"has-default-attributes"},"_links":{"self":[{"href":"https:\/\/www.headshop.nl\/pt\/wp-json\/wp\/v2\/product\/35830","targetHints":{"allow":["GET"]}}],"collection":[{"href":"https:\/\/www.headshop.nl\/pt\/wp-json\/wp\/v2\/product"}],"about":[{"href":"https:\/\/www.headshop.nl\/pt\/wp-json\/wp\/v2\/types\/product"}],"wp:featuredmedia":[{"embeddable":true,"href":"https:\/\/www.headshop.nl\/pt\/wp-json\/wp\/v2\/media\/35820"}],"wp:attachment":[{"href":"https:\/\/www.headshop.nl\/pt\/wp-json\/wp\/v2\/media?parent=35830"}],"wp:term":[{"taxonomy":"product_brand","embeddable":true,"href":"https:\/\/www.headshop.nl\/pt\/wp-json\/wp\/v2\/product_brand?post=35830"},{"taxonomy":"product_cat","embeddable":true,"href":"https:\/\/www.headshop.nl\/pt\/wp-json\/wp\/v2\/product_cat?post=35830"},{"taxonomy":"product_tag","embeddable":true,"href":"https:\/\/www.headshop.nl\/pt\/wp-json\/wp\/v2\/product_tag?post=35830"}],"curies":[{"name":"wp","href":"https:\/\/api.w.org\/{rel}","templated":true}]}}