{"id":35754,"date":"2021-08-17T09:22:54","date_gmt":"2021-08-17T09:22:54","guid":{"rendered":"https:\/\/www.headshop.nl\/?post_type=product&#038;p=35754"},"modified":"2026-01-20T13:52:31","modified_gmt":"2026-01-20T13:52:31","slug":"trip-e-happycaps","status":"publish","type":"product","link":"https:\/\/www.headshop.nl\/pt\/trip-e-happycaps\/","title":{"rendered":"Trip E Happy Caps"},"content":{"rendered":"<h2>4 Partypills de Trip E de HappyCaps<\/h2>\n<p>Se procuras uma experi\u00eancia psicad\u00e9lica e meditativa com o teu comprimido de festa, ent\u00e3o este \u00e9 perfeito. Come\u00e7a devagar (no m\u00e1ximo 2 c\u00e1psulas) para n\u00e3o ficares sobrecarregado da primeira vez!<\/p>\n<p>Esta alternativa \u00e0 base de ervas \u00e9 \u00f3ptima devido \u00e0 sua viagem introspectiva que est\u00e1 dispon\u00edvel para qualquer pessoa que cuide da sua pr\u00f3pria mente antes de embarcar numa aventura alucinante!<\/p>\n<p>Trip-E oferece uma experi\u00eancia psicad\u00e9lica \u00fanica e intensa. A f\u00f3rmula \u00e9 perfeita para quem procura dar o pr\u00f3ximo passo na sua viagem para explorar a consci\u00eancia e expandir a perce\u00e7\u00e3o atrav\u00e9s de uma viagem inesquec\u00edvel sem distrac\u00e7\u00f5es.<\/p>\n<p>Trip-E, uma c\u00e1psula psicad\u00e9lica que te levar\u00e1 numa viagem meditativa inesquec\u00edvel. Esta f\u00f3rmula \u00e9 perfeita para qualquer ambiente onde nada possa distrair o tripper da sua espetacular e intensa experi\u00eancia de viagem.<\/p>","protected":false},"excerpt":{"rendered":"<p>Trip E Happy Caps \u00e9 o comprimido para festas mais trippy que existe. Esta f\u00f3rmula natural \u00e0 base de ervas abrir\u00e1 uma porta para um mundo psicad\u00e9lico espantoso, com imagens de luz inclu\u00eddas!<\/p>","protected":false},"featured_media":47998,"template":"","meta":[],"product_brand":[],"product_cat":[412,297,707,409,397,386,384],"product_tag":[],"class_list":{"0":"post-35754","1":"product","2":"type-product","3":"status-publish","4":"has-post-thumbnail","6":"product_cat-trippy-pills","7":"product_cat-all-products","8":"product_cat-buy-xtc","9":"product_cat-happy-caps","10":"product_cat-party","11":"product_cat-party-pills","12":"product_cat-smartshop","13":"product_shipping_class-not-allowed-group-3","15":"first","16":"instock","17":"taxable","18":"shipping-taxable","19":"purchasable","20":"product-type-variable","21":"has-default-attributes"},"_links":{"self":[{"href":"https:\/\/www.headshop.nl\/pt\/wp-json\/wp\/v2\/product\/35754","targetHints":{"allow":["GET"]}}],"collection":[{"href":"https:\/\/www.headshop.nl\/pt\/wp-json\/wp\/v2\/product"}],"about":[{"href":"https:\/\/www.headshop.nl\/pt\/wp-json\/wp\/v2\/types\/product"}],"wp:featuredmedia":[{"embeddable":true,"href":"https:\/\/www.headshop.nl\/pt\/wp-json\/wp\/v2\/media\/47998"}],"wp:attachment":[{"href":"https:\/\/www.headshop.nl\/pt\/wp-json\/wp\/v2\/media?parent=35754"}],"wp:term":[{"taxonomy":"product_brand","embeddable":true,"href":"https:\/\/www.headshop.nl\/pt\/wp-json\/wp\/v2\/product_brand?post=35754"},{"taxonomy":"product_cat","embeddable":true,"href":"https:\/\/www.headshop.nl\/pt\/wp-json\/wp\/v2\/product_cat?post=35754"},{"taxonomy":"product_tag","embeddable":true,"href":"https:\/\/www.headshop.nl\/pt\/wp-json\/wp\/v2\/product_tag?post=35754"}],"curies":[{"name":"wp","href":"https:\/\/api.w.org\/{rel}","templated":true}]}}