{"id":35751,"date":"2021-08-17T08:58:20","date_gmt":"2021-08-17T08:58:20","guid":{"rendered":"https:\/\/www.headshop.nl\/?post_type=product&#038;p=35751"},"modified":"2022-09-19T14:03:24","modified_gmt":"2022-09-19T14:03:24","slug":"space-e-happycaps","status":"publish","type":"product","link":"https:\/\/www.headshop.nl\/pt\/space-e-happycaps\/","title":{"rendered":"Space E Happy Caps"},"content":{"rendered":"<h2>4 Partypills de Space E de HappyCaps<\/h2>\n<p>A solu\u00e7\u00e3o perfeita para qualquer festival ou rave, Space E \u00e9 o comprimido psicad\u00e9lico \u00e0 base de plantas que te dar\u00e1 muita energia e uma nova perspetiva psicad\u00e9lica da vida.<\/p>\n<p>A Space E \u00e9 a solu\u00e7\u00e3o herb\u00e1cea perfeita para os frequentadores de festas rave que procuram sentir-se bem. Pode elevar o teu estado de esp\u00edrito, dar-te muita energia e proporcionar-te uma experi\u00eancia psicad\u00e9lica \u00fanica. Perfeita para quem vai sair e quer um burburinho extra! Psy it up!<\/p>\n<p>A Space-e da Happy Caps \u00e9 uma p\u00edlula para festas que foi concebida para te fazer sentir relaxado e drogado. \u00c9 perfeito para quando te apetece uma noite intensa de festa ou apenas para relaxar em casa com os amigos. Espera-te uma experi\u00eancia espacial e algo trippy, mas en\u00e9rgica!<\/p>","protected":false},"excerpt":{"rendered":"<p>A Space E \u00e9 a p\u00edlula de festa perfeita para aliviar a tens\u00e3o. Isto torna-o adequado para festas de trance, pois a tua energia aumentar\u00e1 e ter\u00e1s uma experi\u00eancia euf\u00f3rica que tamb\u00e9m \u00e9 ligeiramente psicad\u00e9lica! Tudo isto sem os efeitos secund\u00e1rios de outras drogas - apenas ingredientes naturais do Happy Caps.<\/p>","protected":false},"featured_media":47996,"template":"","meta":[],"product_brand":[],"product_cat":[412,297,707,409,397,386,384],"product_tag":[],"class_list":{"0":"post-35751","1":"product","2":"type-product","3":"status-publish","4":"has-post-thumbnail","6":"product_cat-trippy-pills","7":"product_cat-all-products","8":"product_cat-buy-xtc","9":"product_cat-happy-caps","10":"product_cat-party","11":"product_cat-party-pills","12":"product_cat-smartshop","14":"first","15":"instock","16":"taxable","17":"shipping-taxable","18":"purchasable","19":"product-type-variable","20":"has-default-attributes"},"_links":{"self":[{"href":"https:\/\/www.headshop.nl\/pt\/wp-json\/wp\/v2\/product\/35751","targetHints":{"allow":["GET"]}}],"collection":[{"href":"https:\/\/www.headshop.nl\/pt\/wp-json\/wp\/v2\/product"}],"about":[{"href":"https:\/\/www.headshop.nl\/pt\/wp-json\/wp\/v2\/types\/product"}],"wp:featuredmedia":[{"embeddable":true,"href":"https:\/\/www.headshop.nl\/pt\/wp-json\/wp\/v2\/media\/47996"}],"wp:attachment":[{"href":"https:\/\/www.headshop.nl\/pt\/wp-json\/wp\/v2\/media?parent=35751"}],"wp:term":[{"taxonomy":"product_brand","embeddable":true,"href":"https:\/\/www.headshop.nl\/pt\/wp-json\/wp\/v2\/product_brand?post=35751"},{"taxonomy":"product_cat","embeddable":true,"href":"https:\/\/www.headshop.nl\/pt\/wp-json\/wp\/v2\/product_cat?post=35751"},{"taxonomy":"product_tag","embeddable":true,"href":"https:\/\/www.headshop.nl\/pt\/wp-json\/wp\/v2\/product_tag?post=35751"}],"curies":[{"name":"wp","href":"https:\/\/api.w.org\/{rel}","templated":true}]}}