{"id":35749,"date":"2021-08-17T08:03:43","date_gmt":"2021-08-17T08:03:43","guid":{"rendered":"https:\/\/www.headshop.nl\/?post_type=product&#038;p=35749"},"modified":"2026-02-21T01:26:16","modified_gmt":"2026-02-21T01:26:16","slug":"sex-e-happycaps","status":"publish","type":"product","link":"https:\/\/www.headshop.nl\/pt\/sex-e-happycaps\/","title":{"rendered":"Sex E Happy Caps"},"content":{"rendered":"<h2>4 Partypills de Sex E de HappyCaps<\/h2>\n<p>O Sex E Happy Caps ser\u00e1 o complemento perfeito para qualquer noite rom\u00e2ntica. Esta f\u00f3rmula natural \u00e0 base de ervas actua como um afrodis\u00edaco e pode aumentar a libido, melhorar o desempenho na cama e muito mais!<\/p>\n<p>Para aqueles que procuram aumentar a libido e a sensualidade - este \u00e9 um afrodis\u00edaco perfeito que pode ser usado por ambos os parceiros! Se est\u00e1 a planear uma noite rom\u00e2ntica com o seu parceiro e quer encher o ar com uma energia luxuriosa, use estes poderosos ingredientes.<\/p>\n<p>Ajudar\u00e3o qualquer pessoa que queira que a sua vida sexual expluda em algo mais apaixonado do que alguma vez experimentou antes - esta f\u00f3rmula funciona mesmo em pessoas sem experi\u00eancia noutros estimulantes ou drogas - basta abri-la e desfrutar das sensa\u00e7\u00f5es o mais rapidamente poss\u00edvel!<\/p>\n<p>Para quem est\u00e1 a planear utilizar um afrodis\u00edaco, este suplemento \u00e9 perfeito para o aumento da sensualidade. O estimulante que aumenta a libido estar\u00e1 a fluir com amor e excita\u00e7\u00e3o durante os momentos rom\u00e2nticos de intimidade. Quem n\u00e3o tem experi\u00eancia noutros est\u00edmulos pode simplesmente tom\u00e1-lo quando quiser um pequeno impulso extra!<\/p>","protected":false},"excerpt":{"rendered":"<p>Quando voc\u00ea e o seu parceiro se sentirem um pouco mais excitados, pegue no Sex E Happy Caps! Esta f\u00f3rmula natural \u00e0 base de ervas actua como um afrodis\u00edaco. Isso significa que pode aumentar a libido e melhorar o desempenho na cama, entre outras coisas. Se isso n\u00e3o se transformar em romance num instante, n\u00e3o sabemos o que o far\u00e1!<\/p>","protected":false},"featured_media":47994,"template":"","meta":[],"product_brand":[],"product_cat":[395,297,707,411,409,386,705,384],"product_tag":[],"class_list":{"0":"post-35749","1":"product","2":"type-product","3":"status-publish","4":"has-post-thumbnail","6":"product_cat-aphrodisiacs","7":"product_cat-all-products","8":"product_cat-buy-xtc","9":"product_cat-energy-pills","10":"product_cat-happy-caps","11":"product_cat-party-pills","12":"product_cat-sex-shop","13":"product_cat-smartshop","15":"first","16":"instock","17":"taxable","18":"shipping-taxable","19":"purchasable","20":"product-type-variable","21":"has-default-attributes"},"_links":{"self":[{"href":"https:\/\/www.headshop.nl\/pt\/wp-json\/wp\/v2\/product\/35749","targetHints":{"allow":["GET"]}}],"collection":[{"href":"https:\/\/www.headshop.nl\/pt\/wp-json\/wp\/v2\/product"}],"about":[{"href":"https:\/\/www.headshop.nl\/pt\/wp-json\/wp\/v2\/types\/product"}],"wp:featuredmedia":[{"embeddable":true,"href":"https:\/\/www.headshop.nl\/pt\/wp-json\/wp\/v2\/media\/47994"}],"wp:attachment":[{"href":"https:\/\/www.headshop.nl\/pt\/wp-json\/wp\/v2\/media?parent=35749"}],"wp:term":[{"taxonomy":"product_brand","embeddable":true,"href":"https:\/\/www.headshop.nl\/pt\/wp-json\/wp\/v2\/product_brand?post=35749"},{"taxonomy":"product_cat","embeddable":true,"href":"https:\/\/www.headshop.nl\/pt\/wp-json\/wp\/v2\/product_cat?post=35749"},{"taxonomy":"product_tag","embeddable":true,"href":"https:\/\/www.headshop.nl\/pt\/wp-json\/wp\/v2\/product_tag?post=35749"}],"curies":[{"name":"wp","href":"https:\/\/api.w.org\/{rel}","templated":true}]}}