{"id":35745,"date":"2021-08-17T07:34:08","date_gmt":"2021-08-17T07:34:08","guid":{"rendered":"https:\/\/www.headshop.nl\/?post_type=product&#038;p=35745"},"modified":"2025-12-31T01:26:25","modified_gmt":"2025-12-31T01:26:25","slug":"heavenly-e-happycaps","status":"publish","type":"product","link":"https:\/\/www.headshop.nl\/pt\/heavenly-e-happycaps\/","title":{"rendered":"Heavenly E Happy Caps"},"content":{"rendered":"<h2>4 Partypills de Heavenly E de HappyCaps<\/h2>\n<p>Relaxing \u00e9 f\u00e1cil quando se sabe o que fazer. As c\u00e1psulas Heavenly E da Happy Caps s\u00e3o ideais para uma noite de bem-estar consigo pr\u00f3prio e com a sua vida! Estes potentes comprimidos naturais v\u00e3o faz\u00ea-lo sentir-se relaxado, aliviar o stress e fazer com que os sentimentos positivos fluam por todas as partes do seu corpo - bem como melhorar o humor em geral com uma dose saud\u00e1vel de sentimentos calmantes.<\/p>\n<p>Esque\u00e7a todos os problemas que possam estar no seu prato: desfrute desta noite de folga sem nunca mais se preocupar porque esta c\u00e1psula pode livrar-se de qualquer coisa negativa ou stressante que lhe seja atirada como um verdadeiro chefe!<\/p>\n<p>Este sedativo \u00e9 uma \u00f3ptima alternativa para quem procura relaxar ao fim do dia. N\u00e3o o vai deixar pregui\u00e7oso, mas vai colocar a sua mente num lugar calmo onde todas as preocupa\u00e7\u00f5es parecem nada.<\/p>\n<p>Este comprimido proporciona um al\u00edvio do stress e at\u00e9 alguma energia! As melhores pr\u00e1ticas incluem noites aconchegantes a s\u00f3s ou com amigos\/fam\u00edlia; este suplemento de ervas pode ser exatamente o que precisa depois de um longo e duro dia em que tudo parece demasiado - liberte-se desse peso sobre os seus ombros.<\/p>","protected":false},"excerpt":{"rendered":"<p>As c\u00e1psulas Heavenly E da Happy Caps v\u00e3o faz\u00ea-lo sentir como se todas as suas preocupa\u00e7\u00f5es tivessem desaparecido. A f\u00f3rmula \u00e9 feita com ingredientes naturais e garante que o stress n\u00e3o se apodere de si, ao mesmo tempo que melhora o seu humor e levanta a moral!<\/p>","protected":false},"featured_media":47986,"template":"","meta":[],"product_brand":[],"product_cat":[386,297,707,409,396,413,384],"product_tag":[],"class_list":{"0":"post-35745","1":"product","2":"type-product","3":"status-publish","4":"has-post-thumbnail","6":"product_cat-party-pills","7":"product_cat-all-products","8":"product_cat-buy-xtc","9":"product_cat-happy-caps","10":"product_cat-relax","11":"product_cat-relax-pills","12":"product_cat-smartshop","14":"first","15":"instock","16":"taxable","17":"shipping-taxable","18":"purchasable","19":"product-type-variable","20":"has-default-attributes"},"_links":{"self":[{"href":"https:\/\/www.headshop.nl\/pt\/wp-json\/wp\/v2\/product\/35745","targetHints":{"allow":["GET"]}}],"collection":[{"href":"https:\/\/www.headshop.nl\/pt\/wp-json\/wp\/v2\/product"}],"about":[{"href":"https:\/\/www.headshop.nl\/pt\/wp-json\/wp\/v2\/types\/product"}],"wp:featuredmedia":[{"embeddable":true,"href":"https:\/\/www.headshop.nl\/pt\/wp-json\/wp\/v2\/media\/47986"}],"wp:attachment":[{"href":"https:\/\/www.headshop.nl\/pt\/wp-json\/wp\/v2\/media?parent=35745"}],"wp:term":[{"taxonomy":"product_brand","embeddable":true,"href":"https:\/\/www.headshop.nl\/pt\/wp-json\/wp\/v2\/product_brand?post=35745"},{"taxonomy":"product_cat","embeddable":true,"href":"https:\/\/www.headshop.nl\/pt\/wp-json\/wp\/v2\/product_cat?post=35745"},{"taxonomy":"product_tag","embeddable":true,"href":"https:\/\/www.headshop.nl\/pt\/wp-json\/wp\/v2\/product_tag?post=35745"}],"curies":[{"name":"wp","href":"https:\/\/api.w.org\/{rel}","templated":true}]}}