{"id":35741,"date":"2021-08-17T07:33:56","date_gmt":"2021-08-17T07:33:56","guid":{"rendered":"https:\/\/www.headshop.nl\/?post_type=product&#038;p=35741"},"modified":"2025-06-06T06:34:21","modified_gmt":"2025-06-06T06:34:21","slug":"atomic-partypills","status":"publish","type":"product","link":"https:\/\/www.headshop.nl\/pt\/atomic-partypills\/","title":{"rendered":"Atomic Partypills"},"content":{"rendered":"<h2>6 Atomic Partypills a partir de HPA<\/h2>\n<p>J\u00e1 alguma vez se sentiu t\u00e3o cheio de energia que as pessoas \u00e0 sua volta sentiram a sua vibra\u00e7\u00e3o? Bem, estes comprimidos dar-lhe-\u00e3o horas de festa ininterrupta e cheia de energia! Oferecem um impulso \u00e0 mente e ao corpo para qualquer ocasi\u00e3o. Quer seja porque o trabalho esgotou toda a sua resist\u00eancia ou porque quer apenas festejar mais com os amigos - este comprimido \u00e9 perfeito para qualquer altura de uma noite!<\/p>\n<p>Como o nome sugere, se est\u00e1 \u00e0 procura de uma bomba energ\u00e9tica, ent\u00e3o n\u00e3o procure mais do que Atomic Party Pills. Este incr\u00edvel suplemento cont\u00e9m ingredientes encontrados naturalmente que podem ajudar a melhorar as capacidades cognitivas, como a concentra\u00e7\u00e3o, ao mesmo tempo que d\u00e1 aos utilizadores explos\u00f5es duradouras de energia ao longo do dia, sem ter de sofrer um colapso devido aos seus efeitos mais tarde.<\/p>\n<p>Estes comprimidos para festas t\u00eam o potencial de ser uma verdadeira bomba energ\u00e9tica e est\u00e3o carregados de ingredientes naturais que podem aumentar as suas capacidades cognitivas. Se est\u00e1 \u00e0 procura de uma festa a s\u00e9rio, estes comprimidos v\u00e3o certamente servir!<\/p>","protected":false},"excerpt":{"rendered":"<p>Se est\u00e1 \u00e0 procura de uma forma r\u00e1pida e f\u00e1cil de obter a energia de uma bomba at\u00f3mica, ent\u00e3o os comprimidos para festas Atomic s\u00e3o o que precisa! Estes comprimidos n\u00e3o s\u00f3 aumentam as suas capacidades cognitivas, como tamb\u00e9m cont\u00eam ingredientes naturais que podem ajudar a manter afastadas as ressacas inc\u00f3modas. Quando se trata de festejar muito ou de ficar acordado at\u00e9 tarde a estudar para os exames, estas c\u00e1psulas nocturnas s\u00e3o t\u00e3o \u00fateis no campus como em qualquer outra ocasi\u00e3o - por isso, experimente-as hoje mesmo!<\/p>","protected":false},"featured_media":35828,"template":"","meta":[],"product_brand":[],"product_cat":[386,297,707,411,494,397,384],"product_tag":[],"class_list":{"0":"post-35741","1":"product","2":"type-product","3":"status-publish","4":"has-post-thumbnail","6":"product_cat-party-pills","7":"product_cat-all-products","8":"product_cat-buy-xtc","9":"product_cat-energy-pills","10":"product_cat-hpa","11":"product_cat-party","12":"product_cat-smartshop","13":"product_shipping_class-not-allowed-group-1","15":"first","16":"instock","17":"taxable","18":"shipping-taxable","19":"purchasable","20":"product-type-variable","21":"has-default-attributes"},"_links":{"self":[{"href":"https:\/\/www.headshop.nl\/pt\/wp-json\/wp\/v2\/product\/35741","targetHints":{"allow":["GET"]}}],"collection":[{"href":"https:\/\/www.headshop.nl\/pt\/wp-json\/wp\/v2\/product"}],"about":[{"href":"https:\/\/www.headshop.nl\/pt\/wp-json\/wp\/v2\/types\/product"}],"wp:featuredmedia":[{"embeddable":true,"href":"https:\/\/www.headshop.nl\/pt\/wp-json\/wp\/v2\/media\/35828"}],"wp:attachment":[{"href":"https:\/\/www.headshop.nl\/pt\/wp-json\/wp\/v2\/media?parent=35741"}],"wp:term":[{"taxonomy":"product_brand","embeddable":true,"href":"https:\/\/www.headshop.nl\/pt\/wp-json\/wp\/v2\/product_brand?post=35741"},{"taxonomy":"product_cat","embeddable":true,"href":"https:\/\/www.headshop.nl\/pt\/wp-json\/wp\/v2\/product_cat?post=35741"},{"taxonomy":"product_tag","embeddable":true,"href":"https:\/\/www.headshop.nl\/pt\/wp-json\/wp\/v2\/product_tag?post=35741"}],"curies":[{"name":"wp","href":"https:\/\/api.w.org\/{rel}","templated":true}]}}