{"id":35737,"date":"2021-08-17T07:33:52","date_gmt":"2021-08-17T07:33:52","guid":{"rendered":"https:\/\/www.headshop.nl\/?post_type=product&#038;p=35737"},"modified":"2025-12-31T01:26:25","modified_gmt":"2025-12-31T01:26:25","slug":"party-e-happycaps","status":"publish","type":"product","link":"https:\/\/www.headshop.nl\/pt\/party-e-happycaps\/","title":{"rendered":"Party E Happy Caps"},"content":{"rendered":"<h2>4 Partypills de Party E da HappyCaps<\/h2>\n<p>As c\u00e1psulas Party E da Happy Caps foram especialmente desenvolvidas para lhe proporcionar uma noite fant\u00e1stica. Com as p\u00edlulas Party E, voc\u00ea fornece mais energia e disposi\u00e7\u00e3o para uma festa divertida tudo-em-um! E sim, tamb\u00e9m s\u00e3o legais - por isso n\u00e3o precisa de se preocupar em arranjar problemas com aquele pol\u00edcia chato que est\u00e1 em sua casa.<\/p>\n<p>Talvez seja altura de apimentar a tua vida social e se queres uma forma \u00e0 base de plantas que te d\u00ea muita energia para quando a festa estiver a decorrer - n\u00e3o procures mais! O estimulante do humor mais socialmente envolvente \u00e9 tamb\u00e9m uma \u00f3ptima alternativa, uma vez que se adapta \u00e0 quantidade de festas que faz. Este comprimido estimula a euforia em qualquer festa, refor\u00e7ando-te com muitas ervas diferentes como a folha Damiana e Passion Flower Extract.<\/p>\n<p>Se est\u00e1s \u00e0 procura de uma festa como se n\u00e3o houvesse amanh\u00e3, n\u00e3o procures mais do que este estimulante de humor! Esta alternativa \u00e0 base de plantas manter\u00e1 a tua energia a fluir e dar-te-\u00e1 muita euforia.<\/p>","protected":false},"excerpt":{"rendered":"<p>Hora do Party! As c\u00e1psulas Party E da Happy Caps t\u00eam tudo o que \u00e9 necess\u00e1rio para uma noite em grande. Com as p\u00edlulas, voc\u00ea fornecer\u00e1 mais energia e se sentir\u00e1 melhor em geral, al\u00e9m de ter uma festa incr\u00edvel com todos os seus amigos. Al\u00e9m disso, s\u00e3o de base natural, o que \u00e9 uma not\u00edcia ainda melhor, para al\u00e9m de serem legais tamb\u00e9m!<\/p>","protected":false},"featured_media":47988,"template":"","meta":[],"product_brand":[],"product_cat":[386,297,707,411,409,397,384],"product_tag":[],"class_list":{"0":"post-35737","1":"product","2":"type-product","3":"status-publish","4":"has-post-thumbnail","6":"product_cat-party-pills","7":"product_cat-all-products","8":"product_cat-buy-xtc","9":"product_cat-energy-pills","10":"product_cat-happy-caps","11":"product_cat-party","12":"product_cat-smartshop","14":"first","15":"instock","16":"taxable","17":"shipping-taxable","18":"purchasable","19":"product-type-variable","20":"has-default-attributes"},"_links":{"self":[{"href":"https:\/\/www.headshop.nl\/pt\/wp-json\/wp\/v2\/product\/35737","targetHints":{"allow":["GET"]}}],"collection":[{"href":"https:\/\/www.headshop.nl\/pt\/wp-json\/wp\/v2\/product"}],"about":[{"href":"https:\/\/www.headshop.nl\/pt\/wp-json\/wp\/v2\/types\/product"}],"wp:featuredmedia":[{"embeddable":true,"href":"https:\/\/www.headshop.nl\/pt\/wp-json\/wp\/v2\/media\/47988"}],"wp:attachment":[{"href":"https:\/\/www.headshop.nl\/pt\/wp-json\/wp\/v2\/media?parent=35737"}],"wp:term":[{"taxonomy":"product_brand","embeddable":true,"href":"https:\/\/www.headshop.nl\/pt\/wp-json\/wp\/v2\/product_brand?post=35737"},{"taxonomy":"product_cat","embeddable":true,"href":"https:\/\/www.headshop.nl\/pt\/wp-json\/wp\/v2\/product_cat?post=35737"},{"taxonomy":"product_tag","embeddable":true,"href":"https:\/\/www.headshop.nl\/pt\/wp-json\/wp\/v2\/product_tag?post=35737"}],"curies":[{"name":"wp","href":"https:\/\/api.w.org\/{rel}","templated":true}]}}