{"id":35735,"date":"2021-08-17T07:33:50","date_gmt":"2021-08-17T07:33:50","guid":{"rendered":"https:\/\/www.headshop.nl\/?post_type=product&#038;p=35735"},"modified":"2025-12-31T01:26:25","modified_gmt":"2025-12-31T01:26:25","slug":"euphory-e-happycaps","status":"publish","type":"product","link":"https:\/\/www.headshop.nl\/pt\/euphory-e-happycaps\/","title":{"rendered":"Euphory E Happy Caps"},"content":{"rendered":"<h2>4 Partypills de Euphory E da HappyCaps<\/h2>\n<p>O Euphory E n\u00e3o \u00e9 o t\u00edpico comprimido para festas. Este suplemento de ervas d\u00e1-te uma sensa\u00e7\u00e3o de euforia, que pode ser o que algumas pessoas precisam para tornar a sua noite ainda mais especial!<\/p>\n<p>Os comprimidos para festas Euphory E da Happy Caps tornar\u00e3o a sua pr\u00f3xima noite inesquec\u00edvel. A f\u00f3rmula natural \u00e0 base de ervas proporciona uma sensa\u00e7\u00e3o agrad\u00e1vel e energ\u00e9tica que \u00e9 acompanhada de grande satisfa\u00e7\u00e3o, pelo que pode usar estas c\u00e1psulas na festa para tornar o ambiente ainda mais bonito do que j\u00e1 \u00e9.<\/p>\n<p>Euphory E \u00e9 um comprimido para festas que far\u00e1 com que a tua noite passe de boa a \u00f3ptima! Tem estimulantes de humor para aqueles que precisam de um empurr\u00e3o extra e ajuda-o a sentir-se mais confiante nas festividades. Se \u00e9 isto que procuras para esta ocasi\u00e3o especial, Euphory E \u00e9 a escolha certa.<\/p>","protected":false},"excerpt":{"rendered":"<p>Os comprimidos para festas Euphory E s\u00e3o a forma perfeita de desfrutar de qualquer evento. A f\u00f3rmula natural \u00e0 base de ervas proporciona uma sensa\u00e7\u00e3o agrad\u00e1vel e energ\u00e9tica que \u00e9 acompanhada por uma grande satisfa\u00e7\u00e3o, para que se possa sentir fant\u00e1stico na sua pr\u00f3xima reuni\u00e3o social sem ter de se preocupar com a depend\u00eancia ou outros efeitos secund\u00e1rios.<\/p>","protected":false},"featured_media":47982,"template":"","meta":[],"product_brand":[],"product_cat":[386,297,707,411,409,384],"product_tag":[],"class_list":{"0":"post-35735","1":"product","2":"type-product","3":"status-publish","4":"has-post-thumbnail","6":"product_cat-party-pills","7":"product_cat-all-products","8":"product_cat-buy-xtc","9":"product_cat-energy-pills","10":"product_cat-happy-caps","11":"product_cat-smartshop","12":"product_shipping_class-not-allowed-group-1","14":"first","15":"instock","16":"taxable","17":"shipping-taxable","18":"purchasable","19":"product-type-variable","20":"has-default-attributes"},"_links":{"self":[{"href":"https:\/\/www.headshop.nl\/pt\/wp-json\/wp\/v2\/product\/35735","targetHints":{"allow":["GET"]}}],"collection":[{"href":"https:\/\/www.headshop.nl\/pt\/wp-json\/wp\/v2\/product"}],"about":[{"href":"https:\/\/www.headshop.nl\/pt\/wp-json\/wp\/v2\/types\/product"}],"wp:featuredmedia":[{"embeddable":true,"href":"https:\/\/www.headshop.nl\/pt\/wp-json\/wp\/v2\/media\/47982"}],"wp:attachment":[{"href":"https:\/\/www.headshop.nl\/pt\/wp-json\/wp\/v2\/media?parent=35735"}],"wp:term":[{"taxonomy":"product_brand","embeddable":true,"href":"https:\/\/www.headshop.nl\/pt\/wp-json\/wp\/v2\/product_brand?post=35735"},{"taxonomy":"product_cat","embeddable":true,"href":"https:\/\/www.headshop.nl\/pt\/wp-json\/wp\/v2\/product_cat?post=35735"},{"taxonomy":"product_tag","embeddable":true,"href":"https:\/\/www.headshop.nl\/pt\/wp-json\/wp\/v2\/product_tag?post=35735"}],"curies":[{"name":"wp","href":"https:\/\/api.w.org\/{rel}","templated":true}]}}