{"id":35733,"date":"2021-08-17T07:33:49","date_gmt":"2021-08-17T07:33:49","guid":{"rendered":"https:\/\/www.headshop.nl\/?post_type=product&#038;p=35733"},"modified":"2022-09-19T14:06:37","modified_gmt":"2022-09-19T14:06:37","slug":"dance-e-happycaps","status":"publish","type":"product","link":"https:\/\/www.headshop.nl\/pt\/dance-e-happycaps\/","title":{"rendered":"Dance E Happy Caps"},"content":{"rendered":"<h2>4 Partypills de Dance E de HappyCaps<\/h2>\n<p>Dan\u00e7a toda a noite com estes comprimidos para festas Dance E da Happy Caps. Ir\u00e1s desfrutar de um enorme aumento de energia e, como sempre, podes esperar que o teu humor melhore significativamente! Para al\u00e9m disso, as c\u00e1psulas s\u00e3o completamente naturais, por isso n\u00e3o h\u00e1 preocupa\u00e7\u00f5es de que algo artificial seja introduzido neste produto.<\/p>\n<p>Poucos minutos depois de tomar uma ou duas c\u00e1psulas (dependendo da quantidade de dan\u00e7a que deseja), come\u00e7a a fazer maravilhas no seu corpo - dando um impulso de energia e melhorando o seu humor.<\/p>\n<p>Imagina os sons das batidas do DJ a pulsar nas tuas veias e consegues sentir aquelas vibra\u00e7\u00f5es felizes e festivas. Talvez n\u00e3o te tenhas apercebido de que todos estes problemas do trabalho te estavam a afetar at\u00e9 agora! \u00c9 por isso que \u00e9 imperativo manter a energia o mais alto poss\u00edvel com esta p\u00edlula euf\u00f3rica para que a divers\u00e3o n\u00e3o pare \u00e0 meia-noite!<\/p>","protected":false},"excerpt":{"rendered":"<p>Todas as festas precisam de um pouco mais de energia! E com estas c\u00e1psulas Happy Caps Dance E, n\u00e3o precisa de se preocupar com a perda de energia. Estes comprimidos v\u00e3o dar-lhe o impulso de motiva\u00e7\u00e3o e alegria que a sua pista de dan\u00e7a tem estado a desejar durante toda a noite, por isso continue at\u00e9 ao fim! Bata os p\u00e9s como um louco!<\/p>","protected":false},"featured_media":47978,"template":"","meta":[],"product_brand":[],"product_cat":[386,297,707,411,409,397,384],"product_tag":[],"class_list":{"0":"post-35733","1":"product","2":"type-product","3":"status-publish","4":"has-post-thumbnail","6":"product_cat-party-pills","7":"product_cat-all-products","8":"product_cat-buy-xtc","9":"product_cat-energy-pills","10":"product_cat-happy-caps","11":"product_cat-party","12":"product_cat-smartshop","14":"first","15":"instock","16":"taxable","17":"shipping-taxable","18":"purchasable","19":"product-type-variable","20":"has-default-attributes"},"_links":{"self":[{"href":"https:\/\/www.headshop.nl\/pt\/wp-json\/wp\/v2\/product\/35733","targetHints":{"allow":["GET"]}}],"collection":[{"href":"https:\/\/www.headshop.nl\/pt\/wp-json\/wp\/v2\/product"}],"about":[{"href":"https:\/\/www.headshop.nl\/pt\/wp-json\/wp\/v2\/types\/product"}],"wp:featuredmedia":[{"embeddable":true,"href":"https:\/\/www.headshop.nl\/pt\/wp-json\/wp\/v2\/media\/47978"}],"wp:attachment":[{"href":"https:\/\/www.headshop.nl\/pt\/wp-json\/wp\/v2\/media?parent=35733"}],"wp:term":[{"taxonomy":"product_brand","embeddable":true,"href":"https:\/\/www.headshop.nl\/pt\/wp-json\/wp\/v2\/product_brand?post=35733"},{"taxonomy":"product_cat","embeddable":true,"href":"https:\/\/www.headshop.nl\/pt\/wp-json\/wp\/v2\/product_cat?post=35733"},{"taxonomy":"product_tag","embeddable":true,"href":"https:\/\/www.headshop.nl\/pt\/wp-json\/wp\/v2\/product_tag?post=35733"}],"curies":[{"name":"wp","href":"https:\/\/api.w.org\/{rel}","templated":true}]}}