{"id":35636,"date":"2021-08-17T06:41:42","date_gmt":"2021-08-17T06:41:42","guid":{"rendered":"https:\/\/www.headshop.nl\/?post_type=product&#038;p=35636"},"modified":"2025-12-31T01:26:25","modified_gmt":"2025-12-31T01:26:25","slug":"energy-e-happycaps","status":"publish","type":"product","link":"https:\/\/www.headshop.nl\/pt\/energy-e-happycaps\/","title":{"rendered":"Energy E Happy Caps"},"content":{"rendered":"<h2>4 Partypills de Energy E da HappyCaps<\/h2>\n<p>A noite ainda \u00e9 jovem quando a festa come\u00e7a a ficar um pouco aborrecida. Est\u00e1 na altura de ter algum combust\u00edvel e energia extra, mas para onde se virar? Bem, felizmente existem estas c\u00e1psulas Energy E que ajudar\u00e3o a dar um novo sentido \u00e0 tua vida ou, pelo menos, a manter todos os teus convidados entretidos at\u00e9 estarem prontos para ir para casa!<\/p>\n<p>Estas HappyCaps cont\u00eam ervas naturais que proporcionam um est\u00edmulo instant\u00e2neo sem a sensa\u00e7\u00e3o de nervosismo que a maioria dos outros suplementos provoca. Ent\u00e3o, de que estamos \u00e0 espera?! Pegue numa agora, antes que seja tarde demais - este pode ser apenas o bilhete necess\u00e1rio para tornar esta noite uma aventura cheia de divers\u00e3o com mem\u00f3rias duradouras!<\/p>\n<p>N\u00e3o procures mais se est\u00e1s \u00e0 procura de um impulso de energia! Esta alternativa \u00e0 base de ervas para festas dar-lhe-\u00e1 a carga necess\u00e1ria para ultrapassar qualquer noite de festa. Algumas pessoas tamb\u00e9m podem recorrer a estes comprimidos quando precisam de ajuda para se concentrarem nas tarefas do trabalho ou da escola. Seja qual for o seu plano para este fim de semana - desde que envolva (voc\u00ea) estar alerta e pronto para ir - estes comprimidos para festas s\u00e3o perfeitos para preparar horas de divers\u00e3o!<\/p>","protected":false},"excerpt":{"rendered":"<p>A \u00fanica coisa pior do que estar numa festa e sentir-se cansado \u00e9 quando o seu n\u00edvel de energia come\u00e7a a diminuir. A f\u00f3rmula natural \u00e0 base de plantas do Energy E Happy Caps garante que tem energia durante toda a noite, por isso, por mais tarde que seja, pode continuar a dan\u00e7ar como se ningu\u00e9m estivesse a ver!<\/p>","protected":false},"featured_media":47980,"template":"","meta":[],"product_brand":[],"product_cat":[386,297,707,411,409,397,384],"product_tag":[],"class_list":{"0":"post-35636","1":"product","2":"type-product","3":"status-publish","4":"has-post-thumbnail","6":"product_cat-party-pills","7":"product_cat-all-products","8":"product_cat-buy-xtc","9":"product_cat-energy-pills","10":"product_cat-happy-caps","11":"product_cat-party","12":"product_cat-smartshop","14":"first","15":"instock","16":"taxable","17":"shipping-taxable","18":"purchasable","19":"product-type-variable","20":"has-default-attributes"},"_links":{"self":[{"href":"https:\/\/www.headshop.nl\/pt\/wp-json\/wp\/v2\/product\/35636","targetHints":{"allow":["GET"]}}],"collection":[{"href":"https:\/\/www.headshop.nl\/pt\/wp-json\/wp\/v2\/product"}],"about":[{"href":"https:\/\/www.headshop.nl\/pt\/wp-json\/wp\/v2\/types\/product"}],"wp:featuredmedia":[{"embeddable":true,"href":"https:\/\/www.headshop.nl\/pt\/wp-json\/wp\/v2\/media\/47980"}],"wp:attachment":[{"href":"https:\/\/www.headshop.nl\/pt\/wp-json\/wp\/v2\/media?parent=35636"}],"wp:term":[{"taxonomy":"product_brand","embeddable":true,"href":"https:\/\/www.headshop.nl\/pt\/wp-json\/wp\/v2\/product_brand?post=35636"},{"taxonomy":"product_cat","embeddable":true,"href":"https:\/\/www.headshop.nl\/pt\/wp-json\/wp\/v2\/product_cat?post=35636"},{"taxonomy":"product_tag","embeddable":true,"href":"https:\/\/www.headshop.nl\/pt\/wp-json\/wp\/v2\/product_tag?post=35636"}],"curies":[{"name":"wp","href":"https:\/\/api.w.org\/{rel}","templated":true}]}}