{"id":35611,"date":"2022-09-13T10:36:55","date_gmt":"2022-09-13T10:36:55","guid":{"rendered":"https:\/\/www.headshop.nl\/?post_type=product&#038;p=35611"},"modified":"2025-10-31T08:53:41","modified_gmt":"2025-10-31T08:53:41","slug":"chaga-extract-capsules","status":"publish","type":"product","link":"https:\/\/www.headshop.nl\/pt\/chaga-extract-capsules\/","title":{"rendered":"Chaga Extract Capsules"},"content":{"rendered":"<h2>O que \u00e9 o Chaga?<\/h2>\n<p>O Chaga (Inonotus obliquus) \u00e9 um cogumelo medicinal que se desenvolve em climas frios do Hemisf\u00e9rio Norte. Cresce principalmente em b\u00e9tulas, formando um exterior negro, semelhante ao carv\u00e3o, enquanto revela um rico interior cor de laranja. Muitas vezes chamado de \"ouro negro\" na R\u00fassia, o Chaga \u00e9 apreciado pelas suas not\u00e1veis propriedades de apoio \u00e0 sa\u00fade.<\/p>\n<p>Repleto de compostos ben\u00e9ficos, tais como polissac\u00e1ridos, betulina, \u00e1cido betul\u00ednico e ester\u00f3is, o Chaga tem sido tradicionalmente utilizado para promover o bem-estar geral. As nossas c\u00e1psulas de Chaga cont\u00eam um extrato de alta qualidade de espetro total do corpo de frutifica\u00e7\u00e3o do cogumelo, garantindo uma efic\u00e1cia m\u00e1xima.<\/p>\n<h2>Hist\u00f3ria do Chaga<\/h2>\n<p>O Chaga \u00e9 utilizado h\u00e1 s\u00e9culos, nomeadamente na medicina popular siberiana e russa. As comunidades ind\u00edgenas da Sib\u00e9ria preparavam ch\u00e1 de Chaga para melhorar a resist\u00eancia e a sa\u00fade em geral. Na medicina tradicional chinesa, foi reconhecido como um adaptog\u00e9nio, ajudando o corpo a gerir o stress e a fadiga.<\/p>\n<p>A investiga\u00e7\u00e3o moderna destaca os compostos bioactivos do Chaga, refor\u00e7ando o seu papel no bem-estar hol\u00edstico. Com a sua rica concentra\u00e7\u00e3o de polissac\u00e1ridos, betulina e \u00e1cido betul\u00ednico, o Chaga continua a ser um rem\u00e9dio natural popular, conhecido pelas suas propriedades de apoio imunit\u00e1rio e antioxidantes.<\/p>\n<h2>Como utilizar o Chaga<\/h2>\n<p>Adicionar o Chaga \u00e0 sua rotina di\u00e1ria \u00e9 simples e eficaz. Cada c\u00e1psula cont\u00e9m 400 mg de extrato de Chaga org\u00e2nico de primeira qualidade, enriquecido com Vitamina C e Zinco para maiores benef\u00edcios.<\/p>\n<p>A dose recomendada \u00e9 de duas c\u00e1psulas por dia, tomadas \u00e0s refei\u00e7\u00f5es e com \u00e1gua. Para obter melhores resultados, a consist\u00eancia \u00e9 fundamental. O Chaga pode tamb\u00e9m ser combinado com outros cogumelos medicinais para uma abordagem mais abrangente do bem-estar. Estas c\u00e1psulas, que n\u00e3o prejudicam os veganos, s\u00e3o f\u00e1ceis de tomar e adequadas para uso di\u00e1rio.<\/p>\n<h2>Ingredientes de Chaga Capsules<\/h2>\n<p>Cada c\u00e1psula vegana \u00e9 formulada com 400 mg de extrato org\u00e2nico Chaga, proveniente exclusivamente do corpo de frutifica\u00e7\u00e3o (escler\u00f3cio) do cogumelo. O extrato de espetro total \u00e9 submetido a extra\u00e7\u00e3o com \u00e1gua e etanol para maximizar a biodisponibilidade.<\/p>\n<p>A f\u00f3rmula \u00e9 ainda enriquecida com Vitamina C e Zinco, ambos conhecidos pelas suas propriedades de refor\u00e7o do sistema imunit\u00e1rio. A vitamina C apoia o metabolismo energ\u00e9tico, enquanto o zinco contribui para um sistema imunit\u00e1rio saud\u00e1vel e para a vitalidade geral. Os ingredientes adicionais incluem citrato de magn\u00e9sio e di\u00f3xido de sil\u00edcio para a estabilidade da c\u00e1psula.<\/p>\n<p><strong>Aviso<\/strong><\/p>\n<p>Chaga by McMyco \u00e9 um suplemento alimentar e deve ser utilizado em conformidade. Manter fora do alcance das crian\u00e7as. Consultar um profissional de sa\u00fade antes da utiliza\u00e7\u00e3o se estiver gr\u00e1vida, a amamentar ou se tiver problemas de sa\u00fade subjacentes. N\u00e3o exceder a dose di\u00e1ria recomendada.<\/p>","protected":false},"excerpt":{"rendered":"<p>O Chaga, tamb\u00e9m conhecido como o diamante da floresta, \u00e9 utilizado h\u00e1 s\u00e9culos para apoiar a imunidade e combater os v\u00edrus. O Chaga cont\u00e9m fortes antioxidantes que podem ajudar a combater certas formas de cancro devido aos \u00e1cidos betul\u00ednicos, ergosterol, fecosterol e epsterol encontrados na sua superf\u00edcie, tais como as cumarinas que se pensa serem cancer\u00edgenas ou anticancer\u00edgenas em doses elevadas.<\/p>","protected":false},"featured_media":87983,"template":"","meta":[],"product_brand":[],"product_cat":[813,297,461,455,630,462,404,398,399,384,458,456],"product_tag":[978],"class_list":{"0":"post-35611","1":"product","2":"type-product","3":"status-publish","4":"has-post-thumbnail","6":"product_cat-mcmyco","7":"product_cat-all-products","8":"product_cat-detox","9":"product_cat-healthshop","10":"product_cat-healthshop-top-10","11":"product_cat-medicinal-mushrooms-healthshop","12":"product_cat-medicinal-mushrooms-supplements","13":"product_cat-mushrooms","14":"product_cat-shroomshop","15":"product_cat-smartshop","16":"product_cat-superfoods","17":"product_cat-supplements","18":"product_tag-shrdeal","19":"product_shipping_class-creditcard-on","21":"first","22":"instock","23":"taxable","24":"shipping-taxable","25":"purchasable","26":"product-type-variable","27":"has-default-attributes"},"_links":{"self":[{"href":"https:\/\/www.headshop.nl\/pt\/wp-json\/wp\/v2\/product\/35611","targetHints":{"allow":["GET"]}}],"collection":[{"href":"https:\/\/www.headshop.nl\/pt\/wp-json\/wp\/v2\/product"}],"about":[{"href":"https:\/\/www.headshop.nl\/pt\/wp-json\/wp\/v2\/types\/product"}],"wp:featuredmedia":[{"embeddable":true,"href":"https:\/\/www.headshop.nl\/pt\/wp-json\/wp\/v2\/media\/87983"}],"wp:attachment":[{"href":"https:\/\/www.headshop.nl\/pt\/wp-json\/wp\/v2\/media?parent=35611"}],"wp:term":[{"taxonomy":"product_brand","embeddable":true,"href":"https:\/\/www.headshop.nl\/pt\/wp-json\/wp\/v2\/product_brand?post=35611"},{"taxonomy":"product_cat","embeddable":true,"href":"https:\/\/www.headshop.nl\/pt\/wp-json\/wp\/v2\/product_cat?post=35611"},{"taxonomy":"product_tag","embeddable":true,"href":"https:\/\/www.headshop.nl\/pt\/wp-json\/wp\/v2\/product_tag?post=35611"}],"curies":[{"name":"wp","href":"https:\/\/api.w.org\/{rel}","templated":true}]}}