{"id":35552,"date":"2024-08-12T11:39:30","date_gmt":"2024-08-12T11:39:30","guid":{"rendered":"https:\/\/www.headshop.nl\/?post_type=product&#038;p=35552"},"modified":"2026-03-28T01:26:15","modified_gmt":"2026-03-28T01:26:15","slug":"high-hawaiians-magic-truffles","status":"publish","type":"product","link":"https:\/\/www.headshop.nl\/pt\/high-hawaiians-magic-truffles\/","title":{"rendered":"High Hawaiians"},"content":{"rendered":"<h2 class=\"\" dir=\"auto\">O que s\u00e3o as trufas m\u00e1gicas High Hawaiians?<\/h2>\n<p class=\"break-words\" dir=\"auto\">As trufas m\u00e1gicas High Hawaiians s\u00e3o escler\u00f3cios, uma densa rede de mic\u00e9lio formada no subsolo por fungos espec\u00edficos quando condi\u00e7\u00f5es como temperaturas mais frias e maior humidade atrasam o crescimento dos cogumelos. Estas trufas armazenam nutrientes, permitindo que os cogumelos brotem mais tarde quando as condi\u00e7\u00f5es melhoram, e cont\u00eam psilocibina, que se converte em psilocina no corpo, afectando os n\u00edveis de serotonina para alucina\u00e7\u00f5es v\u00edvidas e percep\u00e7\u00f5es alteradas.<\/p>\n<p class=\"break-words\" dir=\"auto\">Reconhecido pela sua pot\u00eancia, o High Hawaiians \u00e9 preferido por utilizadores experientes que procuram experi\u00eancias psicad\u00e9licas profundas, com efeitos que variam de acordo com a dosagem e a sensibilidade individual, oferecendo percep\u00e7\u00f5es visuais, emocionais e filos\u00f3ficas. O seu perfil nutricional, incluindo energia, prote\u00ednas e minerais, complementa as suas propriedades psicoactivas, tornando-as num consum\u00edvel \u00fanico que promove a autodescoberta e uma liga\u00e7\u00e3o mais profunda ao mundo.<\/p>\n<h2 class=\"\" dir=\"auto\">Hist\u00f3ria das Trufas M\u00e1gicas High Hawaiians<\/h2>\n<p class=\"break-words\" dir=\"auto\">A utiliza\u00e7\u00e3o de trufas m\u00e1gicas, incluindo a High Hawaiians, remonta a culturas antigas da Am\u00e9rica Central e do Sul, onde os fungos contendo psilocibina eram utilizados em rituais espirituais e xam\u00e2nicos para estabelecer liga\u00e7\u00f5es com o divino. Na era moderna, as trufas m\u00e1gicas ganharam for\u00e7a nos Pa\u00edses Baixos, onde continuam a ser legais devido a uma distin\u00e7\u00e3o dos cogumelos, com a estirpe Psilocybe Tampelandia do High Hawaiians a destacar-se pela sua not\u00e1vel pot\u00eancia.<\/p>\n<p class=\"break-words\" dir=\"auto\">Cultivadas para reproduzir a forma\u00e7\u00e3o natural de escler\u00f3cios, as High Hawaiians ganharam popularidade durante o movimento psicad\u00e9lico do final do s\u00e9culo XX, reflectindo uma mudan\u00e7a cultural para a explora\u00e7\u00e3o da consci\u00eancia. Atualmente, s\u00e3o mundialmente procuradas, combinando a sabedoria antiga com t\u00e9cnicas de cultivo modernas para proporcionar uma experi\u00eancia consistente e poderosa aos psiconautas.<\/p>\n<h2 class=\"\" dir=\"auto\">Como utilizar as trufas m\u00e1gicas High Hawaiians<\/h2>\n<p class=\"break-words\" dir=\"auto\">Para um consumo seguro, toma as Trufas M\u00e1gicas High Hawaiians num ambiente calmo e de confian\u00e7a, come\u00e7ando com metade de uma caixa de 25 gramas devido \u00e0 sua for\u00e7a, e avalia os efeitos ap\u00f3s 30-45 minutos antes de consumir mais. Mastigar bem para uma melhor absor\u00e7\u00e3o, ou preparar um ch\u00e1 ou uma sopa, de prefer\u00eancia com o est\u00f4mago vazio, com efeitos que atingem o pico 1-3 horas ap\u00f3s a ingest\u00e3o e desaparecem ap\u00f3s 5-6 horas.<\/p>\n<p class=\"break-words\" dir=\"auto\">Armazenar as trufas entre 2\u00b0C e 4\u00b0C num local escuro e fresco, e evitar a combina\u00e7\u00e3o com \u00e1lcool, medicamentos ou outras drogas; n\u00e3o utilizar se estiver gr\u00e1vida, a amamentar ou se tiver menos de 18 anos. Adequado para pessoas com boa sa\u00fade mental e f\u00edsica, uma pequena dose adicional pode aumentar os efeitos, mas nunca exceda uma caixa por sess\u00e3o para uma viagem segura e \u00fanica.<\/p>\n<h2 class=\"\" dir=\"auto\">Ingredientes das Trufas M\u00e1gicas High Hawaiians<\/h2>\n<p class=\"break-words\" dir=\"auto\">As trufas m\u00e1gicas High Hawaiians, derivadas da variedade Psilocybe Tampelandia, s\u00e3o ricas em psilocibina e psilocina, os compostos que provocam os seus efeitos alucinog\u00e9nios. Por cada 100 gramas, fornecem 464,7 kJ (110,5 kcal) de energia, 13,2 gramas de hidratos de carbono, 5,3 gramas de prote\u00ednas, 0,4 gramas de gordura e 16,7 gramas de fibra diet\u00e9tica, contribuindo para a sa\u00fade digestiva.<\/p>\n<p class=\"break-words\" dir=\"auto\">O seu conte\u00fado mineral inclui 210 mg de pot\u00e1ssio, 169,3 mg de f\u00f3sforo, 13,6 mg de s\u00f3dio, 12,5 mg de c\u00e1lcio e 0,7 mg de ferro, bem como 10 UI de vitamina D e 0,3 gramas de sal. Esta composi\u00e7\u00e3o natural de mic\u00e9lio garante um produto puro com valor psicoativo e nutricional.<\/p>\n<p dir=\"auto\"><strong>Aviso<\/strong><\/p>\n<p class=\"break-words\" dir=\"auto\">As Trufas M\u00e1gicas High Hawaiians cont\u00eam psilocibina e psilocina, alucinog\u00e9nios potentes que alteram a consci\u00eancia e os n\u00edveis de serotonina, causando altera\u00e7\u00f5es emocionais e perceptivas intensas. Usa com cuidado num ambiente seguro, especialmente se fores inexperiente, e mant\u00e9m-na afastada das crian\u00e7as devido aos seus efeitos poderosos.<\/p>\n<p class=\"break-words\" dir=\"auto\">Evita a sua utiliza\u00e7\u00e3o se tiveres problemas de sa\u00fade mental, problemas card\u00edacos ou pulmonares, diabetes, tens\u00e3o arterial alta ou baixa, se estiveres gr\u00e1vida ou a amamentar, e n\u00e3o mistures com outras subst\u00e2ncias ou exer\u00e7as actividades como a condu\u00e7\u00e3o. Consultar um profissional de sa\u00fade se n\u00e3o tiveres a certeza de que a tua utiliza\u00e7\u00e3o \u00e9 adequada.<\/p>","protected":false},"excerpt":{"rendered":"<p>N\u00e3o h\u00e1 como negar o poder das Trufas M\u00e1gicas High Hawaiians, por isso, cuidado com o comprador. Estas trufas m\u00e1gicas alucinog\u00e9nias s\u00e3o muito potentes e n\u00e3o s\u00e3o para psiconautas inexperientes! Os efeitos destas Psilocybe Tampelandia podem durar at\u00e9 8 horas, e a sua pot\u00eancia faria Albert Hoffman bater palmas se tivesse algumas por a\u00ed!<\/p>\n<p><strong>Experi\u00eancia completa: uma caixa, uma pessoa<\/strong><\/p>","protected":false},"featured_media":76255,"template":"","meta":[],"product_brand":[],"product_cat":[402,297,812,706,398,399,626,384,625,832],"product_tag":[1039],"class_list":{"0":"post-35552","1":"product","2":"type-product","3":"status-publish","4":"has-post-thumbnail","6":"product_cat-magic-truffles","7":"product_cat-all-products","8":"product_cat-mcsmart-truffles","9":"product_cat-microdosing-truffles","10":"product_cat-mushrooms","11":"product_cat-shroomshop","12":"product_cat-shroomshop-top-10","13":"product_cat-smartshop","14":"product_cat-smartshop-top-10","15":"product_cat-strong-magic-truffles","16":"product_tag-triple-deal","17":"product_shipping_class-group-7","19":"first","20":"instock","21":"taxable","22":"shipping-taxable","23":"purchasable","24":"product-type-variable","25":"has-default-attributes"},"_links":{"self":[{"href":"https:\/\/www.headshop.nl\/pt\/wp-json\/wp\/v2\/product\/35552","targetHints":{"allow":["GET"]}}],"collection":[{"href":"https:\/\/www.headshop.nl\/pt\/wp-json\/wp\/v2\/product"}],"about":[{"href":"https:\/\/www.headshop.nl\/pt\/wp-json\/wp\/v2\/types\/product"}],"wp:featuredmedia":[{"embeddable":true,"href":"https:\/\/www.headshop.nl\/pt\/wp-json\/wp\/v2\/media\/76255"}],"wp:attachment":[{"href":"https:\/\/www.headshop.nl\/pt\/wp-json\/wp\/v2\/media?parent=35552"}],"wp:term":[{"taxonomy":"product_brand","embeddable":true,"href":"https:\/\/www.headshop.nl\/pt\/wp-json\/wp\/v2\/product_brand?post=35552"},{"taxonomy":"product_cat","embeddable":true,"href":"https:\/\/www.headshop.nl\/pt\/wp-json\/wp\/v2\/product_cat?post=35552"},{"taxonomy":"product_tag","embeddable":true,"href":"https:\/\/www.headshop.nl\/pt\/wp-json\/wp\/v2\/product_tag?post=35552"}],"curies":[{"name":"wp","href":"https:\/\/api.w.org\/{rel}","templated":true}]}}